{"id":585,"date":"2015-02-03T20:10:24","date_gmt":"2015-02-03T20:10:24","guid":{"rendered":"https:\/\/remembrancewalk.ca\/?page_id=585"},"modified":"2023-06-21T20:06:30","modified_gmt":"2023-06-21T20:06:30","slug":"rest-day-in-valguernera","status":"publish","type":"page","link":"https:\/\/remembrancewalk.ca\/it\/rest-day-in-valguernera\/","title":{"rendered":"Giorno 12: Giornata di riposo a Valguarnera"},"content":{"rendered":"<div data-elementor-type=\"wp-page\" data-elementor-id=\"585\" class=\"elementor elementor-585\" data-elementor-post-type=\"page\">\n\t\t\t\t\t\t<section class=\"elementor-section elementor-top-section elementor-element elementor-element-20e546af elementor-section-boxed elementor-section-height-default elementor-section-height-default\" data-id=\"20e546af\" data-element_type=\"section\" data-e-type=\"section\">\n\t\t\t\t\t\t<div class=\"elementor-container elementor-column-gap-default\">\n\t\t\t\t\t<div class=\"elementor-column elementor-col-100 elementor-top-column elementor-element elementor-element-45524b03\" data-id=\"45524b03\" data-element_type=\"column\" data-e-type=\"column\">\n\t\t\t<div class=\"elementor-widget-wrap elementor-element-populated\">\n\t\t\t\t\t\t<div class=\"elementor-element elementor-element-7e089b72 elementor-widget elementor-widget-text-editor\" data-id=\"7e089b72\" data-element_type=\"widget\" data-e-type=\"widget\" data-widget_type=\"text-editor.default\">\n\t\t\t\t<div class=\"elementor-widget-container\">\n\t\t\t\t\t\t\t\t\t<p>Valguarnera Caropepe \u00e8 una splendida cittadina situata nella regione montuosa della Sicilia. La citt\u00e0 stessa si trova a oltre 1900 metri sul livello del mare, il che ispira bellissimi panorami ed escursioni.<\/p><p>\u00a0<\/p><p>La citt\u00e0 ha visto una crescita notevole a partire dal XIX secolo, grazie al boom dell'estrazione dello zolfo. Fortunatamente, la citt\u00e0 non puzza di zolfo.<\/p><p>\u00a0<\/p><p>Valguarnera ha una storia incredibile, con manufatti nelle aree circostanti che risalgono al VII secolo a.C., oltre a bellissime chiese e a uno dei Municipi pi\u00f9 belli che vedremo durante il viaggio.<\/p><h2><strong>Parco Minerario Floristella-Grottacalda<\/strong><\/h2><p>Il parco minerario di Floristella-Grottacalda \u00e8 una delle zone pi\u00f9 visitate di Valguarnera Caropepe.\u00a0<span class=\"notranslate\">Il Parco incorpora i nomi di due miniere di zolfo abbandonate, dando vita a uno degli insediamenti archeologici esistenti pi\u00f9 espressivi del Sud Italia. <\/span><\/p><p>\u00a0<\/p><p><span class=\"notranslate\">T<\/span><span class=\"notranslate\">Il vasto complesso minerario offre una vera e propria storiografia di epoche diverse, permettendo ai visitatori di vedere gli antichi sistemi e le tecniche di estrazione e fusione dello zolfo.<\/span><\/p><p>\u00a0<\/p><p><span class=\"notranslate\">Sono ancora visibili i calcaroni (forni circolari per la fusione e la separazione dello zolfo dal materiale inerte), i pozzi (gallerie semi-verticali utilizzate in epoca pre-industriale per raggiungere il giacimento), le fortezze e le strutture dei pozzi verticali (utilizzati in epoca recente per la discesa agli inferi) e dei forni Gill (sistema pi\u00f9 moderno per la fusione dello zolfo).<\/span><\/p><p><a href=\"https:\/\/remembrancewalk.ca\/wp-content\/uploads\/2015\/02\/4-miniera-floristella-enna-sicilia-batteria-forni-gill.jpg\"><img fetchpriority=\"high\" decoding=\"async\" class=\"aligncenter size-medium wp-image-663\" src=\"https:\/\/remembrancewalk.ca\/wp-content\/uploads\/2015\/02\/4-miniera-floristella-enna-sicilia-batteria-forni-gill-300x225.jpg\" alt=\"4-miniera-floristella-enna-sicilia-batteria-forni-gill\" width=\"300\" height=\"225\" srcset=\"https:\/\/remembrancewalk.ca\/wp-content\/uploads\/2015\/02\/4-miniera-floristella-enna-sicilia-batteria-forni-gill-300x225.jpg 300w, https:\/\/remembrancewalk.ca\/wp-content\/uploads\/2015\/02\/4-miniera-floristella-enna-sicilia-batteria-forni-gill-1024x768.jpg 1024w, https:\/\/remembrancewalk.ca\/wp-content\/uploads\/2015\/02\/4-miniera-floristella-enna-sicilia-batteria-forni-gill-1080x810.jpg 1080w, https:\/\/remembrancewalk.ca\/wp-content\/uploads\/2015\/02\/4-miniera-floristella-enna-sicilia-batteria-forni-gill.jpg 1200w\" sizes=\"(max-width: 300px) 100vw, 300px\" \/><\/a><\/p><h2><strong>Casa Museo Caripa<\/strong><\/h2><p>Valguarnera Caropepe, come gran parte della Sicilia, \u00e8 una citt\u00e0 antica che ha visto molti conquistatori e governanti. \u00c8 attraverso queste conquiste che la civilt\u00e0 si \u00e8 evoluta e che rende ogni area del mondo molto unica.<\/p><p>\u00a0<\/p><p>Valguarnera ha una cultura e una storia davvero uniche e il timore di perdere questa cultura e questa tradizione \u00e8 all'origine della creazione della Casa Museo Caripa. Questo museo si propone di preservare la cultura dell'epoca a cavallo tra il XIX e il XX secolo; in particolare, ritrae la vita domestica e sociale di quell'epoca. La Casa Museo Caripa \u00e8 un'attrazione molto popolare tra gli abitanti e i visitatori, ed \u00e8 assolutamente da vedere se vi trovate in zona.<\/p><p><img decoding=\"async\" class=\"alignnone\" src=\"https:\/\/pbs.twimg.com\/media\/B8ldFM2CMAAUHQX.jpg\" alt=\"\" width=\"600\" height=\"450\" \/><\/p><h2><strong>Museo Etno Antropologico e dell\u2019Emigrazione Valguarnerese<\/strong><\/h2><p>In inglese si chiama Museum of Ethno-Anthropological and Emigration. Questo museo vi far\u00e0 stringere il cuore mentre lo attraversate. Rappresenta la lotta del popolo valguarnerese nel passato.<\/p><p>\u00a0<\/p><p>Essendo una citt\u00e0 mineraria, molti cittadini e immigrati lavoravano in condizioni molto faticose, sia nelle miniere che nei campi. Passeggiando per il museo, si possono vedere immagini e strumenti che illustrano come si viveva in una povera citt\u00e0 mineraria circa 150 anni fa.<\/p><p>\u00a0<\/p><p>\u00c8 importante ricordare il passato per aprire la strada a un futuro migliore. La visita dura circa un'ora e offre ai visitatori una grande comprensione della storia della citt\u00e0 e un profondo apprezzamento delle leggi e delle pratiche del lavoro contemporanee.<\/p><p><img decoding=\"async\" class=\"alignnone\" src=\"http:\/\/media-cdn.tripadvisor.com\/media\/photo-s\/05\/b3\/c7\/e6\/museo-etno-antropologico.jpg\" alt=\"\" width=\"550\" height=\"418\" \/><\/p>\t\t\t\t\t\t\t\t<\/div>\n\t\t\t\t<\/div>\n\t\t\t\t<div class=\"elementor-element elementor-element-4f4f9c8 elementor-align-center elementor-widget elementor-widget-button\" data-id=\"4f4f9c8\" data-element_type=\"widget\" data-e-type=\"widget\" data-widget_type=\"button.default\">\n\t\t\t\t<div class=\"elementor-widget-container\">\n\t\t\t\t\t\t\t\t\t<div class=\"elementor-button-wrapper\">\n\t\t\t\t\t<a class=\"elementor-button elementor-button-link elementor-size-sm\" href=\"https:\/\/remembrancewalk.ca\/it\/operation-husky-walk-for-remembrance-peace\/\">\n\t\t\t\t\t\t<span class=\"elementor-button-content-wrapper\">\n\t\t\t\t\t\t\t\t\t<span class=\"elementor-button-text\">Back to Self Guided Tour<\/span>\n\t\t\t\t\t<\/span>\n\t\t\t\t\t<\/a>\n\t\t\t\t<\/div>\n\t\t\t\t\t\t\t\t<\/div>\n\t\t\t\t<\/div>\n\t\t\t\t<section class=\"elementor-section elementor-inner-section elementor-element elementor-element-03f5abc elementor-section-boxed elementor-section-height-default elementor-section-height-default\" data-id=\"03f5abc\" data-element_type=\"section\" data-e-type=\"section\">\n\t\t\t\t\t\t<div class=\"elementor-container elementor-column-gap-default\">\n\t\t\t\t\t<div class=\"elementor-column elementor-col-50 elementor-inner-column elementor-element elementor-element-0f169d4\" data-id=\"0f169d4\" data-element_type=\"column\" data-e-type=\"column\">\n\t\t\t<div class=\"elementor-widget-wrap elementor-element-populated\">\n\t\t\t\t\t\t<div class=\"elementor-element elementor-element-a334622 elementor-view-default elementor-widget elementor-widget-icon\" data-id=\"a334622\" data-element_type=\"widget\" data-e-type=\"widget\" data-widget_type=\"icon.default\">\n\t\t\t\t<div class=\"elementor-widget-container\">\n\t\t\t\t\t\t\t<div class=\"elementor-icon-wrapper\">\n\t\t\t<a class=\"elementor-icon\" href=\"https:\/\/remembrancewalk.ca\/it\/day-11-walk-from-piazza-armerina-to-valguernera\/\">\n\t\t\t<i aria-hidden=\"true\" class=\"far fa-arrow-alt-circle-left\"><\/i>\t\t\t<\/a>\n\t\t<\/div>\n\t\t\t\t\t\t<\/div>\n\t\t\t\t<\/div>\n\t\t\t\t\t<\/div>\n\t\t<\/div>\n\t\t\t\t<div class=\"elementor-column elementor-col-50 elementor-inner-column elementor-element elementor-element-d6c465f\" data-id=\"d6c465f\" data-element_type=\"column\" data-e-type=\"column\">\n\t\t\t<div class=\"elementor-widget-wrap elementor-element-populated\">\n\t\t\t\t\t\t<div class=\"elementor-element elementor-element-80b91c4 elementor-view-default elementor-widget elementor-widget-icon\" data-id=\"80b91c4\" data-element_type=\"widget\" data-e-type=\"widget\" data-widget_type=\"icon.default\">\n\t\t\t\t<div class=\"elementor-widget-container\">\n\t\t\t\t\t\t\t<div class=\"elementor-icon-wrapper\">\n\t\t\t<a class=\"elementor-icon\" href=\"https:\/\/remembrancewalk.ca\/it\/day-13-walk-from-valguerna-to-assoro\/\">\n\t\t\t<i aria-hidden=\"true\" class=\"far fa-arrow-alt-circle-right\"><\/i>\t\t\t<\/a>\n\t\t<\/div>\n\t\t\t\t\t\t<\/div>\n\t\t\t\t<\/div>\n\t\t\t\t\t<\/div>\n\t\t<\/div>\n\t\t\t\t\t<\/div>\n\t\t<\/section>\n\t\t\t\t\t<\/div>\n\t\t<\/div>\n\t\t\t\t\t<\/div>\n\t\t<\/section>\n\t\t\t\t<\/div>","protected":false},"excerpt":{"rendered":"<p>Valguarnera Caropepe is a beautiful town situated in the mountainous region of Sicily. The town itself is over 1900 ft above sea level, which inspires beautiful views and hikes. \u00a0 The town has seen remarkable growth since the 19th century, due to a boom in sulfur mining. Fortunately, the town does not smell like Sulphur. [&hellip;]<\/p>\n","protected":false},"author":30979,"featured_media":0,"parent":0,"menu_order":0,"comment_status":"closed","ping_status":"closed","template":"","meta":{"footnotes":""},"class_list":["post-585","page","type-page","status-publish","hentry"],"_links":{"self":[{"href":"https:\/\/remembrancewalk.ca\/it\/wp-json\/wp\/v2\/pages\/585","targetHints":{"allow":["GET"]}}],"collection":[{"href":"https:\/\/remembrancewalk.ca\/it\/wp-json\/wp\/v2\/pages"}],"about":[{"href":"https:\/\/remembrancewalk.ca\/it\/wp-json\/wp\/v2\/types\/page"}],"author":[{"embeddable":true,"href":"https:\/\/remembrancewalk.ca\/it\/wp-json\/wp\/v2\/users\/30979"}],"replies":[{"embeddable":true,"href":"https:\/\/remembrancewalk.ca\/it\/wp-json\/wp\/v2\/comments?post=585"}],"version-history":[{"count":5,"href":"https:\/\/remembrancewalk.ca\/it\/wp-json\/wp\/v2\/pages\/585\/revisions"}],"predecessor-version":[{"id":4892,"href":"https:\/\/remembrancewalk.ca\/it\/wp-json\/wp\/v2\/pages\/585\/revisions\/4892"}],"wp:attachment":[{"href":"https:\/\/remembrancewalk.ca\/it\/wp-json\/wp\/v2\/media?parent=585"}],"curies":[{"name":"wp","href":"https:\/\/api.w.org\/{rel}","templated":true}]}}