{"id":4368,"date":"2023-05-11T19:03:35","date_gmt":"2023-05-11T19:03:35","guid":{"rendered":"https:\/\/remembrancewalk.ca\/?page_id=4368"},"modified":"2023-06-27T18:02:29","modified_gmt":"2023-06-27T18:02:29","slug":"sponsors","status":"publish","type":"page","link":"https:\/\/remembrancewalk.ca\/it\/sponsors\/","title":{"rendered":"Sponsor"},"content":{"rendered":"<div data-elementor-type=\"wp-page\" data-elementor-id=\"4368\" class=\"elementor elementor-4368\" data-elementor-post-type=\"page\">\n\t\t\t\t\t\t<section class=\"elementor-section elementor-top-section elementor-element elementor-element-bb45481 elementor-section-content-top elementor-section-boxed elementor-section-height-default elementor-section-height-default\" data-id=\"bb45481\" data-element_type=\"section\" data-e-type=\"section\">\n\t\t\t\t\t\t<div class=\"elementor-container elementor-column-gap-default\">\n\t\t\t\t\t<div class=\"elementor-column elementor-col-100 elementor-top-column elementor-element elementor-element-b581c66\" data-id=\"b581c66\" data-element_type=\"column\" data-e-type=\"column\">\n\t\t\t<div class=\"elementor-widget-wrap elementor-element-populated\">\n\t\t\t\t\t\t<div class=\"elementor-element elementor-element-85b5fde elementor-widget__width-initial elementor-widget elementor-widget-heading\" data-id=\"85b5fde\" data-element_type=\"widget\" data-e-type=\"widget\" data-widget_type=\"heading.default\">\n\t\t\t\t<div class=\"elementor-widget-container\">\n\t\t\t\t\t<h2 class=\"elementor-heading-title elementor-size-default\">Platinum Sponsor<\/h2>\t\t\t\t<\/div>\n\t\t\t\t<\/div>\n\t\t\t\t<div class=\"elementor-element elementor-element-938e960 elementor-widget elementor-widget-image\" data-id=\"938e960\" data-element_type=\"widget\" data-e-type=\"widget\" data-widget_type=\"image.default\">\n\t\t\t\t<div class=\"elementor-widget-container\">\n\t\t\t\t\t\t\t\t\t\t\t\t\t\t\t<img decoding=\"async\" width=\"300\" height=\"101\" src=\"https:\/\/remembrancewalk.ca\/wp-content\/uploads\/2023\/06\/isaix-platinum-400-x-135-300x101.jpg\" class=\"attachment-medium size-medium wp-image-4398\" alt=\"\" srcset=\"https:\/\/remembrancewalk.ca\/wp-content\/uploads\/2023\/06\/isaix-platinum-400-x-135-300x101.jpg 300w, https:\/\/remembrancewalk.ca\/wp-content\/uploads\/2023\/06\/isaix-platinum-400-x-135-18x6.jpg 18w, https:\/\/remembrancewalk.ca\/wp-content\/uploads\/2023\/06\/isaix-platinum-400-x-135.jpg 400w\" sizes=\"(max-width: 300px) 100vw, 300px\" \/>\t\t\t\t\t\t\t\t\t\t\t\t\t\t\t<\/div>\n\t\t\t\t<\/div>\n\t\t\t\t<div class=\"elementor-element elementor-element-f6be37a elementor-widget elementor-widget-heading\" data-id=\"f6be37a\" data-element_type=\"widget\" data-e-type=\"widget\" data-widget_type=\"heading.default\">\n\t\t\t\t<div class=\"elementor-widget-container\">\n\t\t\t\t\t<h2 class=\"elementor-heading-title elementor-size-default\">Gold Sponsor<\/h2>\t\t\t\t<\/div>\n\t\t\t\t<\/div>\n\t\t\t\t<section class=\"elementor-section elementor-inner-section elementor-element elementor-element-fe84bb7 elementor-section-boxed elementor-section-height-default elementor-section-height-default\" data-id=\"fe84bb7\" data-element_type=\"section\" data-e-type=\"section\">\n\t\t\t\t\t\t<div class=\"elementor-container elementor-column-gap-default\">\n\t\t\t\t\t<div class=\"elementor-column elementor-col-100 elementor-inner-column elementor-element elementor-element-f7bb36e\" data-id=\"f7bb36e\" data-element_type=\"column\" data-e-type=\"column\">\n\t\t\t<div class=\"elementor-widget-wrap elementor-element-populated\">\n\t\t\t\t\t\t<div class=\"elementor-element elementor-element-a756830 elementor-widget elementor-widget-image\" data-id=\"a756830\" data-element_type=\"widget\" data-e-type=\"widget\" data-widget_type=\"image.default\">\n\t\t\t\t<div class=\"elementor-widget-container\">\n\t\t\t\t\t\t\t\t\t\t\t\t\t\t\t<img fetchpriority=\"high\" decoding=\"async\" width=\"300\" height=\"173\" src=\"https:\/\/remembrancewalk.ca\/wp-content\/uploads\/2023\/06\/3BAM-Grand-Logo-Final-et-Signature--300x173.jpg\" class=\"attachment-medium size-medium wp-image-4775\" alt=\"\" srcset=\"https:\/\/remembrancewalk.ca\/wp-content\/uploads\/2023\/06\/3BAM-Grand-Logo-Final-et-Signature--300x173.jpg 300w, https:\/\/remembrancewalk.ca\/wp-content\/uploads\/2023\/06\/3BAM-Grand-Logo-Final-et-Signature--1024x591.jpg 1024w, https:\/\/remembrancewalk.ca\/wp-content\/uploads\/2023\/06\/3BAM-Grand-Logo-Final-et-Signature--768x444.jpg 768w, https:\/\/remembrancewalk.ca\/wp-content\/uploads\/2023\/06\/3BAM-Grand-Logo-Final-et-Signature--1536x887.jpg 1536w, https:\/\/remembrancewalk.ca\/wp-content\/uploads\/2023\/06\/3BAM-Grand-Logo-Final-et-Signature--2048x1183.jpg 2048w, https:\/\/remembrancewalk.ca\/wp-content\/uploads\/2023\/06\/3BAM-Grand-Logo-Final-et-Signature--18x10.jpg 18w, https:\/\/remembrancewalk.ca\/wp-content\/uploads\/2023\/06\/3BAM-Grand-Logo-Final-et-Signature--1200x693.jpg 1200w, https:\/\/remembrancewalk.ca\/wp-content\/uploads\/2023\/06\/3BAM-Grand-Logo-Final-et-Signature--1980x1144.jpg 1980w\" sizes=\"(max-width: 300px) 100vw, 300px\" \/>\t\t\t\t\t\t\t\t\t\t\t\t\t\t\t<\/div>\n\t\t\t\t<\/div>\n\t\t\t\t\t<\/div>\n\t\t<\/div>\n\t\t\t\t\t<\/div>\n\t\t<\/section>\n\t\t\t\t<div class=\"elementor-element elementor-element-7d31e67 elementor-widget elementor-widget-heading\" data-id=\"7d31e67\" data-element_type=\"widget\" data-e-type=\"widget\" data-widget_type=\"heading.default\">\n\t\t\t\t<div class=\"elementor-widget-container\">\n\t\t\t\t\t<h2 class=\"elementor-heading-title elementor-size-default\">Silver Sponsors<\/h2>\t\t\t\t<\/div>\n\t\t\t\t<\/div>\n\t\t\t\t<section class=\"elementor-section elementor-inner-section elementor-element elementor-element-276e507 elementor-section-boxed elementor-section-height-default elementor-section-height-default\" data-id=\"276e507\" data-element_type=\"section\" data-e-type=\"section\">\n\t\t\t\t\t\t<div class=\"elementor-container elementor-column-gap-default\">\n\t\t\t\t\t<div class=\"elementor-column elementor-col-50 elementor-inner-column elementor-element elementor-element-39c4fe3\" data-id=\"39c4fe3\" data-element_type=\"column\" data-e-type=\"column\">\n\t\t\t<div class=\"elementor-widget-wrap elementor-element-populated\">\n\t\t\t\t\t\t<div class=\"elementor-element elementor-element-cadfdce elementor-widget elementor-widget-image\" data-id=\"cadfdce\" data-element_type=\"widget\" data-e-type=\"widget\" data-widget_type=\"image.default\">\n\t\t\t\t<div class=\"elementor-widget-container\">\n\t\t\t\t\t\t\t\t\t\t\t\t\t\t\t<img decoding=\"async\" width=\"300\" height=\"169\" src=\"https:\/\/remembrancewalk.ca\/wp-content\/uploads\/2023\/05\/Air-Canada-Silver-level-sponsor-300x169.png\" class=\"attachment-medium size-medium wp-image-4387\" alt=\"\" srcset=\"https:\/\/remembrancewalk.ca\/wp-content\/uploads\/2023\/05\/Air-Canada-Silver-level-sponsor-300x169.png 300w, https:\/\/remembrancewalk.ca\/wp-content\/uploads\/2023\/05\/Air-Canada-Silver-level-sponsor-1024x576.png 1024w, https:\/\/remembrancewalk.ca\/wp-content\/uploads\/2023\/05\/Air-Canada-Silver-level-sponsor-768x432.png 768w, https:\/\/remembrancewalk.ca\/wp-content\/uploads\/2023\/05\/Air-Canada-Silver-level-sponsor-1536x864.png 1536w, https:\/\/remembrancewalk.ca\/wp-content\/uploads\/2023\/05\/Air-Canada-Silver-level-sponsor-2048x1152.png 2048w, https:\/\/remembrancewalk.ca\/wp-content\/uploads\/2023\/05\/Air-Canada-Silver-level-sponsor-18x10.png 18w, https:\/\/remembrancewalk.ca\/wp-content\/uploads\/2023\/05\/Air-Canada-Silver-level-sponsor-1200x675.png 1200w, https:\/\/remembrancewalk.ca\/wp-content\/uploads\/2023\/05\/Air-Canada-Silver-level-sponsor-1980x1114.png 1980w\" sizes=\"(max-width: 300px) 100vw, 300px\" \/>\t\t\t\t\t\t\t\t\t\t\t\t\t\t\t<\/div>\n\t\t\t\t<\/div>\n\t\t\t\t\t<\/div>\n\t\t<\/div>\n\t\t\t\t<div class=\"elementor-column elementor-col-50 elementor-inner-column elementor-element elementor-element-13982b4\" data-id=\"13982b4\" data-element_type=\"column\" data-e-type=\"column\">\n\t\t\t<div class=\"elementor-widget-wrap elementor-element-populated\">\n\t\t\t\t\t\t<div class=\"elementor-element elementor-element-ea5d9fa elementor-widget elementor-widget-image\" data-id=\"ea5d9fa\" data-element_type=\"widget\" data-e-type=\"widget\" data-widget_type=\"image.default\">\n\t\t\t\t<div class=\"elementor-widget-container\">\n\t\t\t\t\t\t\t\t\t\t\t\t\t\t\t<img loading=\"lazy\" decoding=\"async\" width=\"500\" height=\"200\" src=\"https:\/\/remembrancewalk.ca\/wp-content\/uploads\/2023\/06\/logo-maxsys-en.webp\" class=\"attachment-large size-large wp-image-4774\" alt=\"\" srcset=\"https:\/\/remembrancewalk.ca\/wp-content\/uploads\/2023\/06\/logo-maxsys-en.webp 500w, https:\/\/remembrancewalk.ca\/wp-content\/uploads\/2023\/06\/logo-maxsys-en-300x120.webp 300w, https:\/\/remembrancewalk.ca\/wp-content\/uploads\/2023\/06\/logo-maxsys-en-18x7.webp 18w\" sizes=\"(max-width: 500px) 100vw, 500px\" \/>\t\t\t\t\t\t\t\t\t\t\t\t\t\t\t<\/div>\n\t\t\t\t<\/div>\n\t\t\t\t\t<\/div>\n\t\t<\/div>\n\t\t\t\t\t<\/div>\n\t\t<\/section>\n\t\t\t\t<section class=\"elementor-section elementor-inner-section elementor-element elementor-element-dfdd48d elementor-section-boxed elementor-section-height-default elementor-section-height-default\" data-id=\"dfdd48d\" data-element_type=\"section\" data-e-type=\"section\">\n\t\t\t\t\t\t<div class=\"elementor-container elementor-column-gap-default\">\n\t\t\t\t\t<div class=\"elementor-column elementor-col-100 elementor-inner-column elementor-element elementor-element-5a80d99\" data-id=\"5a80d99\" data-element_type=\"column\" data-e-type=\"column\">\n\t\t\t<div class=\"elementor-widget-wrap elementor-element-populated\">\n\t\t\t\t\t\t<div class=\"elementor-element elementor-element-a614255 elementor-widget elementor-widget-image\" data-id=\"a614255\" data-element_type=\"widget\" data-e-type=\"widget\" data-widget_type=\"image.default\">\n\t\t\t\t<div class=\"elementor-widget-container\">\n\t\t\t\t\t\t\t\t\t\t\t\t\t\t\t<img loading=\"lazy\" decoding=\"async\" width=\"300\" height=\"130\" src=\"https:\/\/remembrancewalk.ca\/wp-content\/uploads\/2023\/06\/NWORA-300x130.png\" class=\"attachment-medium size-medium wp-image-4949\" alt=\"\" srcset=\"https:\/\/remembrancewalk.ca\/wp-content\/uploads\/2023\/06\/NWORA-300x130.png 300w, https:\/\/remembrancewalk.ca\/wp-content\/uploads\/2023\/06\/NWORA-768x333.png 768w, https:\/\/remembrancewalk.ca\/wp-content\/uploads\/2023\/06\/NWORA-18x8.png 18w, https:\/\/remembrancewalk.ca\/wp-content\/uploads\/2023\/06\/NWORA.png 1017w\" sizes=\"(max-width: 300px) 100vw, 300px\" \/>\t\t\t\t\t\t\t\t\t\t\t\t\t\t\t<\/div>\n\t\t\t\t<\/div>\n\t\t\t\t\t<\/div>\n\t\t<\/div>\n\t\t\t\t\t<\/div>\n\t\t<\/section>\n\t\t\t\t<div class=\"elementor-element elementor-element-a9d937f elementor-widget elementor-widget-heading\" data-id=\"a9d937f\" data-element_type=\"widget\" data-e-type=\"widget\" data-widget_type=\"heading.default\">\n\t\t\t\t<div class=\"elementor-widget-container\">\n\t\t\t\t\t<h2 class=\"elementor-heading-title elementor-size-default\">Bronze Sponsor<\/h2>\t\t\t\t<\/div>\n\t\t\t\t<\/div>\n\t\t\t\t<section class=\"elementor-section elementor-inner-section elementor-element elementor-element-5dd4126 elementor-section-boxed elementor-section-height-default elementor-section-height-default\" data-id=\"5dd4126\" data-element_type=\"section\" data-e-type=\"section\">\n\t\t\t\t\t\t<div class=\"elementor-container elementor-column-gap-default\">\n\t\t\t\t\t<div class=\"elementor-column elementor-col-100 elementor-inner-column elementor-element elementor-element-e1ddd3f\" data-id=\"e1ddd3f\" data-element_type=\"column\" data-e-type=\"column\">\n\t\t\t<div class=\"elementor-widget-wrap elementor-element-populated\">\n\t\t\t\t\t\t<div class=\"elementor-element elementor-element-f1ea6d6 elementor-widget__width-initial elementor-widget elementor-widget-image\" data-id=\"f1ea6d6\" data-element_type=\"widget\" data-e-type=\"widget\" data-widget_type=\"image.default\">\n\t\t\t\t<div class=\"elementor-widget-container\">\n\t\t\t\t\t\t\t\t\t\t\t\t\t\t\t<img loading=\"lazy\" decoding=\"async\" width=\"300\" height=\"121\" src=\"https:\/\/remembrancewalk.ca\/wp-content\/uploads\/2023\/05\/Alpha-Bronze-level-sponsor-300x121.png\" class=\"attachment-medium size-medium wp-image-4376\" alt=\"\" srcset=\"https:\/\/remembrancewalk.ca\/wp-content\/uploads\/2023\/05\/Alpha-Bronze-level-sponsor-300x121.png 300w, https:\/\/remembrancewalk.ca\/wp-content\/uploads\/2023\/05\/Alpha-Bronze-level-sponsor-18x7.png 18w, https:\/\/remembrancewalk.ca\/wp-content\/uploads\/2023\/05\/Alpha-Bronze-level-sponsor.png 350w\" sizes=\"(max-width: 300px) 100vw, 300px\" \/>\t\t\t\t\t\t\t\t\t\t\t\t\t\t\t<\/div>\n\t\t\t\t<\/div>\n\t\t\t\t<div class=\"elementor-element elementor-element-896d21f elementor-widget__width-initial elementor-widget elementor-widget-image\" data-id=\"896d21f\" data-element_type=\"widget\" data-e-type=\"widget\" data-widget_type=\"image.default\">\n\t\t\t\t<div class=\"elementor-widget-container\">\n\t\t\t\t\t\t\t\t\t\t\t\t\t\t\t<img loading=\"lazy\" decoding=\"async\" width=\"178\" height=\"300\" src=\"https:\/\/remembrancewalk.ca\/wp-content\/uploads\/2023\/06\/Matross-CourLibera_coul-178x300.png\" class=\"attachment-medium size-medium wp-image-4948\" alt=\"\" srcset=\"https:\/\/remembrancewalk.ca\/wp-content\/uploads\/2023\/06\/Matross-CourLibera_coul-178x300.png 178w, https:\/\/remembrancewalk.ca\/wp-content\/uploads\/2023\/06\/Matross-CourLibera_coul-607x1024.png 607w, https:\/\/remembrancewalk.ca\/wp-content\/uploads\/2023\/06\/Matross-CourLibera_coul-768x1295.png 768w, https:\/\/remembrancewalk.ca\/wp-content\/uploads\/2023\/06\/Matross-CourLibera_coul-911x1536.png 911w, https:\/\/remembrancewalk.ca\/wp-content\/uploads\/2023\/06\/Matross-CourLibera_coul-1215x2048.png 1215w, https:\/\/remembrancewalk.ca\/wp-content\/uploads\/2023\/06\/Matross-CourLibera_coul-7x12.png 7w, https:\/\/remembrancewalk.ca\/wp-content\/uploads\/2023\/06\/Matross-CourLibera_coul-1200x2023.png 1200w, https:\/\/remembrancewalk.ca\/wp-content\/uploads\/2023\/06\/Matross-CourLibera_coul.png 1600w\" sizes=\"(max-width: 178px) 100vw, 178px\" \/>\t\t\t\t\t\t\t\t\t\t\t\t\t\t\t<\/div>\n\t\t\t\t<\/div>\n\t\t\t\t\t<\/div>\n\t\t<\/div>\n\t\t\t\t\t<\/div>\n\t\t<\/section>\n\t\t\t\t<div class=\"elementor-element elementor-element-59cdfe4 elementor-widget elementor-widget-heading\" data-id=\"59cdfe4\" data-element_type=\"widget\" data-e-type=\"widget\" data-widget_type=\"heading.default\">\n\t\t\t\t<div class=\"elementor-widget-container\">\n\t\t\t\t\t<h2 class=\"elementor-heading-title elementor-size-default\">Friends<\/h2>\t\t\t\t<\/div>\n\t\t\t\t<\/div>\n\t\t\t\t<section class=\"elementor-section elementor-inner-section elementor-element elementor-element-522b111 elementor-section-boxed elementor-section-height-default elementor-section-height-default\" data-id=\"522b111\" data-element_type=\"section\" data-e-type=\"section\">\n\t\t\t\t\t\t<div class=\"elementor-container elementor-column-gap-default\">\n\t\t\t\t\t<div class=\"elementor-column elementor-col-50 elementor-inner-column elementor-element elementor-element-cb62d18\" data-id=\"cb62d18\" data-element_type=\"column\" data-e-type=\"column\">\n\t\t\t<div class=\"elementor-widget-wrap elementor-element-populated\">\n\t\t\t\t\t\t<div class=\"elementor-element elementor-element-d42b460 elementor-widget elementor-widget-image\" data-id=\"d42b460\" data-element_type=\"widget\" data-e-type=\"widget\" data-widget_type=\"image.default\">\n\t\t\t\t<div class=\"elementor-widget-container\">\n\t\t\t\t\t\t\t\t\t\t\t\t\t\t\t<img loading=\"lazy\" decoding=\"async\" width=\"580\" height=\"290\" src=\"https:\/\/remembrancewalk.ca\/wp-content\/uploads\/2023\/05\/Seaboard-Friends-sponsor-.pdf-1024x512.jpg\" class=\"attachment-large size-large wp-image-4388\" alt=\"\" srcset=\"https:\/\/remembrancewalk.ca\/wp-content\/uploads\/2023\/05\/Seaboard-Friends-sponsor-.pdf-1024x512.jpg 1024w, https:\/\/remembrancewalk.ca\/wp-content\/uploads\/2023\/05\/Seaboard-Friends-sponsor-.pdf-300x150.jpg 300w, https:\/\/remembrancewalk.ca\/wp-content\/uploads\/2023\/05\/Seaboard-Friends-sponsor-.pdf-768x384.jpg 768w, https:\/\/remembrancewalk.ca\/wp-content\/uploads\/2023\/05\/Seaboard-Friends-sponsor-.pdf-1536x768.jpg 1536w, https:\/\/remembrancewalk.ca\/wp-content\/uploads\/2023\/05\/Seaboard-Friends-sponsor-.pdf-2048x1024.jpg 2048w, https:\/\/remembrancewalk.ca\/wp-content\/uploads\/2023\/05\/Seaboard-Friends-sponsor-.pdf-18x9.jpg 18w, https:\/\/remembrancewalk.ca\/wp-content\/uploads\/2023\/05\/Seaboard-Friends-sponsor-.pdf-1200x600.jpg 1200w, https:\/\/remembrancewalk.ca\/wp-content\/uploads\/2023\/05\/Seaboard-Friends-sponsor-.pdf-1980x990.jpg 1980w\" sizes=\"(max-width: 580px) 100vw, 580px\" \/>\t\t\t\t\t\t\t\t\t\t\t\t\t\t\t<\/div>\n\t\t\t\t<\/div>\n\t\t\t\t\t<\/div>\n\t\t<\/div>\n\t\t\t\t<div class=\"elementor-column elementor-col-50 elementor-inner-column elementor-element elementor-element-0f24ddb\" data-id=\"0f24ddb\" data-element_type=\"column\" data-e-type=\"column\">\n\t\t\t<div class=\"elementor-widget-wrap elementor-element-populated\">\n\t\t\t\t\t\t<div class=\"elementor-element elementor-element-bbc524a elementor-widget elementor-widget-image\" data-id=\"bbc524a\" data-element_type=\"widget\" data-e-type=\"widget\" data-widget_type=\"image.default\">\n\t\t\t\t<div class=\"elementor-widget-container\">\n\t\t\t\t\t\t\t\t\t\t\t\t\t\t\t<img loading=\"lazy\" decoding=\"async\" width=\"300\" height=\"216\" src=\"https:\/\/remembrancewalk.ca\/wp-content\/uploads\/2023\/06\/The-Shooting-Edge_LOGO_EPSc-1-300x216.jpg\" class=\"attachment-medium size-medium wp-image-4922\" alt=\"\" srcset=\"https:\/\/remembrancewalk.ca\/wp-content\/uploads\/2023\/06\/The-Shooting-Edge_LOGO_EPSc-1-300x216.jpg 300w, https:\/\/remembrancewalk.ca\/wp-content\/uploads\/2023\/06\/The-Shooting-Edge_LOGO_EPSc-1-18x12.jpg 18w, https:\/\/remembrancewalk.ca\/wp-content\/uploads\/2023\/06\/The-Shooting-Edge_LOGO_EPSc-1.jpg 551w\" sizes=\"(max-width: 300px) 100vw, 300px\" \/>\t\t\t\t\t\t\t\t\t\t\t\t\t\t\t<\/div>\n\t\t\t\t<\/div>\n\t\t\t\t\t<\/div>\n\t\t<\/div>\n\t\t\t\t\t<\/div>\n\t\t<\/section>\n\t\t\t\t<div class=\"elementor-element elementor-element-b3d1345 elementor-widget elementor-widget-text-editor\" data-id=\"b3d1345\" data-element_type=\"widget\" data-e-type=\"widget\" data-widget_type=\"text-editor.default\">\n\t\t\t\t<div class=\"elementor-widget-container\">\n\t\t\t\t\t\t\t\t\t<p>Questo progetto \u00e8 a sostegno del Forum internazionale per la pace, la sicurezza e la prosperit\u00e0, che coinvolge i giovani nelle commemorazioni e nello studio di ci\u00f2 che rende la pace davvero possibile.<\/p><p>\u00a0<\/p><p>Attualmente stiamo accettando donazioni per i marcatori individuali e per le sponsorizzazioni aziendali. Se avete domande, non esitate a contattare Steve Gregory al numero <a href=\"mailto:steve@isaix.com\">steve@isaix.com<\/a> o 514-919-5858<\/p><h3>Livelli di sponsorizzazione \"Operazione Husky 2023\"<\/h3><h4>Platino: 15.000 dollari (massimo 3)<br \/>Sponsorizzate 100 marcatori di soldati e riceverete:<\/h4><p>\u2022 Una ricevuta di beneficenza per l'intero importo<\/p><p>\u2022 La capacit\u00e0 di sviluppare e ospitare una cerimonia personalizzata in Canada o in Sicilia, in collaborazione con gli organizzatori.<\/p><p>\u2022 Promozione in tutte le cerimonie, nella stampa e nella letteratura, in qualit\u00e0 di sponsor principale.<\/p><p>\u2022 Promozione della prima pagina (logo\/nome di grandi dimensioni) del nostro sito web e archiviazione dopo luglio 2023<\/p><p>\u2022 Promozione settimanale con aggiornamenti sui social media, presentazioni promozionali e video.<\/p><p>\u2022 Il vostro logo\/nome come adesivo sul retro di ogni marcatore sponsorizzato<\/p><p>\u2022 Il vostro nome sul pannello informativo presentato ogni giorno della Camminata per la Memoria e la Pace<\/p><p>\u2022 Il vostro nome in tutti i rapporti con le Forze armate canadesi e gli Affari dei veterani<\/p><p>\u2022 Il dono di una targa e di una moneta personalizzate e la promozione della presentazione<\/p><h4>Oro: 10.000 dollari (massimo 5)<br \/>Sponsorizzate 65 marcatori di soldati e riceverete:<\/h4><p>\u2022 Una ricevuta di beneficenza per l'intero importo<\/p><p>\u2022 Promozione in prima pagina (logo\/nome di medie dimensioni) del nostro sito web e archiviazione dopo luglio 2023<\/p><p>\u2022 Promozione settimanale sui social media, nelle presentazioni promozionali e nei video.<\/p><p>\u2022 Il vostro logo\/nome come adesivo sul retro di ogni marcatore sponsorizzato<\/p><p>\u2022 Il vostro nome sul pannello informativo presentato ogni giorno della Camminata per la Memoria e la Pace<\/p><p>\u2022 Il vostro nome in tutti i rapporti con le Forze armate canadesi e gli Affari dei veterani<\/p><p>\u2022 Una moneta e la promozione della presentazione sui social media<\/p><h4>Argento: 5.000 dollari <br \/>Sponsorizzate 32 marcatori di soldati e riceverete:<\/h4><p>\u2022 Una ricevuta di beneficenza per l'intero importo<\/p><p>\u2022 Promozione sulla pagina dello sponsor del nostro sito web (logo\/nome di piccole dimensioni) e archiviazione dopo luglio 2023<\/p><p>\u2022 Il vostro logo\/nome come adesivo sul retro di ogni marcatore sponsorizzato<\/p><p>\u2022 Il vostro nome sul pannello informativo presentato ogni giorno della Camminata per la Memoria e la Pace<\/p><p>\u2022 Il vostro nome in tutti i rapporti con le Forze armate canadesi e gli Affari dei veterani<\/p><p>\u2022 Una moneta e la promozione della presentazione sui social media<\/p><h4>Bronzo: 2.500 dollari<br \/>Sponsorizzate 16 soldati marcatori e riceverete:<\/h4><p>\u2022 Una ricevuta di beneficenza per l'intero importo<\/p><p>\u2022 Promozione sulla pagina dello sponsor (logo\/nome di piccole dimensioni) del nostro sito web e archiviazione dopo luglio 2023<\/p><p>\u2022 Il vostro logo\/nome come adesivo sul retro di ogni marcatore sponsorizzato<\/p><p>\u2022 Il vostro nome sul pannello informativo presentato ogni giorno della Camminata per la Memoria e la Pace<\/p><p>\u2022 Il vostro nome in tutti i rapporti con le Forze armate canadesi e gli Affari dei veterani<\/p><h4>Amici: da 1.000 a 2.499 dollari<\/h4><p>\u2022 Una ricevuta di beneficenza per l'intero importo<\/p><p>\u2022 Promozione sulla pagina degli sponsor del nostro sito web e archiviazione dopo luglio 2023<\/p><p>\u2022 Il vostro nome sul retro di ogni marcatore sponsorizzato<\/p><p>Per ulteriori informazioni sull'Op Husky 2023, contattare: Steve Gregory al 514-919-5858 oppure <a href=\"mailto:steve@isaix.com\">steve@isaix.com<\/a><\/p><p><strong>Modulo di donazione<\/strong><\/p><p>Grazie per la donazione alla nostra causa. Ci sono tre opzioni di pagamento. Per le donazioni pi\u00f9 consistenti, vi invitiamo a considerare l'utilizzo di un assegno o di un bonifico elettronico per aiutarci a ridurre l'impatto della tassa del 4% su tutte le transazioni con carta di credito.<\/p><p>La ricevuta ufficiale ai fini dell'imposta sul reddito sar\u00e0 prodotta dalla 3e Batterie d'Artillerie de Campagne de Montr\u00e9al, Canadian Registered Charity No. 859394629 RR0001<\/p><h5>Opzione n. 1 Online:<\/h5><p>\u00c8 possibile effettuare una donazione online, con carta di credito, all'indirizzo <a href=\"https:\/\/www.canadahelps.org\/en\/pages\/the-international-forum-for-peace-security-prosper\/\">Canada Helps<\/a><\/p><h5>Opzione n. 2 Trasferimento elettronico:<\/h5><p>I bonifici elettronici possono essere inviati a: <a href=\"mailto:donations.dons@3BAM.ca\">donations.dons@3BAM.ca<\/a><\/p><h5>Opzione n. 3 Posta:<\/h5><p>Potete inviare la vostra donazione tramite assegno, indirizzato alla 3\u00aa Batteria dell'Artiglieria di Montreal,<\/p><p><strong>Attenzione:<\/strong> Philippe Lefebvre 100 20th Avenue Deux-Montagnes, Qc J7R 4E8<\/p><p>Per qualsiasi domanda relativa alle donazioni o alle ricevute, contattare Phillipe Lefevre all'indirizzo <a href=\"mailto:plefebvre9@videotron.ca\">plefebvre9@videotron.ca <\/a>o (514) 212-0591<\/p><p><strong>Per la promozione della vostra sponsorizzazione<\/strong><\/p><p>Inviateci un logo ad alta risoluzione da pubblicare sul nostro materiale stampato e sulla promozione online.<\/p><p>Inviare il logo a: Terry Telford a <a href=\"mailto:terry@recee.ca\">terry@recee.ca<\/a>.<\/p><p>Per tutte le altre domande, contattare Steve Gregory, il fondatore delle commemorazioni dell'Operazione Husky 2023, al numero <a href=\"mailto:steve@isaix.com\">steve@isaix.com<\/a> or 514-919-5858.<\/p>\t\t\t\t\t\t\t\t<\/div>\n\t\t\t\t<\/div>\n\t\t\t\t\t<\/div>\n\t\t<\/div>\n\t\t\t\t\t<\/div>\n\t\t<\/section>\n\t\t\t\t<section class=\"elementor-section elementor-top-section elementor-element elementor-element-357aa24 elementor-section-boxed elementor-section-height-default elementor-section-height-default\" data-id=\"357aa24\" data-element_type=\"section\" data-e-type=\"section\">\n\t\t\t\t\t\t<div class=\"elementor-container elementor-column-gap-default\">\n\t\t\t\t\t<div class=\"elementor-column elementor-col-100 elementor-top-column elementor-element elementor-element-d663df8\" data-id=\"d663df8\" data-element_type=\"column\" data-e-type=\"column\">\n\t\t\t<div class=\"elementor-widget-wrap elementor-element-populated\">\n\t\t\t\t\t\t<div class=\"elementor-element elementor-element-21d430d elementor-widget elementor-widget-text-editor\" data-id=\"21d430d\" data-element_type=\"widget\" data-e-type=\"widget\" data-widget_type=\"text-editor.default\">\n\t\t\t\t<div class=\"elementor-widget-container\">\n\t\t\t\t\t\t\t\t\t<h2 style=\"text-align: center;\">Grazie<\/h2><p>Ringraziamo di cuore gli sponsor dell'evento per la loro generosit\u00e0 e il loro sostegno.<\/p><p>\u00a0<\/p>\t\t\t\t\t\t\t\t<\/div>\n\t\t\t\t<\/div>\n\t\t\t\t\t<\/div>\n\t\t<\/div>\n\t\t\t\t\t<\/div>\n\t\t<\/section>\n\t\t\t\t<\/div>","protected":false},"excerpt":{"rendered":"<p>Platinum Sponsor Gold Sponsor Silver Sponsors Bronze Sponsor Friends This project is in support of the International Forum for Peace, Security &amp; Prosperity which engages youth in commemorations and the study of what makes peace really happen. \u00a0 We are currently accepting donations for individual markers as well as corporate sponsorships. If you have any [&hellip;]<\/p>\n","protected":false},"author":23,"featured_media":0,"parent":0,"menu_order":0,"comment_status":"closed","ping_status":"closed","template":"","meta":{"footnotes":""},"class_list":["post-4368","page","type-page","status-publish","hentry"],"_links":{"self":[{"href":"https:\/\/remembrancewalk.ca\/it\/wp-json\/wp\/v2\/pages\/4368","targetHints":{"allow":["GET"]}}],"collection":[{"href":"https:\/\/remembrancewalk.ca\/it\/wp-json\/wp\/v2\/pages"}],"about":[{"href":"https:\/\/remembrancewalk.ca\/it\/wp-json\/wp\/v2\/types\/page"}],"author":[{"embeddable":true,"href":"https:\/\/remembrancewalk.ca\/it\/wp-json\/wp\/v2\/users\/23"}],"replies":[{"embeddable":true,"href":"https:\/\/remembrancewalk.ca\/it\/wp-json\/wp\/v2\/comments?post=4368"}],"version-history":[{"count":5,"href":"https:\/\/remembrancewalk.ca\/it\/wp-json\/wp\/v2\/pages\/4368\/revisions"}],"predecessor-version":[{"id":4952,"href":"https:\/\/remembrancewalk.ca\/it\/wp-json\/wp\/v2\/pages\/4368\/revisions\/4952"}],"wp:attachment":[{"href":"https:\/\/remembrancewalk.ca\/it\/wp-json\/wp\/v2\/media?parent=4368"}],"curies":[{"name":"wp","href":"https:\/\/api.w.org\/{rel}","templated":true}]}}