{"id":203,"date":"2015-01-14T17:44:14","date_gmt":"2015-01-14T17:44:14","guid":{"rendered":"https:\/\/remembrancewalk.ca\/?page_id=203"},"modified":"2023-06-21T20:54:12","modified_gmt":"2023-06-21T20:54:12","slug":"day-20-agira-cemetery","status":"publish","type":"page","link":"https:\/\/remembrancewalk.ca\/it\/day-20-agira-cemetery\/","title":{"rendered":"Giorno 20: Cimitero di Agira"},"content":{"rendered":"<div data-elementor-type=\"wp-page\" data-elementor-id=\"203\" class=\"elementor elementor-203\" data-elementor-post-type=\"page\">\n\t\t\t\t\t\t<section class=\"elementor-section elementor-top-section elementor-element elementor-element-44772251 elementor-section-boxed elementor-section-height-default elementor-section-height-default\" data-id=\"44772251\" data-element_type=\"section\" data-e-type=\"section\">\n\t\t\t\t\t\t<div class=\"elementor-container elementor-column-gap-default\">\n\t\t\t\t\t<div class=\"elementor-column elementor-col-100 elementor-top-column elementor-element elementor-element-4ac51d4a\" data-id=\"4ac51d4a\" data-element_type=\"column\" data-e-type=\"column\">\n\t\t\t<div class=\"elementor-widget-wrap elementor-element-populated\">\n\t\t\t\t\t\t<div class=\"elementor-element elementor-element-6b2b0131 elementor-widget elementor-widget-text-editor\" data-id=\"6b2b0131\" data-element_type=\"widget\" data-e-type=\"widget\" data-widget_type=\"text-editor.default\">\n\t\t\t\t<div class=\"elementor-widget-container\">\n\t\t\t\t\t\t\t\t\t<p>La giornata conclusiva della Walk for Remembrance and Peace si svolge al Canadian War Cemetery di Agira.<\/p><p>\u00a0<\/p><p>Mentre la War Graves Commission e i governi stranieri si occupano dei cimiteri in cui giacciono i nostri caduti, la memoria del sacrificio dei nostri soldati si perde tra le nuove generazioni di bambini che hanno beneficiato della stabilit\u00e0 della pace e non hanno mai sperimentato gli orrori della guerra.<\/p><p>\u00a0<\/p><p>Il costo delle visite ai cimiteri e ai campi di battaglia stranieri \u00e8 un ostacolo significativo al coinvolgimento dei canadesi nelle attivit\u00e0 di commemorazione nei siti esteri. La Walk for Remembrance and Peace (Camminata per la Memoria e la Pace) \u00e8 importante per rompere queste barriere e permettere alle generazioni pi\u00f9 giovani e a quelle pi\u00f9 anziane di ricordare il nostro mondo in guerra e di gioire della pace di cui godiamo.<\/p><p>\u00a0<\/p><p>Il cimitero di guerra canadese di Agira si trova su una piccola collina nel Comune di Agira e nella Provincia di Enna, nel cuore della Sicilia, a circa 70 chilometri da Catania.<\/p><p>\u00a0<\/p><p>Dopo la campagna di Sicilia, si decise di concentrare in un unico cimitero le tombe di tutti i canadesi che avevano dato la vita nei combattimenti sull'isola, e nel settembre del 1943 gli ufficiali canadesi scelsero il sito di Agira. Il cimitero contiene le tombe di 490 canadesi (13 membri dell'esercito canadese). <abbr title=\"Royal Canadian Air Force\">RCAF<\/abbr>e 477 dell'esercito), sei dei quali non sono stati identificati. Va ricordato che un certo numero di caduti di guerra ha tombe sconosciute (tra cui 58 canadesi che annegarono quando i convogli furono attaccati durante la rotta verso la Sicilia). I loro nomi sono commemorati sul Memoriale di Cassino, in Italia. In totale, si stima che 562 canadesi siano morti a causa di questa campagna.<\/p><p>Il cimitero si trova all'indirizzo\u00a0<strong>Contrada Pennino Buterno 2 94011 Agira<\/strong><\/p><h2>Indicazioni stradali da Agira al cimitero<\/h2><p><iframe style=\"border: 0;\" src=\"https:\/\/www.google.com\/maps\/embed?pb=!1m28!1m12!1m3!1d13507.239148571141!2d14.525433711698213!3d37.65347077921621!2m3!1f0!2f0!3f0!3m2!1i1024!2i768!4f13.1!4m13!1i0!3e6!4m5!1s0x1311317814a211b1%3A0x94422a7523fc1167!2sVia+V.+Emanuele%2C+248%2C+Agira+EN%2C+Italy!3m2!1d37.656652!2d14.52004!4m4!2s37.6549115%2C+14.55086!3m2!1d37.6549115!2d14.55086!5e1!3m2!1sen!2sca!4v1425489442994\" width=\"600\" height=\"450\" frameborder=\"0\"><\/iframe><\/p>\t\t\t\t\t\t\t\t<\/div>\n\t\t\t\t<\/div>\n\t\t\t\t\t<\/div>\n\t\t<\/div>\n\t\t\t\t\t<\/div>\n\t\t<\/section>\n\t\t\t\t<section class=\"elementor-section elementor-top-section elementor-element elementor-element-6165d67 elementor-section-boxed elementor-section-height-default elementor-section-height-default\" data-id=\"6165d67\" data-element_type=\"section\" data-e-type=\"section\">\n\t\t\t\t\t\t<div class=\"elementor-container elementor-column-gap-default\">\n\t\t\t\t\t<div class=\"elementor-column elementor-col-100 elementor-top-column elementor-element elementor-element-2d8fa51\" data-id=\"2d8fa51\" data-element_type=\"column\" data-e-type=\"column\">\n\t\t\t<div class=\"elementor-widget-wrap elementor-element-populated\">\n\t\t\t\t\t\t<div class=\"elementor-element elementor-element-d631719 elementor-widget elementor-widget-video\" data-id=\"d631719\" data-element_type=\"widget\" data-e-type=\"widget\" data-settings=\"{&quot;youtube_url&quot;:&quot;https:\\\/\\\/youtu.be\\\/i7HhMFJqQ58&quot;,&quot;video_type&quot;:&quot;youtube&quot;,&quot;controls&quot;:&quot;yes&quot;}\" data-widget_type=\"video.default\">\n\t\t\t\t<div class=\"elementor-widget-container\">\n\t\t\t\t\t\t\t<div class=\"elementor-wrapper elementor-open-inline\">\n\t\t\t<div class=\"elementor-video\"><\/div>\t\t<\/div>\n\t\t\t\t\t\t<\/div>\n\t\t\t\t<\/div>\n\t\t\t\t<div class=\"elementor-element elementor-element-ac76518 elementor-align-center elementor-widget elementor-widget-button\" data-id=\"ac76518\" data-element_type=\"widget\" data-e-type=\"widget\" data-widget_type=\"button.default\">\n\t\t\t\t<div class=\"elementor-widget-container\">\n\t\t\t\t\t\t\t\t\t<div class=\"elementor-button-wrapper\">\n\t\t\t\t\t<a class=\"elementor-button elementor-button-link elementor-size-sm\" href=\"https:\/\/remembrancewalk.ca\/it\/operation-husky-walk-for-remembrance-peace\/\">\n\t\t\t\t\t\t<span class=\"elementor-button-content-wrapper\">\n\t\t\t\t\t\t\t\t\t<span class=\"elementor-button-text\">Back to Self Guided Tour<\/span>\n\t\t\t\t\t<\/span>\n\t\t\t\t\t<\/a>\n\t\t\t\t<\/div>\n\t\t\t\t\t\t\t\t<\/div>\n\t\t\t\t<\/div>\n\t\t\t\t<section class=\"elementor-section elementor-inner-section elementor-element elementor-element-de74cc3 elementor-section-boxed elementor-section-height-default elementor-section-height-default\" data-id=\"de74cc3\" data-element_type=\"section\" data-e-type=\"section\">\n\t\t\t\t\t\t<div class=\"elementor-container elementor-column-gap-default\">\n\t\t\t\t\t<div class=\"elementor-column elementor-col-100 elementor-inner-column elementor-element elementor-element-b7cc980\" data-id=\"b7cc980\" data-element_type=\"column\" data-e-type=\"column\">\n\t\t\t<div class=\"elementor-widget-wrap elementor-element-populated\">\n\t\t\t\t\t\t<div class=\"elementor-element elementor-element-10db078 elementor-view-default elementor-widget elementor-widget-icon\" data-id=\"10db078\" data-element_type=\"widget\" data-e-type=\"widget\" data-widget_type=\"icon.default\">\n\t\t\t\t<div class=\"elementor-widget-container\">\n\t\t\t\t\t\t\t<div class=\"elementor-icon-wrapper\">\n\t\t\t<a class=\"elementor-icon\" href=\"https:\/\/remembrancewalk.ca\/it\/day-19-walk-from-centuripe-to-adrano\/\">\n\t\t\t<i aria-hidden=\"true\" class=\"far fa-arrow-alt-circle-left\"><\/i>\t\t\t<\/a>\n\t\t<\/div>\n\t\t\t\t\t\t<\/div>\n\t\t\t\t<\/div>\n\t\t\t\t\t<\/div>\n\t\t<\/div>\n\t\t\t\t\t<\/div>\n\t\t<\/section>\n\t\t\t\t\t<\/div>\n\t\t<\/div>\n\t\t\t\t\t<\/div>\n\t\t<\/section>\n\t\t\t\t<\/div>","protected":false},"excerpt":{"rendered":"<p>The final day of the Walk for Remembrance and Peace takes place at the Canadian War Cemetery in Agira. \u00a0 While the War Graves Commission and foreign governments take care of the cemeteries in which our fallen lie, the memory of the sacrifice of our soldiers is being lost among new generations of children who [&hellip;]<\/p>\n","protected":false},"author":30979,"featured_media":0,"parent":0,"menu_order":0,"comment_status":"closed","ping_status":"closed","template":"","meta":{"footnotes":""},"class_list":["post-203","page","type-page","status-publish","hentry"],"_links":{"self":[{"href":"https:\/\/remembrancewalk.ca\/it\/wp-json\/wp\/v2\/pages\/203","targetHints":{"allow":["GET"]}}],"collection":[{"href":"https:\/\/remembrancewalk.ca\/it\/wp-json\/wp\/v2\/pages"}],"about":[{"href":"https:\/\/remembrancewalk.ca\/it\/wp-json\/wp\/v2\/types\/page"}],"author":[{"embeddable":true,"href":"https:\/\/remembrancewalk.ca\/it\/wp-json\/wp\/v2\/users\/30979"}],"replies":[{"embeddable":true,"href":"https:\/\/remembrancewalk.ca\/it\/wp-json\/wp\/v2\/comments?post=203"}],"version-history":[{"count":5,"href":"https:\/\/remembrancewalk.ca\/it\/wp-json\/wp\/v2\/pages\/203\/revisions"}],"predecessor-version":[{"id":4920,"href":"https:\/\/remembrancewalk.ca\/it\/wp-json\/wp\/v2\/pages\/203\/revisions\/4920"}],"wp:attachment":[{"href":"https:\/\/remembrancewalk.ca\/it\/wp-json\/wp\/v2\/media?parent=203"}],"curies":[{"name":"wp","href":"https:\/\/api.w.org\/{rel}","templated":true}]}}