{"id":163,"date":"2015-01-14T17:33:40","date_gmt":"2015-01-14T17:33:40","guid":{"rendered":"https:\/\/remembrancewalk.ca\/?page_id=163"},"modified":"2023-06-21T19:58:32","modified_gmt":"2023-06-21T19:58:32","slug":"day-11-walk-from-piazza-armerina-to-valguernera","status":"publish","type":"page","link":"https:\/\/remembrancewalk.ca\/it\/day-11-walk-from-piazza-armerina-to-valguernera\/","title":{"rendered":"Giorno 11: Passeggiata da Piazza Armerina a Valguarnera"},"content":{"rendered":"<div data-elementor-type=\"wp-page\" data-elementor-id=\"163\" class=\"elementor elementor-163\" data-elementor-post-type=\"page\">\n\t\t\t\t\t\t<section class=\"elementor-section elementor-top-section elementor-element elementor-element-4026ad46 elementor-section-boxed elementor-section-height-default elementor-section-height-default\" data-id=\"4026ad46\" data-element_type=\"section\" data-e-type=\"section\">\n\t\t\t\t\t\t<div class=\"elementor-container elementor-column-gap-default\">\n\t\t\t\t\t<div class=\"elementor-column elementor-col-100 elementor-top-column elementor-element elementor-element-3afcaf4d\" data-id=\"3afcaf4d\" data-element_type=\"column\" data-e-type=\"column\">\n\t\t\t<div class=\"elementor-widget-wrap elementor-element-populated\">\n\t\t\t\t\t\t<div class=\"elementor-element elementor-element-76274c47 elementor-widget elementor-widget-text-editor\" data-id=\"76274c47\" data-element_type=\"widget\" data-e-type=\"widget\" data-widget_type=\"text-editor.default\">\n\t\t\t\t<div class=\"elementor-widget-container\">\n\t\t\t\t\t\t\t\t\t<p><iframe style=\"border: 0;\" src=\"https:\/\/www.google.com\/maps\/embed?pb=!1m28!1m12!1m3!1d20505.92316283164!2d14.386125064713871!3d37.477937174262394!2m3!1f0!2f0!3f0!3m2!1i1024!2i768!4f13.1!4m13!1i0!3e2!4m5!1s0x13111eda5737d473%3A0x2315c51a0091206d!2sComune+di+Piazza+Armerina%2C+Via+Atrio+Fundr%C3%B2%2C+1%2C+94015+Piazza+Armerina+EN%2C+Italy!3m2!1d37.384274!2d14.365616999999999!4m4!2s37.49339%2C14.392014!3m2!1d37.49339!2d14.392014!5e1!3m2!1sen!2s!4v1425914627746\" width=\"600\" height=\"450\" frameborder=\"0\"><\/iframe><\/p><p>\u00a0<\/p><p><strong>L'undicesimo giorno del nostro viaggio prevede due opzioni, la passeggiata da Piazza Armerina a Valguarnera o la passeggiata prolungata da Piazza Armerina a Raddusa.<\/strong><\/p><p>\u00a0<\/p><p>Se si desidera percorrere l'opzione estesa, <a href=\"https:\/\/remembrancewalk.ca\/it\/day-11-piazza-armerina-to-raddusa\/\"><strong>CLICCA QUI<\/strong><\/a> Se si decide di non prolungare il cammino, il dodicesimo giorno \u00e8 previsto un giorno di riposo a Valguarnera. <strong><a href=\"https:\/\/remembrancewalk.ca\/it\/rest-day-in-valguernera\/\">CLICCA QUI<\/a>\u00a0<\/strong>per scoprire Valguarnera.<\/p><h3>Indicazioni a piedi da Piazza Armerina a Valguernera<\/h3><p><strong>Tempo di percorrenza: <\/strong>3 ore e 20 minuti<\/p><p><strong>Distanza totale: <\/strong>15,7 chilometri<\/p><ul><li>Dirigersi verso nord-est su Via Vittorio Emanuele in direzione di Via Camillo Benso Conte di Cavour - 19 m<\/li><li>Continuare su Via Guglielmo Marconi - 80 m<\/li><li>Leggera sinistra su Via Giuseppe Mazzini - 280 m<\/li><li>Continuare su Via Chiarand\u00e0 - 350 m<\/li><li>Proseguire in Piazza Boris Giuliano - 60 m<\/li><li>Proseguire su Via Chiarand\u00e0 - 240 m<\/li><li>Continuer sur Via Gabriele D'Annunzio - 250 m<\/li><li>Tourner l\u00e9g\u00e8rement \u00e0 gauche sur Viale Generale Gaeta - 250 m<\/li><li>Leggera destra per rimanere su Viale Generale Gaeta - 2,0 km<\/li><li>Continuare su Strada Provinciale 12\/SP12 - 19 m<\/li><li>Tenere la destra - 220 m<\/li><li>Girare a sinistra - 1,3 km<\/li><li>Girare a sinistra verso la SS117bis - 13 m<\/li><li>Girare a destra sulla SS117bis - 3,1 km<\/li><li>Girare a destra su Strada Vicinale Ronza - 63 m<\/li><li>Girare a sinistra sulla Trazzera Regia Portella Ronza - 1,3 km<\/li><li>Girare a destra - 850 m<\/li><li>Girare a destra - 700 m<\/li><li>Girare a destra su Strada Vicinale Rossomanno Cafeci - 210 m<\/li><li>Leggera destra per rimanere su Strada Vicinale Rossomanno Cafeci - 500 m<\/li><li>Girare a sinistra - 2,4 km<\/li><li>Girare a destra - 12 m<\/li><li>Girare a sinistra - 88 m<\/li><li>Girare a destra - 650 m<\/li><li>Girare a sinistra verso Via Giuseppe Mazzini - 58 m<\/li><li>Girare a destra verso Via Giuseppe Mazzini - 300 m<\/li><li>Girare a destra verso Via Giuseppe Mazzini - 23 m<\/li><li>Girare a sinistra in Via Giuseppe Mazzini - 150 m<\/li><li>Girare a destra in Via Europa - 12 m<\/li><li>Girare a sinistra in Via Monte Grappa - 72 m<\/li><li>Girare a destra su Strada Provinciale 35b - 44 m<\/li><\/ul><h4>Strada Provinciale 35b<\/h4><h4>Valguarnera Caropepe EN, Italy<\/h4>\t\t\t\t\t\t\t\t<\/div>\n\t\t\t\t<\/div>\n\t\t\t\t<div class=\"elementor-element elementor-element-f222222 elementor-align-center elementor-widget elementor-widget-button\" data-id=\"f222222\" data-element_type=\"widget\" data-e-type=\"widget\" data-widget_type=\"button.default\">\n\t\t\t\t<div class=\"elementor-widget-container\">\n\t\t\t\t\t\t\t\t\t<div class=\"elementor-button-wrapper\">\n\t\t\t\t\t<a class=\"elementor-button elementor-button-link elementor-size-sm\" href=\"https:\/\/remembrancewalk.ca\/it\/operation-husky-walk-for-remembrance-peace\/\">\n\t\t\t\t\t\t<span class=\"elementor-button-content-wrapper\">\n\t\t\t\t\t\t\t\t\t<span class=\"elementor-button-text\">Back to Self Guided Tour<\/span>\n\t\t\t\t\t<\/span>\n\t\t\t\t\t<\/a>\n\t\t\t\t<\/div>\n\t\t\t\t\t\t\t\t<\/div>\n\t\t\t\t<\/div>\n\t\t\t\t<section class=\"elementor-section elementor-inner-section elementor-element elementor-element-beb8750 elementor-section-boxed elementor-section-height-default elementor-section-height-default\" data-id=\"beb8750\" data-element_type=\"section\" data-e-type=\"section\">\n\t\t\t\t\t\t<div class=\"elementor-container elementor-column-gap-default\">\n\t\t\t\t\t<div class=\"elementor-column elementor-col-50 elementor-inner-column elementor-element elementor-element-90dd63c\" data-id=\"90dd63c\" data-element_type=\"column\" data-e-type=\"column\">\n\t\t\t<div class=\"elementor-widget-wrap elementor-element-populated\">\n\t\t\t\t\t\t<div class=\"elementor-element elementor-element-4f71a10 elementor-view-default elementor-widget elementor-widget-icon\" data-id=\"4f71a10\" data-element_type=\"widget\" data-e-type=\"widget\" data-widget_type=\"icon.default\">\n\t\t\t\t<div class=\"elementor-widget-container\">\n\t\t\t\t\t\t\t<div class=\"elementor-icon-wrapper\">\n\t\t\t<a class=\"elementor-icon\" href=\"https:\/\/remembrancewalk.ca\/it\/day-10-walk-from-san-michele-de-ganzaria-to-piazza-armerina\/\">\n\t\t\t<i aria-hidden=\"true\" class=\"far fa-arrow-alt-circle-left\"><\/i>\t\t\t<\/a>\n\t\t<\/div>\n\t\t\t\t\t\t<\/div>\n\t\t\t\t<\/div>\n\t\t\t\t\t<\/div>\n\t\t<\/div>\n\t\t\t\t<div class=\"elementor-column elementor-col-50 elementor-inner-column elementor-element elementor-element-0328bdb\" data-id=\"0328bdb\" data-element_type=\"column\" data-e-type=\"column\">\n\t\t\t<div class=\"elementor-widget-wrap elementor-element-populated\">\n\t\t\t\t\t\t<div class=\"elementor-element elementor-element-2b09289 elementor-view-default elementor-widget elementor-widget-icon\" data-id=\"2b09289\" data-element_type=\"widget\" data-e-type=\"widget\" data-widget_type=\"icon.default\">\n\t\t\t\t<div class=\"elementor-widget-container\">\n\t\t\t\t\t\t\t<div class=\"elementor-icon-wrapper\">\n\t\t\t<a class=\"elementor-icon\" href=\"https:\/\/remembrancewalk.ca\/it\/rest-day-in-valguernera\/\">\n\t\t\t<i aria-hidden=\"true\" class=\"far fa-arrow-alt-circle-right\"><\/i>\t\t\t<\/a>\n\t\t<\/div>\n\t\t\t\t\t\t<\/div>\n\t\t\t\t<\/div>\n\t\t\t\t\t<\/div>\n\t\t<\/div>\n\t\t\t\t\t<\/div>\n\t\t<\/section>\n\t\t\t\t\t<\/div>\n\t\t<\/div>\n\t\t\t\t\t<\/div>\n\t\t<\/section>\n\t\t\t\t<\/div>","protected":false},"excerpt":{"rendered":"<p>\u00a0 The eleventh day of our trip includes two options, the walk from Piazza Armerina to Valguarnera or the extended walk from Piazza Armerina to Raddusa. \u00a0 If you wish to walk the extended option, CLICK HERE If you choose not to extend the walk, there is a rest day in Valguarnera on the twelfth [&hellip;]<\/p>\n","protected":false},"author":30979,"featured_media":0,"parent":0,"menu_order":0,"comment_status":"closed","ping_status":"closed","template":"","meta":{"footnotes":""},"class_list":["post-163","page","type-page","status-publish","hentry"],"_links":{"self":[{"href":"https:\/\/remembrancewalk.ca\/it\/wp-json\/wp\/v2\/pages\/163","targetHints":{"allow":["GET"]}}],"collection":[{"href":"https:\/\/remembrancewalk.ca\/it\/wp-json\/wp\/v2\/pages"}],"about":[{"href":"https:\/\/remembrancewalk.ca\/it\/wp-json\/wp\/v2\/types\/page"}],"author":[{"embeddable":true,"href":"https:\/\/remembrancewalk.ca\/it\/wp-json\/wp\/v2\/users\/30979"}],"replies":[{"embeddable":true,"href":"https:\/\/remembrancewalk.ca\/it\/wp-json\/wp\/v2\/comments?post=163"}],"version-history":[{"count":5,"href":"https:\/\/remembrancewalk.ca\/it\/wp-json\/wp\/v2\/pages\/163\/revisions"}],"predecessor-version":[{"id":4886,"href":"https:\/\/remembrancewalk.ca\/it\/wp-json\/wp\/v2\/pages\/163\/revisions\/4886"}],"wp:attachment":[{"href":"https:\/\/remembrancewalk.ca\/it\/wp-json\/wp\/v2\/media?parent=163"}],"curies":[{"name":"wp","href":"https:\/\/api.w.org\/{rel}","templated":true}]}}