{"id":154,"date":"2015-01-14T17:32:02","date_gmt":"2015-01-14T17:32:02","guid":{"rendered":"https:\/\/remembrancewalk.ca\/?page_id=154"},"modified":"2023-06-21T19:43:18","modified_gmt":"2023-06-21T19:43:18","slug":"day-8-rest-day-in-caltagirone","status":"publish","type":"page","link":"https:\/\/remembrancewalk.ca\/it\/day-8-rest-day-in-caltagirone\/","title":{"rendered":"Giorno 8: Giornata di riposo a Caltagirone"},"content":{"rendered":"<div data-elementor-type=\"wp-page\" data-elementor-id=\"154\" class=\"elementor elementor-154\" data-elementor-post-type=\"page\">\n\t\t\t\t\t\t<section class=\"elementor-section elementor-top-section elementor-element elementor-element-71147825 elementor-section-boxed elementor-section-height-default elementor-section-height-default\" data-id=\"71147825\" data-element_type=\"section\" data-e-type=\"section\">\n\t\t\t\t\t\t<div class=\"elementor-container elementor-column-gap-default\">\n\t\t\t\t\t<div class=\"elementor-column elementor-col-100 elementor-top-column elementor-element elementor-element-28bad614\" data-id=\"28bad614\" data-element_type=\"column\" data-e-type=\"column\">\n\t\t\t<div class=\"elementor-widget-wrap elementor-element-populated\">\n\t\t\t\t\t\t<div class=\"elementor-element elementor-element-30f8a696 elementor-widget elementor-widget-text-editor\" data-id=\"30f8a696\" data-element_type=\"widget\" data-e-type=\"widget\" data-widget_type=\"text-editor.default\">\n\t\t\t\t<div class=\"elementor-widget-container\">\n\t\t\t\t\t\t\t\t\t<p>Caltagirone \u00e8 famosa in tutto il mondo per le sue ceramiche, grazie all'abbondanza di argilla di ottima qualit\u00e0 nella zona e alla tradizione millenaria.<\/p><p>\u00a0<\/p><p>I metodi, le tecniche e lo stile della ceramica di Caltagirone sono stati modificati e raffinati nel corso dei secoli a causa delle conquiste greche e arabe, rendendo la loro ceramica una delle pi\u00f9 uniche al mondo.<\/p><p>\u00a0<\/p><p>Le ceramiche sono presenti in tutta la citt\u00e0, lungo i muri, i ponti, i balconi e negli edifici. Un grande terremoto nel 17\u00b0 secolo<sup>th<\/sup> secolo ha generato una causa per ricostruire la citt\u00e0 in un modo molto particolare, chiamato stile barocco. Per proteggere i suoi splendidi edifici e le sue chiese barocche, la citt\u00e0 \u00e8 stata dichiarata patrimonio dell'umanit\u00e0 dall'UNESCO.<\/p><p>Visita<span style=\"color: #ff0000;\"><strong> http:\/\/www.sicilyincoming.com\/caltagirone.html <\/strong><\/span>per saperne di pi\u00f9.<\/p><h2><strong>Scala di Santa Maria del Monte<\/strong><\/h2><p>La Scala di Santa Maria del Monte \u00e8 una delle zone pi\u00f9 visitate e fotografate di Caltagirone. Un'immensa scalinata di 142 ampi gradini, decorata con le famose ceramiche caltagironesi, \u00e8 un luogo da non perdere.\u00a0\u00a0<\/p><p>\u00a0<\/p><p>I periodi migliori per visitare \"La Scala\" sono il 24<sup>th<\/sup>\u00a0e 25<sup>th<\/sup>\u00a0di luglio e il 14<sup>th<\/sup>e 15<sup>th<\/sup>\u00a0di agosto, quando le candele e i 4000 cilindri di carta colorata che reggono le lampade a olio formano un disegno ad arazzo. Alle 21.30 di queste notti centinaia di giovani entrano in azione per accendere le lampade, in modo che la scalinata si accenda tutta insieme.<\/p><p>\u00a0<\/p><p>I visitatori e i turisti sono i benvenuti. Assicuratevi di percorrere le scale affamati, perch\u00e9 alcuni dei migliori ristoranti e pizzerie si trovano sulla via di salita! Un ristorante degno di nota si chiama <i>Pizzeria la Scala\u00a0<\/i>vanta una delle migliori pizze siciliane dell'isola.<\/p><p><a href=\"https:\/\/remembrancewalk.ca\/wp-content\/uploads\/2015\/01\/download.jpg\"><img fetchpriority=\"high\" decoding=\"async\" class=\"aligncenter size-full wp-image-646\" src=\"https:\/\/remembrancewalk.ca\/wp-content\/uploads\/2015\/01\/download.jpg\" alt=\"download\" width=\"275\" height=\"183\" srcset=\"https:\/\/remembrancewalk.ca\/wp-content\/uploads\/2015\/01\/download.jpg 275w, https:\/\/remembrancewalk.ca\/wp-content\/uploads\/2015\/01\/download-272x182.jpg 272w\" sizes=\"(max-width: 275px) 100vw, 275px\" \/><\/a><\/p><h2><strong>Museo della Ceramica<\/strong><\/h2><p>Se non vi bastano le famose ceramiche di Caltagirone, in tutta la citt\u00e0 c'\u00e8 un museo che illustra la tradizione millenaria delle ceramiche della citt\u00e0.<\/p><p>\u00a0<\/p><p>Situato nel bellissimo parco cittadino, il museo presenta una delle pi\u00f9 vaste collezioni di ceramica della Sicilia. Sono esposte ceramiche provenienti da reperti del Neolitico, terrecotte del 5\u00b0 secolo e ceramiche del 6\u00b0 secolo.<sup>th<\/sup>\u00a0secolo a.C. al 18<sup>th<\/sup>\u00a0figure di presepi del secolo, piastrelle, maioliche: un'immensa collezione di terrecotte e ceramiche antiche e moderne.<\/p><p><a href=\"https:\/\/remembrancewalk.ca\/wp-content\/uploads\/2015\/01\/Caltagirone_Ceramica.jpg\"><img decoding=\"async\" class=\"aligncenter size-medium wp-image-648\" src=\"https:\/\/remembrancewalk.ca\/wp-content\/uploads\/2015\/01\/Caltagirone_Ceramica-300x223.jpg\" alt=\"Caltagirone_Ceramica\" width=\"300\" height=\"223\" srcset=\"https:\/\/remembrancewalk.ca\/wp-content\/uploads\/2015\/01\/Caltagirone_Ceramica-300x223.jpg 300w, https:\/\/remembrancewalk.ca\/wp-content\/uploads\/2015\/01\/Caltagirone_Ceramica.jpg 620w\" sizes=\"(max-width: 300px) 100vw, 300px\" \/><\/a><\/p><h2><strong>Il Giardino pubblico Vittorio Emanuele<\/strong><\/h2><p>Durante la visita al Museo della Ceramica, sar\u00e0 difficile non notare il giardino pubblico di Caltagirone, conosciuto dagli abitanti del luogo come\u00a0<em>The Villa Comunale<\/em>Il giardino \u00e8 stato progettato da Giovanni Battista Basile sulla base del modello del giardino all'inglese.<\/p><p>\u00a0<\/p><p>Si tratta di una delle zone pi\u00f9 belle della citt\u00e0, con molti alberi e piante meravigliose, oltre a statue, vasi e fontane incredibilmente in ceramica. Forse il luogo ideale per una bella passeggiata rilassante, il Giardino Pubblico Vittorio Emanuele non mancher\u00e0 di deludere.<\/p><p><a href=\"https:\/\/remembrancewalk.ca\/wp-content\/uploads\/2015\/01\/images.jpg\"><img decoding=\"async\" class=\"aligncenter size-full wp-image-651\" src=\"https:\/\/remembrancewalk.ca\/wp-content\/uploads\/2015\/01\/images.jpg\" alt=\"images\" width=\"259\" height=\"194\" \/><\/a><\/p><p>\u00a0<\/p>\t\t\t\t\t\t\t\t<\/div>\n\t\t\t\t<\/div>\n\t\t\t\t<div class=\"elementor-element elementor-element-abad696 elementor-align-center elementor-widget elementor-widget-button\" data-id=\"abad696\" data-element_type=\"widget\" data-e-type=\"widget\" data-widget_type=\"button.default\">\n\t\t\t\t<div class=\"elementor-widget-container\">\n\t\t\t\t\t\t\t\t\t<div class=\"elementor-button-wrapper\">\n\t\t\t\t\t<a class=\"elementor-button elementor-button-link elementor-size-sm\" href=\"https:\/\/remembrancewalk.ca\/it\/operation-husky-walk-for-remembrance-peace\/\">\n\t\t\t\t\t\t<span class=\"elementor-button-content-wrapper\">\n\t\t\t\t\t\t\t\t\t<span class=\"elementor-button-text\">Back to Self Guided Tour<\/span>\n\t\t\t\t\t<\/span>\n\t\t\t\t\t<\/a>\n\t\t\t\t<\/div>\n\t\t\t\t\t\t\t\t<\/div>\n\t\t\t\t<\/div>\n\t\t\t\t<section class=\"elementor-section elementor-inner-section elementor-element elementor-element-288734a elementor-section-boxed elementor-section-height-default elementor-section-height-default\" data-id=\"288734a\" data-element_type=\"section\" data-e-type=\"section\">\n\t\t\t\t\t\t<div class=\"elementor-container elementor-column-gap-default\">\n\t\t\t\t\t<div class=\"elementor-column elementor-col-50 elementor-inner-column elementor-element elementor-element-7d4bc30\" data-id=\"7d4bc30\" data-element_type=\"column\" data-e-type=\"column\">\n\t\t\t<div class=\"elementor-widget-wrap elementor-element-populated\">\n\t\t\t\t\t\t<div class=\"elementor-element elementor-element-e862f95 elementor-view-default elementor-widget elementor-widget-icon\" data-id=\"e862f95\" data-element_type=\"widget\" data-e-type=\"widget\" data-widget_type=\"icon.default\">\n\t\t\t\t<div class=\"elementor-widget-container\">\n\t\t\t\t\t\t\t<div class=\"elementor-icon-wrapper\">\n\t\t\t<a class=\"elementor-icon\" href=\"https:\/\/remembrancewalk.ca\/it\/day-7-walk-from-grammichele-to-caltagirone\/\">\n\t\t\t<i aria-hidden=\"true\" class=\"far fa-arrow-alt-circle-left\"><\/i>\t\t\t<\/a>\n\t\t<\/div>\n\t\t\t\t\t\t<\/div>\n\t\t\t\t<\/div>\n\t\t\t\t\t<\/div>\n\t\t<\/div>\n\t\t\t\t<div class=\"elementor-column elementor-col-50 elementor-inner-column elementor-element elementor-element-18a537a\" data-id=\"18a537a\" data-element_type=\"column\" data-e-type=\"column\">\n\t\t\t<div class=\"elementor-widget-wrap elementor-element-populated\">\n\t\t\t\t\t\t<div class=\"elementor-element elementor-element-f5c2989 elementor-view-default elementor-widget elementor-widget-icon\" data-id=\"f5c2989\" data-element_type=\"widget\" data-e-type=\"widget\" data-widget_type=\"icon.default\">\n\t\t\t\t<div class=\"elementor-widget-container\">\n\t\t\t\t\t\t\t<div class=\"elementor-icon-wrapper\">\n\t\t\t<a class=\"elementor-icon\" href=\"https:\/\/remembrancewalk.ca\/it\/day-9-walk-from-caltagirone-to-san-michele-de-ganzeria\/\">\n\t\t\t<i aria-hidden=\"true\" class=\"far fa-arrow-alt-circle-right\"><\/i>\t\t\t<\/a>\n\t\t<\/div>\n\t\t\t\t\t\t<\/div>\n\t\t\t\t<\/div>\n\t\t\t\t\t<\/div>\n\t\t<\/div>\n\t\t\t\t\t<\/div>\n\t\t<\/section>\n\t\t\t\t\t<\/div>\n\t\t<\/div>\n\t\t\t\t\t<\/div>\n\t\t<\/section>\n\t\t\t\t<\/div>","protected":false},"excerpt":{"rendered":"<p>Caltagirone is famous throughout the world for its pottery, which is due to the abundance of excellent quality clay in the area, and over a thousand years of tradition. \u00a0 The methods, techniques and style of the pottery from Caltagirone have been modified and refined over the centuries due to Greek and Arabic conquest, making [&hellip;]<\/p>\n","protected":false},"author":30979,"featured_media":0,"parent":0,"menu_order":0,"comment_status":"closed","ping_status":"closed","template":"","meta":{"footnotes":""},"class_list":["post-154","page","type-page","status-publish","hentry"],"_links":{"self":[{"href":"https:\/\/remembrancewalk.ca\/it\/wp-json\/wp\/v2\/pages\/154","targetHints":{"allow":["GET"]}}],"collection":[{"href":"https:\/\/remembrancewalk.ca\/it\/wp-json\/wp\/v2\/pages"}],"about":[{"href":"https:\/\/remembrancewalk.ca\/it\/wp-json\/wp\/v2\/types\/page"}],"author":[{"embeddable":true,"href":"https:\/\/remembrancewalk.ca\/it\/wp-json\/wp\/v2\/users\/30979"}],"replies":[{"embeddable":true,"href":"https:\/\/remembrancewalk.ca\/it\/wp-json\/wp\/v2\/comments?post=154"}],"version-history":[{"count":5,"href":"https:\/\/remembrancewalk.ca\/it\/wp-json\/wp\/v2\/pages\/154\/revisions"}],"predecessor-version":[{"id":4877,"href":"https:\/\/remembrancewalk.ca\/it\/wp-json\/wp\/v2\/pages\/154\/revisions\/4877"}],"wp:attachment":[{"href":"https:\/\/remembrancewalk.ca\/it\/wp-json\/wp\/v2\/media?parent=154"}],"curies":[{"name":"wp","href":"https:\/\/api.w.org\/{rel}","templated":true}]}}