{"id":9,"date":"2015-01-09T18:13:12","date_gmt":"2015-01-09T18:13:12","guid":{"rendered":"https:\/\/remembrancewalk.ca\/?page_id=9"},"modified":"2023-05-01T03:04:24","modified_gmt":"2023-05-01T03:04:24","slug":"welcome","status":"publish","type":"page","link":"https:\/\/remembrancewalk.ca\/fr\/welcome\/","title":{"rendered":"Bienvenue"},"content":{"rendered":"<div data-elementor-type=\"wp-page\" data-elementor-id=\"9\" class=\"elementor elementor-9\" data-elementor-post-type=\"page\">\n\t\t\t\t\t\t<section class=\"elementor-section elementor-top-section elementor-element elementor-element-1fad7f5d elementor-section-boxed elementor-section-height-default elementor-section-height-default\" data-id=\"1fad7f5d\" data-element_type=\"section\" data-e-type=\"section\">\n\t\t\t\t\t\t<div class=\"elementor-container elementor-column-gap-default\">\n\t\t\t\t\t<div class=\"elementor-column elementor-col-100 elementor-top-column elementor-element elementor-element-514a4fda\" data-id=\"514a4fda\" data-element_type=\"column\" data-e-type=\"column\">\n\t\t\t<div class=\"elementor-widget-wrap elementor-element-populated\">\n\t\t\t\t\t\t<div class=\"elementor-element elementor-element-5e885c90 elementor-widget elementor-widget-text-editor\" data-id=\"5e885c90\" data-element_type=\"widget\" data-e-type=\"widget\" data-widget_type=\"text-editor.default\">\n\t\t\t\t<div class=\"elementor-widget-container\">\n\t\t\t\t\t\t\t\t\t<p><strong>Le sentier du souvenir &amp; de la paix<\/strong><\/p><p>\"La marche pour le souvenir et la paix est une initiative citoyenne cr\u00e9\u00e9e pour r\u00e9unir des personnes de toutes les nations dans une marche \u00e0 travers les champs de bataille et les villes de Sicile, dans le but de se souvenir du sacrifice de ceux qui ont combattu et sont morts pour la libert\u00e9 et la paix, ainsi que des civils pris dans les lignes de combat.<\/p><p>\u00a0<\/p><p>\u00a0<\/p><p>Le sentier p\u00e9destre propos\u00e9 s'\u00e9tendra sur 225 kilom\u00e8tres et reliera les villes siciliennes de Piazza Armerina \u00e0 Adrano, en suivant le chemin emprunt\u00e9 par la 1re Division canadienne en 1943. Ce sentier balis\u00e9, accompagn\u00e9 de mat\u00e9riel p\u00e9dagogique et d'un site web, a pour but d'attirer le tourisme militaire, y compris les \u00e9tudiants du Canada et du monde entier.<\/p><p>\u00a0<\/p><p>Les participants pourront parcourir tout ou partie des champs de bataille et des villes de la province d'Enna tout en d\u00e9couvrant l'histoire violente de l'\u00e9t\u00e9 1943 et la reconstruction tr\u00e8s difficile mais tr\u00e8s r\u00e9ussie de la soci\u00e9t\u00e9 sicilienne gr\u00e2ce aux efforts des Siciliens et du gouvernement militaire alli\u00e9 des territoires occup\u00e9s (AMGOT) en Sicile.<\/p>\t\t\t\t\t\t\t\t<\/div>\n\t\t\t\t<\/div>\n\t\t\t\t\t<\/div>\n\t\t<\/div>\n\t\t\t\t\t<\/div>\n\t\t<\/section>\n\t\t\t\t<\/div>","protected":false},"excerpt":{"rendered":"<p>Walk for Remembrance and Peace (WRAP) \u201cThe Walk for Remembrance and Peace\u201d is a citizen\u2019s initiative created to unite people from all nations in a walk through the battlefields and towns of Sicily, for the purpose of remembering the sacrifice of those who fought and died for liberty and peace and those civilians caught in [&hellip;]<\/p>\n","protected":false},"author":30979,"featured_media":0,"parent":0,"menu_order":0,"comment_status":"closed","ping_status":"closed","template":"","meta":{"footnotes":""},"class_list":["post-9","page","type-page","status-publish","hentry"],"_links":{"self":[{"href":"https:\/\/remembrancewalk.ca\/fr\/wp-json\/wp\/v2\/pages\/9","targetHints":{"allow":["GET"]}}],"collection":[{"href":"https:\/\/remembrancewalk.ca\/fr\/wp-json\/wp\/v2\/pages"}],"about":[{"href":"https:\/\/remembrancewalk.ca\/fr\/wp-json\/wp\/v2\/types\/page"}],"author":[{"embeddable":true,"href":"https:\/\/remembrancewalk.ca\/fr\/wp-json\/wp\/v2\/users\/30979"}],"replies":[{"embeddable":true,"href":"https:\/\/remembrancewalk.ca\/fr\/wp-json\/wp\/v2\/comments?post=9"}],"version-history":[{"count":5,"href":"https:\/\/remembrancewalk.ca\/fr\/wp-json\/wp\/v2\/pages\/9\/revisions"}],"predecessor-version":[{"id":4354,"href":"https:\/\/remembrancewalk.ca\/fr\/wp-json\/wp\/v2\/pages\/9\/revisions\/4354"}],"wp:attachment":[{"href":"https:\/\/remembrancewalk.ca\/fr\/wp-json\/wp\/v2\/media?parent=9"}],"curies":[{"name":"wp","href":"https:\/\/api.w.org\/{rel}","templated":true}]}}