{"id":585,"date":"2015-02-03T20:10:24","date_gmt":"2015-02-03T20:10:24","guid":{"rendered":"https:\/\/remembrancewalk.ca\/?page_id=585"},"modified":"2023-06-21T20:06:30","modified_gmt":"2023-06-21T20:06:30","slug":"rest-day-in-valguernera","status":"publish","type":"page","link":"https:\/\/remembrancewalk.ca\/fr\/rest-day-in-valguernera\/","title":{"rendered":"Jour 12 : Journ\u00e9e de repos \u00e0 Valguarnera"},"content":{"rendered":"<div data-elementor-type=\"wp-page\" data-elementor-id=\"585\" class=\"elementor elementor-585\" data-elementor-post-type=\"page\">\n\t\t\t\t\t\t<section class=\"elementor-section elementor-top-section elementor-element elementor-element-20e546af elementor-section-boxed elementor-section-height-default elementor-section-height-default\" data-id=\"20e546af\" data-element_type=\"section\" data-e-type=\"section\">\n\t\t\t\t\t\t<div class=\"elementor-container elementor-column-gap-default\">\n\t\t\t\t\t<div class=\"elementor-column elementor-col-100 elementor-top-column elementor-element elementor-element-45524b03\" data-id=\"45524b03\" data-element_type=\"column\" data-e-type=\"column\">\n\t\t\t<div class=\"elementor-widget-wrap elementor-element-populated\">\n\t\t\t\t\t\t<div class=\"elementor-element elementor-element-7e089b72 elementor-widget elementor-widget-text-editor\" data-id=\"7e089b72\" data-element_type=\"widget\" data-e-type=\"widget\" data-widget_type=\"text-editor.default\">\n\t\t\t\t<div class=\"elementor-widget-container\">\n\t\t\t\t\t\t\t\t\t<p>Valguarnera Caropepe est une belle ville situ\u00e9e dans la r\u00e9gion montagneuse de la Sicile. La ville elle-m\u00eame se trouve \u00e0 plus de 1900 pieds au-dessus du niveau de la mer, ce qui inspire de belles vues et des randonn\u00e9es.<\/p><p>\u00a0<\/p><p>La ville a connu une croissance remarquable depuis le 19e si\u00e8cle, gr\u00e2ce \u00e0 l'essor de l'exploitation du soufre. Heureusement, la ville ne sent pas le soufre.<\/p><p>\u00a0<\/p><p>Valguarnera a une histoire incroyable, avec des artefacts dans les environs qui remontent au 7\u00e8me si\u00e8cle avant JC, ainsi que de belles \u00e9glises et l'un des plus beaux Municipios (h\u00f4tel de ville) que nous verrons pendant le voyage.<\/p><h2><strong>Parco Minerario Floristella-Grottacalda<\/strong><\/h2><p>Le parc minier de Floristella-Grottacalda est l'une des parties les plus visit\u00e9es de Valguarnera Caropepe.\u00a0<span class=\"notranslate\">Le parc incorpore les noms de deux mines de soufre abandonn\u00e9es, ce qui donne lieu \u00e0 l'un des \u00e9tablissements arch\u00e9ologiques existants les plus expressifs du sud de l'Italie. <\/span><\/p><p>\u00a0<\/p><p><span class=\"notranslate\">T<\/span><span class=\"notranslate\">Le vaste complexe minier offre une v\u00e9ritable historiographie des diff\u00e9rentes \u00e9poques, permettant aux visiteurs de voir les anciens syst\u00e8mes et techniques d'extraction et de fonte du soufre.<\/span><\/p><p>\u00a0<\/p><p><span class=\"notranslate\">Les calcaroni (fours circulaires pour la fusion et la s\u00e9paration du soufre de la mati\u00e8re inerte), les puits (tunnels semi-verticaux utilis\u00e9s \u00e0 l'\u00e9poque pr\u00e9industrielle pour atteindre le r\u00e9servoir), les forteresses et les installations des puits verticaux (utilis\u00e9s r\u00e9cemment pour la descente dans le monde souterrain) et les fours Gill (syst\u00e8me plus moderne pour la fusion du soufre) sont encore visibles.<\/span><\/p><p><a href=\"https:\/\/remembrancewalk.ca\/wp-content\/uploads\/2015\/02\/4-miniera-floristella-enna-sicilia-batteria-forni-gill.jpg\"><img fetchpriority=\"high\" decoding=\"async\" class=\"aligncenter size-medium wp-image-663\" src=\"https:\/\/remembrancewalk.ca\/wp-content\/uploads\/2015\/02\/4-miniera-floristella-enna-sicilia-batteria-forni-gill-300x225.jpg\" alt=\"4-miniera-floristella-enna-sicilia-batteria-forni-gill\" width=\"300\" height=\"225\" srcset=\"https:\/\/remembrancewalk.ca\/wp-content\/uploads\/2015\/02\/4-miniera-floristella-enna-sicilia-batteria-forni-gill-300x225.jpg 300w, https:\/\/remembrancewalk.ca\/wp-content\/uploads\/2015\/02\/4-miniera-floristella-enna-sicilia-batteria-forni-gill-1024x768.jpg 1024w, https:\/\/remembrancewalk.ca\/wp-content\/uploads\/2015\/02\/4-miniera-floristella-enna-sicilia-batteria-forni-gill-1080x810.jpg 1080w, https:\/\/remembrancewalk.ca\/wp-content\/uploads\/2015\/02\/4-miniera-floristella-enna-sicilia-batteria-forni-gill.jpg 1200w\" sizes=\"(max-width: 300px) 100vw, 300px\" \/><\/a><\/p><h2><strong>Casa Museo Caripa<\/strong><\/h2><p>Valguarnera Caropepe, comme une grande partie de la Sicile, est une ville ancienne qui a connu de nombreux conqu\u00e9rants et dirigeants. C'est gr\u00e2ce \u00e0 ces conqu\u00eates que la civilisation a \u00e9volu\u00e9 et que chaque r\u00e9gion du monde est unique.<\/p><p>\u00a0<\/p><p>Valguarnera poss\u00e8de une culture et une histoire uniques, et la crainte de perdre cette culture et cette tradition est \u00e0 l'origine de la cr\u00e9ation de la Casa Museo Caripa. Ce mus\u00e9e vise \u00e0 pr\u00e9server la culture de l'\u00e9poque entre le 19e et le 20e si\u00e8cle, et plus particuli\u00e8rement \u00e0 d\u00e9peindre la vie domestique et sociale de cette \u00e9poque. La Casa Museo Caripa est une attraction tr\u00e8s populaire parmi les habitants et les visiteurs, et est \u00e0 voir absolument si vous \u00eates dans la r\u00e9gion.<\/p><p><img decoding=\"async\" class=\"alignnone\" src=\"https:\/\/pbs.twimg.com\/media\/B8ldFM2CMAAUHQX.jpg\" alt=\"\" width=\"600\" height=\"450\" \/><\/p><h2><strong>Mus\u00e9e ethno-anthropologique et de l'\u00e9migration du Valguarnerese<\/strong><\/h2><p>En anglais, il s'appelle The Museum of Ethno-Anthropological and Emigration (mus\u00e9e ethno-anthropologique et de l'\u00e9migration). Ce mus\u00e9e vous touchera au plus profond de vous-m\u00eame lorsque vous le visiterez. Il repr\u00e9sente la lutte du peuple Valguarneresi dans le pass\u00e9.<\/p><p>\u00a0<\/p><p>En tant que ville mini\u00e8re, de nombreux citoyens et immigrants travaillaient dans des conditions tr\u00e8s difficiles, \u00e0 la fois dans les mines et dans les champs. En vous promenant dans le mus\u00e9e, vous verrez des photos et des outils illustrant ce qu'\u00e9tait la vie dans une ville mini\u00e8re pauvre il y a environ 150 ans.<\/p><p>\u00a0<\/p><p>Il est important de se souvenir du pass\u00e9 afin d'ouvrir la voie \u00e0 un avenir meilleur. La visite dure environ une heure et permet aux visiteurs de mieux comprendre l'histoire de la ville et d'appr\u00e9cier les lois et les pratiques contemporaines en mati\u00e8re de travail.<\/p><p><img decoding=\"async\" class=\"alignnone\" src=\"http:\/\/media-cdn.tripadvisor.com\/media\/photo-s\/05\/b3\/c7\/e6\/museo-etno-antropologico.jpg\" alt=\"\" width=\"550\" height=\"418\" \/><\/p>\t\t\t\t\t\t\t\t<\/div>\n\t\t\t\t<\/div>\n\t\t\t\t<div class=\"elementor-element elementor-element-4f4f9c8 elementor-align-center elementor-widget elementor-widget-button\" data-id=\"4f4f9c8\" data-element_type=\"widget\" data-e-type=\"widget\" data-widget_type=\"button.default\">\n\t\t\t\t<div class=\"elementor-widget-container\">\n\t\t\t\t\t\t\t\t\t<div class=\"elementor-button-wrapper\">\n\t\t\t\t\t<a class=\"elementor-button elementor-button-link elementor-size-sm\" href=\"https:\/\/remembrancewalk.ca\/fr\/operation-husky-walk-for-remembrance-peace\/\">\n\t\t\t\t\t\t<span class=\"elementor-button-content-wrapper\">\n\t\t\t\t\t\t\t\t\t<span class=\"elementor-button-text\">Back to Self Guided Tour<\/span>\n\t\t\t\t\t<\/span>\n\t\t\t\t\t<\/a>\n\t\t\t\t<\/div>\n\t\t\t\t\t\t\t\t<\/div>\n\t\t\t\t<\/div>\n\t\t\t\t<section class=\"elementor-section elementor-inner-section elementor-element elementor-element-03f5abc elementor-section-boxed elementor-section-height-default elementor-section-height-default\" data-id=\"03f5abc\" data-element_type=\"section\" data-e-type=\"section\">\n\t\t\t\t\t\t<div class=\"elementor-container elementor-column-gap-default\">\n\t\t\t\t\t<div class=\"elementor-column elementor-col-50 elementor-inner-column elementor-element elementor-element-0f169d4\" data-id=\"0f169d4\" data-element_type=\"column\" data-e-type=\"column\">\n\t\t\t<div class=\"elementor-widget-wrap elementor-element-populated\">\n\t\t\t\t\t\t<div class=\"elementor-element elementor-element-a334622 elementor-view-default elementor-widget elementor-widget-icon\" data-id=\"a334622\" data-element_type=\"widget\" data-e-type=\"widget\" data-widget_type=\"icon.default\">\n\t\t\t\t<div class=\"elementor-widget-container\">\n\t\t\t\t\t\t\t<div class=\"elementor-icon-wrapper\">\n\t\t\t<a class=\"elementor-icon\" href=\"https:\/\/remembrancewalk.ca\/fr\/day-11-walk-from-piazza-armerina-to-valguernera\/\">\n\t\t\t<i aria-hidden=\"true\" class=\"far fa-arrow-alt-circle-left\"><\/i>\t\t\t<\/a>\n\t\t<\/div>\n\t\t\t\t\t\t<\/div>\n\t\t\t\t<\/div>\n\t\t\t\t\t<\/div>\n\t\t<\/div>\n\t\t\t\t<div class=\"elementor-column elementor-col-50 elementor-inner-column elementor-element elementor-element-d6c465f\" data-id=\"d6c465f\" data-element_type=\"column\" data-e-type=\"column\">\n\t\t\t<div class=\"elementor-widget-wrap elementor-element-populated\">\n\t\t\t\t\t\t<div class=\"elementor-element elementor-element-80b91c4 elementor-view-default elementor-widget elementor-widget-icon\" data-id=\"80b91c4\" data-element_type=\"widget\" data-e-type=\"widget\" data-widget_type=\"icon.default\">\n\t\t\t\t<div class=\"elementor-widget-container\">\n\t\t\t\t\t\t\t<div class=\"elementor-icon-wrapper\">\n\t\t\t<a class=\"elementor-icon\" href=\"https:\/\/remembrancewalk.ca\/fr\/day-13-walk-from-valguerna-to-assoro\/\">\n\t\t\t<i aria-hidden=\"true\" class=\"far fa-arrow-alt-circle-right\"><\/i>\t\t\t<\/a>\n\t\t<\/div>\n\t\t\t\t\t\t<\/div>\n\t\t\t\t<\/div>\n\t\t\t\t\t<\/div>\n\t\t<\/div>\n\t\t\t\t\t<\/div>\n\t\t<\/section>\n\t\t\t\t\t<\/div>\n\t\t<\/div>\n\t\t\t\t\t<\/div>\n\t\t<\/section>\n\t\t\t\t<\/div>","protected":false},"excerpt":{"rendered":"<p>Valguarnera Caropepe is a beautiful town situated in the mountainous region of Sicily. The town itself is over 1900 ft above sea level, which inspires beautiful views and hikes. \u00a0 The town has seen remarkable growth since the 19th century, due to a boom in sulfur mining. Fortunately, the town does not smell like Sulphur. [&hellip;]<\/p>\n","protected":false},"author":30979,"featured_media":0,"parent":0,"menu_order":0,"comment_status":"closed","ping_status":"closed","template":"","meta":{"footnotes":""},"class_list":["post-585","page","type-page","status-publish","hentry"],"_links":{"self":[{"href":"https:\/\/remembrancewalk.ca\/fr\/wp-json\/wp\/v2\/pages\/585","targetHints":{"allow":["GET"]}}],"collection":[{"href":"https:\/\/remembrancewalk.ca\/fr\/wp-json\/wp\/v2\/pages"}],"about":[{"href":"https:\/\/remembrancewalk.ca\/fr\/wp-json\/wp\/v2\/types\/page"}],"author":[{"embeddable":true,"href":"https:\/\/remembrancewalk.ca\/fr\/wp-json\/wp\/v2\/users\/30979"}],"replies":[{"embeddable":true,"href":"https:\/\/remembrancewalk.ca\/fr\/wp-json\/wp\/v2\/comments?post=585"}],"version-history":[{"count":5,"href":"https:\/\/remembrancewalk.ca\/fr\/wp-json\/wp\/v2\/pages\/585\/revisions"}],"predecessor-version":[{"id":4892,"href":"https:\/\/remembrancewalk.ca\/fr\/wp-json\/wp\/v2\/pages\/585\/revisions\/4892"}],"wp:attachment":[{"href":"https:\/\/remembrancewalk.ca\/fr\/wp-json\/wp\/v2\/media?parent=585"}],"curies":[{"name":"wp","href":"https:\/\/api.w.org\/{rel}","templated":true}]}}