{"id":4368,"date":"2023-05-11T19:03:35","date_gmt":"2023-05-11T19:03:35","guid":{"rendered":"https:\/\/remembrancewalk.ca\/?page_id=4368"},"modified":"2023-06-27T18:02:29","modified_gmt":"2023-06-27T18:02:29","slug":"sponsors","status":"publish","type":"page","link":"https:\/\/remembrancewalk.ca\/fr\/sponsors\/","title":{"rendered":"Parrains"},"content":{"rendered":"<div data-elementor-type=\"wp-page\" data-elementor-id=\"4368\" class=\"elementor elementor-4368\" data-elementor-post-type=\"page\">\n\t\t\t\t\t\t<section class=\"elementor-section elementor-top-section elementor-element elementor-element-bb45481 elementor-section-content-top elementor-section-boxed elementor-section-height-default elementor-section-height-default\" data-id=\"bb45481\" data-element_type=\"section\" data-e-type=\"section\">\n\t\t\t\t\t\t<div class=\"elementor-container elementor-column-gap-default\">\n\t\t\t\t\t<div class=\"elementor-column elementor-col-100 elementor-top-column elementor-element elementor-element-b581c66\" data-id=\"b581c66\" data-element_type=\"column\" data-e-type=\"column\">\n\t\t\t<div class=\"elementor-widget-wrap elementor-element-populated\">\n\t\t\t\t\t\t<div class=\"elementor-element elementor-element-85b5fde elementor-widget__width-initial elementor-widget elementor-widget-heading\" data-id=\"85b5fde\" data-element_type=\"widget\" data-e-type=\"widget\" data-widget_type=\"heading.default\">\n\t\t\t\t<div class=\"elementor-widget-container\">\n\t\t\t\t\t<h2 class=\"elementor-heading-title elementor-size-default\">Platinum Sponsor<\/h2>\t\t\t\t<\/div>\n\t\t\t\t<\/div>\n\t\t\t\t<div class=\"elementor-element elementor-element-938e960 elementor-widget elementor-widget-image\" data-id=\"938e960\" data-element_type=\"widget\" data-e-type=\"widget\" data-widget_type=\"image.default\">\n\t\t\t\t<div class=\"elementor-widget-container\">\n\t\t\t\t\t\t\t\t\t\t\t\t\t\t\t<img decoding=\"async\" width=\"300\" height=\"101\" src=\"https:\/\/remembrancewalk.ca\/wp-content\/uploads\/2023\/06\/isaix-platinum-400-x-135-300x101.jpg\" class=\"attachment-medium size-medium wp-image-4398\" alt=\"\" srcset=\"https:\/\/remembrancewalk.ca\/wp-content\/uploads\/2023\/06\/isaix-platinum-400-x-135-300x101.jpg 300w, https:\/\/remembrancewalk.ca\/wp-content\/uploads\/2023\/06\/isaix-platinum-400-x-135-18x6.jpg 18w, https:\/\/remembrancewalk.ca\/wp-content\/uploads\/2023\/06\/isaix-platinum-400-x-135.jpg 400w\" sizes=\"(max-width: 300px) 100vw, 300px\" \/>\t\t\t\t\t\t\t\t\t\t\t\t\t\t\t<\/div>\n\t\t\t\t<\/div>\n\t\t\t\t<div class=\"elementor-element elementor-element-f6be37a elementor-widget elementor-widget-heading\" data-id=\"f6be37a\" data-element_type=\"widget\" data-e-type=\"widget\" data-widget_type=\"heading.default\">\n\t\t\t\t<div class=\"elementor-widget-container\">\n\t\t\t\t\t<h2 class=\"elementor-heading-title elementor-size-default\">Gold Sponsor<\/h2>\t\t\t\t<\/div>\n\t\t\t\t<\/div>\n\t\t\t\t<section class=\"elementor-section elementor-inner-section elementor-element elementor-element-fe84bb7 elementor-section-boxed elementor-section-height-default elementor-section-height-default\" data-id=\"fe84bb7\" data-element_type=\"section\" data-e-type=\"section\">\n\t\t\t\t\t\t<div class=\"elementor-container elementor-column-gap-default\">\n\t\t\t\t\t<div class=\"elementor-column elementor-col-100 elementor-inner-column elementor-element elementor-element-f7bb36e\" data-id=\"f7bb36e\" data-element_type=\"column\" data-e-type=\"column\">\n\t\t\t<div class=\"elementor-widget-wrap elementor-element-populated\">\n\t\t\t\t\t\t<div class=\"elementor-element elementor-element-a756830 elementor-widget elementor-widget-image\" data-id=\"a756830\" data-element_type=\"widget\" data-e-type=\"widget\" data-widget_type=\"image.default\">\n\t\t\t\t<div class=\"elementor-widget-container\">\n\t\t\t\t\t\t\t\t\t\t\t\t\t\t\t<img fetchpriority=\"high\" decoding=\"async\" width=\"300\" height=\"173\" src=\"https:\/\/remembrancewalk.ca\/wp-content\/uploads\/2023\/06\/3BAM-Grand-Logo-Final-et-Signature--300x173.jpg\" class=\"attachment-medium size-medium wp-image-4775\" alt=\"\" srcset=\"https:\/\/remembrancewalk.ca\/wp-content\/uploads\/2023\/06\/3BAM-Grand-Logo-Final-et-Signature--300x173.jpg 300w, https:\/\/remembrancewalk.ca\/wp-content\/uploads\/2023\/06\/3BAM-Grand-Logo-Final-et-Signature--1024x591.jpg 1024w, https:\/\/remembrancewalk.ca\/wp-content\/uploads\/2023\/06\/3BAM-Grand-Logo-Final-et-Signature--768x444.jpg 768w, https:\/\/remembrancewalk.ca\/wp-content\/uploads\/2023\/06\/3BAM-Grand-Logo-Final-et-Signature--1536x887.jpg 1536w, https:\/\/remembrancewalk.ca\/wp-content\/uploads\/2023\/06\/3BAM-Grand-Logo-Final-et-Signature--2048x1183.jpg 2048w, https:\/\/remembrancewalk.ca\/wp-content\/uploads\/2023\/06\/3BAM-Grand-Logo-Final-et-Signature--18x10.jpg 18w, https:\/\/remembrancewalk.ca\/wp-content\/uploads\/2023\/06\/3BAM-Grand-Logo-Final-et-Signature--1200x693.jpg 1200w, https:\/\/remembrancewalk.ca\/wp-content\/uploads\/2023\/06\/3BAM-Grand-Logo-Final-et-Signature--1980x1144.jpg 1980w\" sizes=\"(max-width: 300px) 100vw, 300px\" \/>\t\t\t\t\t\t\t\t\t\t\t\t\t\t\t<\/div>\n\t\t\t\t<\/div>\n\t\t\t\t\t<\/div>\n\t\t<\/div>\n\t\t\t\t\t<\/div>\n\t\t<\/section>\n\t\t\t\t<div class=\"elementor-element elementor-element-7d31e67 elementor-widget elementor-widget-heading\" data-id=\"7d31e67\" data-element_type=\"widget\" data-e-type=\"widget\" data-widget_type=\"heading.default\">\n\t\t\t\t<div class=\"elementor-widget-container\">\n\t\t\t\t\t<h2 class=\"elementor-heading-title elementor-size-default\">Silver Sponsors<\/h2>\t\t\t\t<\/div>\n\t\t\t\t<\/div>\n\t\t\t\t<section class=\"elementor-section elementor-inner-section elementor-element elementor-element-276e507 elementor-section-boxed elementor-section-height-default elementor-section-height-default\" data-id=\"276e507\" data-element_type=\"section\" data-e-type=\"section\">\n\t\t\t\t\t\t<div class=\"elementor-container elementor-column-gap-default\">\n\t\t\t\t\t<div class=\"elementor-column elementor-col-50 elementor-inner-column elementor-element elementor-element-39c4fe3\" data-id=\"39c4fe3\" data-element_type=\"column\" data-e-type=\"column\">\n\t\t\t<div class=\"elementor-widget-wrap elementor-element-populated\">\n\t\t\t\t\t\t<div class=\"elementor-element elementor-element-cadfdce elementor-widget elementor-widget-image\" data-id=\"cadfdce\" data-element_type=\"widget\" data-e-type=\"widget\" data-widget_type=\"image.default\">\n\t\t\t\t<div class=\"elementor-widget-container\">\n\t\t\t\t\t\t\t\t\t\t\t\t\t\t\t<img decoding=\"async\" width=\"300\" height=\"169\" src=\"https:\/\/remembrancewalk.ca\/wp-content\/uploads\/2023\/05\/Air-Canada-Silver-level-sponsor-300x169.png\" class=\"attachment-medium size-medium wp-image-4387\" alt=\"\" srcset=\"https:\/\/remembrancewalk.ca\/wp-content\/uploads\/2023\/05\/Air-Canada-Silver-level-sponsor-300x169.png 300w, https:\/\/remembrancewalk.ca\/wp-content\/uploads\/2023\/05\/Air-Canada-Silver-level-sponsor-1024x576.png 1024w, https:\/\/remembrancewalk.ca\/wp-content\/uploads\/2023\/05\/Air-Canada-Silver-level-sponsor-768x432.png 768w, https:\/\/remembrancewalk.ca\/wp-content\/uploads\/2023\/05\/Air-Canada-Silver-level-sponsor-1536x864.png 1536w, https:\/\/remembrancewalk.ca\/wp-content\/uploads\/2023\/05\/Air-Canada-Silver-level-sponsor-2048x1152.png 2048w, https:\/\/remembrancewalk.ca\/wp-content\/uploads\/2023\/05\/Air-Canada-Silver-level-sponsor-18x10.png 18w, https:\/\/remembrancewalk.ca\/wp-content\/uploads\/2023\/05\/Air-Canada-Silver-level-sponsor-1200x675.png 1200w, https:\/\/remembrancewalk.ca\/wp-content\/uploads\/2023\/05\/Air-Canada-Silver-level-sponsor-1980x1114.png 1980w\" sizes=\"(max-width: 300px) 100vw, 300px\" \/>\t\t\t\t\t\t\t\t\t\t\t\t\t\t\t<\/div>\n\t\t\t\t<\/div>\n\t\t\t\t\t<\/div>\n\t\t<\/div>\n\t\t\t\t<div class=\"elementor-column elementor-col-50 elementor-inner-column elementor-element elementor-element-13982b4\" data-id=\"13982b4\" data-element_type=\"column\" data-e-type=\"column\">\n\t\t\t<div class=\"elementor-widget-wrap elementor-element-populated\">\n\t\t\t\t\t\t<div class=\"elementor-element elementor-element-ea5d9fa elementor-widget elementor-widget-image\" data-id=\"ea5d9fa\" data-element_type=\"widget\" data-e-type=\"widget\" data-widget_type=\"image.default\">\n\t\t\t\t<div class=\"elementor-widget-container\">\n\t\t\t\t\t\t\t\t\t\t\t\t\t\t\t<img loading=\"lazy\" decoding=\"async\" width=\"500\" height=\"200\" src=\"https:\/\/remembrancewalk.ca\/wp-content\/uploads\/2023\/06\/logo-maxsys-en.webp\" class=\"attachment-large size-large wp-image-4774\" alt=\"\" srcset=\"https:\/\/remembrancewalk.ca\/wp-content\/uploads\/2023\/06\/logo-maxsys-en.webp 500w, https:\/\/remembrancewalk.ca\/wp-content\/uploads\/2023\/06\/logo-maxsys-en-300x120.webp 300w, https:\/\/remembrancewalk.ca\/wp-content\/uploads\/2023\/06\/logo-maxsys-en-18x7.webp 18w\" sizes=\"(max-width: 500px) 100vw, 500px\" \/>\t\t\t\t\t\t\t\t\t\t\t\t\t\t\t<\/div>\n\t\t\t\t<\/div>\n\t\t\t\t\t<\/div>\n\t\t<\/div>\n\t\t\t\t\t<\/div>\n\t\t<\/section>\n\t\t\t\t<section class=\"elementor-section elementor-inner-section elementor-element elementor-element-dfdd48d elementor-section-boxed elementor-section-height-default elementor-section-height-default\" data-id=\"dfdd48d\" data-element_type=\"section\" data-e-type=\"section\">\n\t\t\t\t\t\t<div class=\"elementor-container elementor-column-gap-default\">\n\t\t\t\t\t<div class=\"elementor-column elementor-col-100 elementor-inner-column elementor-element elementor-element-5a80d99\" data-id=\"5a80d99\" data-element_type=\"column\" data-e-type=\"column\">\n\t\t\t<div class=\"elementor-widget-wrap elementor-element-populated\">\n\t\t\t\t\t\t<div class=\"elementor-element elementor-element-a614255 elementor-widget elementor-widget-image\" data-id=\"a614255\" data-element_type=\"widget\" data-e-type=\"widget\" data-widget_type=\"image.default\">\n\t\t\t\t<div class=\"elementor-widget-container\">\n\t\t\t\t\t\t\t\t\t\t\t\t\t\t\t<img loading=\"lazy\" decoding=\"async\" width=\"300\" height=\"130\" src=\"https:\/\/remembrancewalk.ca\/wp-content\/uploads\/2023\/06\/NWORA-300x130.png\" class=\"attachment-medium size-medium wp-image-4949\" alt=\"\" srcset=\"https:\/\/remembrancewalk.ca\/wp-content\/uploads\/2023\/06\/NWORA-300x130.png 300w, https:\/\/remembrancewalk.ca\/wp-content\/uploads\/2023\/06\/NWORA-768x333.png 768w, https:\/\/remembrancewalk.ca\/wp-content\/uploads\/2023\/06\/NWORA-18x8.png 18w, https:\/\/remembrancewalk.ca\/wp-content\/uploads\/2023\/06\/NWORA.png 1017w\" sizes=\"(max-width: 300px) 100vw, 300px\" \/>\t\t\t\t\t\t\t\t\t\t\t\t\t\t\t<\/div>\n\t\t\t\t<\/div>\n\t\t\t\t\t<\/div>\n\t\t<\/div>\n\t\t\t\t\t<\/div>\n\t\t<\/section>\n\t\t\t\t<div class=\"elementor-element elementor-element-a9d937f elementor-widget elementor-widget-heading\" data-id=\"a9d937f\" data-element_type=\"widget\" data-e-type=\"widget\" data-widget_type=\"heading.default\">\n\t\t\t\t<div class=\"elementor-widget-container\">\n\t\t\t\t\t<h2 class=\"elementor-heading-title elementor-size-default\">Bronze Sponsor<\/h2>\t\t\t\t<\/div>\n\t\t\t\t<\/div>\n\t\t\t\t<section class=\"elementor-section elementor-inner-section elementor-element elementor-element-5dd4126 elementor-section-boxed elementor-section-height-default elementor-section-height-default\" data-id=\"5dd4126\" data-element_type=\"section\" data-e-type=\"section\">\n\t\t\t\t\t\t<div class=\"elementor-container elementor-column-gap-default\">\n\t\t\t\t\t<div class=\"elementor-column elementor-col-100 elementor-inner-column elementor-element elementor-element-e1ddd3f\" data-id=\"e1ddd3f\" data-element_type=\"column\" data-e-type=\"column\">\n\t\t\t<div class=\"elementor-widget-wrap elementor-element-populated\">\n\t\t\t\t\t\t<div class=\"elementor-element elementor-element-f1ea6d6 elementor-widget__width-initial elementor-widget elementor-widget-image\" data-id=\"f1ea6d6\" data-element_type=\"widget\" data-e-type=\"widget\" data-widget_type=\"image.default\">\n\t\t\t\t<div class=\"elementor-widget-container\">\n\t\t\t\t\t\t\t\t\t\t\t\t\t\t\t<img loading=\"lazy\" decoding=\"async\" width=\"300\" height=\"121\" src=\"https:\/\/remembrancewalk.ca\/wp-content\/uploads\/2023\/05\/Alpha-Bronze-level-sponsor-300x121.png\" class=\"attachment-medium size-medium wp-image-4376\" alt=\"\" srcset=\"https:\/\/remembrancewalk.ca\/wp-content\/uploads\/2023\/05\/Alpha-Bronze-level-sponsor-300x121.png 300w, https:\/\/remembrancewalk.ca\/wp-content\/uploads\/2023\/05\/Alpha-Bronze-level-sponsor-18x7.png 18w, https:\/\/remembrancewalk.ca\/wp-content\/uploads\/2023\/05\/Alpha-Bronze-level-sponsor.png 350w\" sizes=\"(max-width: 300px) 100vw, 300px\" \/>\t\t\t\t\t\t\t\t\t\t\t\t\t\t\t<\/div>\n\t\t\t\t<\/div>\n\t\t\t\t<div class=\"elementor-element elementor-element-896d21f elementor-widget__width-initial elementor-widget elementor-widget-image\" data-id=\"896d21f\" data-element_type=\"widget\" data-e-type=\"widget\" data-widget_type=\"image.default\">\n\t\t\t\t<div class=\"elementor-widget-container\">\n\t\t\t\t\t\t\t\t\t\t\t\t\t\t\t<img loading=\"lazy\" decoding=\"async\" width=\"178\" height=\"300\" src=\"https:\/\/remembrancewalk.ca\/wp-content\/uploads\/2023\/06\/Matross-CourLibera_coul-178x300.png\" class=\"attachment-medium size-medium wp-image-4948\" alt=\"\" srcset=\"https:\/\/remembrancewalk.ca\/wp-content\/uploads\/2023\/06\/Matross-CourLibera_coul-178x300.png 178w, https:\/\/remembrancewalk.ca\/wp-content\/uploads\/2023\/06\/Matross-CourLibera_coul-607x1024.png 607w, https:\/\/remembrancewalk.ca\/wp-content\/uploads\/2023\/06\/Matross-CourLibera_coul-768x1295.png 768w, https:\/\/remembrancewalk.ca\/wp-content\/uploads\/2023\/06\/Matross-CourLibera_coul-911x1536.png 911w, https:\/\/remembrancewalk.ca\/wp-content\/uploads\/2023\/06\/Matross-CourLibera_coul-1215x2048.png 1215w, https:\/\/remembrancewalk.ca\/wp-content\/uploads\/2023\/06\/Matross-CourLibera_coul-7x12.png 7w, https:\/\/remembrancewalk.ca\/wp-content\/uploads\/2023\/06\/Matross-CourLibera_coul-1200x2023.png 1200w, https:\/\/remembrancewalk.ca\/wp-content\/uploads\/2023\/06\/Matross-CourLibera_coul.png 1600w\" sizes=\"(max-width: 178px) 100vw, 178px\" \/>\t\t\t\t\t\t\t\t\t\t\t\t\t\t\t<\/div>\n\t\t\t\t<\/div>\n\t\t\t\t\t<\/div>\n\t\t<\/div>\n\t\t\t\t\t<\/div>\n\t\t<\/section>\n\t\t\t\t<div class=\"elementor-element elementor-element-59cdfe4 elementor-widget elementor-widget-heading\" data-id=\"59cdfe4\" data-element_type=\"widget\" data-e-type=\"widget\" data-widget_type=\"heading.default\">\n\t\t\t\t<div class=\"elementor-widget-container\">\n\t\t\t\t\t<h2 class=\"elementor-heading-title elementor-size-default\">Friends<\/h2>\t\t\t\t<\/div>\n\t\t\t\t<\/div>\n\t\t\t\t<section class=\"elementor-section elementor-inner-section elementor-element elementor-element-522b111 elementor-section-boxed elementor-section-height-default elementor-section-height-default\" data-id=\"522b111\" data-element_type=\"section\" data-e-type=\"section\">\n\t\t\t\t\t\t<div class=\"elementor-container elementor-column-gap-default\">\n\t\t\t\t\t<div class=\"elementor-column elementor-col-50 elementor-inner-column elementor-element elementor-element-cb62d18\" data-id=\"cb62d18\" data-element_type=\"column\" data-e-type=\"column\">\n\t\t\t<div class=\"elementor-widget-wrap elementor-element-populated\">\n\t\t\t\t\t\t<div class=\"elementor-element elementor-element-d42b460 elementor-widget elementor-widget-image\" data-id=\"d42b460\" data-element_type=\"widget\" data-e-type=\"widget\" data-widget_type=\"image.default\">\n\t\t\t\t<div class=\"elementor-widget-container\">\n\t\t\t\t\t\t\t\t\t\t\t\t\t\t\t<img loading=\"lazy\" decoding=\"async\" width=\"580\" height=\"290\" src=\"https:\/\/remembrancewalk.ca\/wp-content\/uploads\/2023\/05\/Seaboard-Friends-sponsor-.pdf-1024x512.jpg\" class=\"attachment-large size-large wp-image-4388\" alt=\"\" srcset=\"https:\/\/remembrancewalk.ca\/wp-content\/uploads\/2023\/05\/Seaboard-Friends-sponsor-.pdf-1024x512.jpg 1024w, https:\/\/remembrancewalk.ca\/wp-content\/uploads\/2023\/05\/Seaboard-Friends-sponsor-.pdf-300x150.jpg 300w, https:\/\/remembrancewalk.ca\/wp-content\/uploads\/2023\/05\/Seaboard-Friends-sponsor-.pdf-768x384.jpg 768w, https:\/\/remembrancewalk.ca\/wp-content\/uploads\/2023\/05\/Seaboard-Friends-sponsor-.pdf-1536x768.jpg 1536w, https:\/\/remembrancewalk.ca\/wp-content\/uploads\/2023\/05\/Seaboard-Friends-sponsor-.pdf-2048x1024.jpg 2048w, https:\/\/remembrancewalk.ca\/wp-content\/uploads\/2023\/05\/Seaboard-Friends-sponsor-.pdf-18x9.jpg 18w, https:\/\/remembrancewalk.ca\/wp-content\/uploads\/2023\/05\/Seaboard-Friends-sponsor-.pdf-1200x600.jpg 1200w, https:\/\/remembrancewalk.ca\/wp-content\/uploads\/2023\/05\/Seaboard-Friends-sponsor-.pdf-1980x990.jpg 1980w\" sizes=\"(max-width: 580px) 100vw, 580px\" \/>\t\t\t\t\t\t\t\t\t\t\t\t\t\t\t<\/div>\n\t\t\t\t<\/div>\n\t\t\t\t\t<\/div>\n\t\t<\/div>\n\t\t\t\t<div class=\"elementor-column elementor-col-50 elementor-inner-column elementor-element elementor-element-0f24ddb\" data-id=\"0f24ddb\" data-element_type=\"column\" data-e-type=\"column\">\n\t\t\t<div class=\"elementor-widget-wrap elementor-element-populated\">\n\t\t\t\t\t\t<div class=\"elementor-element elementor-element-bbc524a elementor-widget elementor-widget-image\" data-id=\"bbc524a\" data-element_type=\"widget\" data-e-type=\"widget\" data-widget_type=\"image.default\">\n\t\t\t\t<div class=\"elementor-widget-container\">\n\t\t\t\t\t\t\t\t\t\t\t\t\t\t\t<img loading=\"lazy\" decoding=\"async\" width=\"300\" height=\"216\" src=\"https:\/\/remembrancewalk.ca\/wp-content\/uploads\/2023\/06\/The-Shooting-Edge_LOGO_EPSc-1-300x216.jpg\" class=\"attachment-medium size-medium wp-image-4922\" alt=\"\" srcset=\"https:\/\/remembrancewalk.ca\/wp-content\/uploads\/2023\/06\/The-Shooting-Edge_LOGO_EPSc-1-300x216.jpg 300w, https:\/\/remembrancewalk.ca\/wp-content\/uploads\/2023\/06\/The-Shooting-Edge_LOGO_EPSc-1-18x12.jpg 18w, https:\/\/remembrancewalk.ca\/wp-content\/uploads\/2023\/06\/The-Shooting-Edge_LOGO_EPSc-1.jpg 551w\" sizes=\"(max-width: 300px) 100vw, 300px\" \/>\t\t\t\t\t\t\t\t\t\t\t\t\t\t\t<\/div>\n\t\t\t\t<\/div>\n\t\t\t\t\t<\/div>\n\t\t<\/div>\n\t\t\t\t\t<\/div>\n\t\t<\/section>\n\t\t\t\t<div class=\"elementor-element elementor-element-b3d1345 elementor-widget elementor-widget-text-editor\" data-id=\"b3d1345\" data-element_type=\"widget\" data-e-type=\"widget\" data-widget_type=\"text-editor.default\">\n\t\t\t\t<div class=\"elementor-widget-container\">\n\t\t\t\t\t\t\t\t\t<p>Ce projet soutient le Forum international pour la paix, la s\u00e9curit\u00e9 et la prosp\u00e9rit\u00e9, qui invite les jeunes \u00e0 participer aux comm\u00e9morations et \u00e0 l'\u00e9tude de ce qui fait que la paix existe vraiment.<\/p><p>\u00a0<\/p><p>Nous acceptons actuellement des dons pour des marqueurs individuels ainsi que des parrainages d'entreprises. Si vous avez des questions, n'h\u00e9sitez pas \u00e0 contacter Steve Gregory \u00e0 l'adresse suivante <a href=\"mailto:steve@isaix.com\">steve@isaix.com<\/a> ou 514-919-5858<\/p><h3>Niveaux de parrainage \"Op\u00e9ration Husky 2023\"<\/h3><h4>Platine : 15 000 $ (maximum de 3)<br \/>Parrainez 100 marqueurs de soldats et vous recevrez :<\/h4><p>\u2022 Un re\u00e7u de charit\u00e9 pour le montant total<\/p><p>\u2022 La capacit\u00e9 de d\u00e9velopper et d'organiser une c\u00e9r\u00e9monie personnalis\u00e9e au Canada ou en Sicile en collaboration avec les organisateurs.<\/p><p>\u2022 Promotion dans toutes les c\u00e9r\u00e9monies, dans la presse et dans la litt\u00e9rature, en tant que sponsor en titre<\/p><p>\u2022 Promotion de la page d'accueil (logo\/nom de grande taille) de notre site web et archivage apr\u00e8s juillet 2023<\/p><p>\u2022 Promotion hebdomadaire dans les mises \u00e0 jour des m\u00e9dias sociaux, les pr\u00e9sentations promotionnelles et les vid\u00e9os.<\/p><p>\u2022 Votre logo\/nom sous forme d'autocollant au dos de chaque marqueur sponsoris\u00e9<\/p><p>\u2022 Votre nom sur le panneau d'information pr\u00e9sent\u00e9 chaque jour de la Marche pour la M\u00e9moire et la Paix<\/p><p>\u2022 Votre nom dans tous les rapports destin\u00e9s aux Forces arm\u00e9es canadiennes et aux Anciens combattants<\/p><p>\u2022 Le cadeau d'une plaque et d'une pi\u00e8ce de monnaie personnalis\u00e9es et la promotion de la pr\u00e9sentation<\/p><h4>Or : 10 000 $ (maximum de 5)<br \/>Parrainez 65 soldats et vous recevrez :<\/h4><p>\u2022 Un re\u00e7u de charit\u00e9 pour le montant total<\/p><p>\u2022 Promotion sur la premi\u00e8re page (logo\/nom de taille moyenne) de notre site web et archivage apr\u00e8s juillet 2023<\/p><p>\u2022 Promotion hebdomadaire dans les m\u00e9dias sociaux, dans des pr\u00e9sentations promotionnelles et dans des vid\u00e9os<\/p><p>\u2022 Votre logo\/nom sous forme d'autocollant au dos de chaque marqueur sponsoris\u00e9<\/p><p>\u2022 Votre nom sur le panneau d'information pr\u00e9sent\u00e9 chaque jour de la Marche pour la M\u00e9moire et la Paix<\/p><p>\u2022 Votre nom dans tous les rapports destin\u00e9s aux Forces arm\u00e9es canadiennes et aux Anciens combattants<\/p><p>\u2022 Une pi\u00e8ce et la promotion de la pr\u00e9sentation sur les m\u00e9dias sociaux<\/p><h4>Argent : 5 000 <br \/>Parrainez 32 soldats marqueurs et vous recevrez :<\/h4><p>\u2022 Un re\u00e7u de charit\u00e9 pour le montant total<\/p><p>\u2022 Promotion sur la page des sponsors de notre site web (logo\/nom de petite taille) et archivage apr\u00e8s juillet 2023<\/p><p>\u2022 Votre logo\/nom sous forme d'autocollant au dos de chaque marqueur sponsoris\u00e9<\/p><p>\u2022 Votre nom sur le panneau d'information pr\u00e9sent\u00e9 chaque jour de la Marche pour la M\u00e9moire et la Paix<\/p><p>\u2022 Votre nom dans tous les rapports destin\u00e9s aux Forces arm\u00e9es canadiennes et aux Anciens combattants<\/p><p>\u2022 Une pi\u00e8ce et la promotion de la pr\u00e9sentation sur les m\u00e9dias sociaux<\/p><h4>Bronze : 2 500 $<br \/>Parrainez 16 soldats marqueurs et vous recevrez :<\/h4><p>\u2022 Un re\u00e7u de charit\u00e9 pour le montant total<\/p><p>\u2022 Promotion sur la page du sponsor (logo\/nom de petite taille) de notre site web et archivage apr\u00e8s juillet 2023<\/p><p>\u2022 Votre logo\/nom sous forme d'autocollant au dos de chaque marqueur sponsoris\u00e9<\/p><p>\u2022 Votre nom sur le panneau d'information pr\u00e9sent\u00e9 chaque jour de la Marche pour la M\u00e9moire et la Paix<\/p><p>\u2022 Votre nom dans tous les rapports destin\u00e9s aux Forces arm\u00e9es canadiennes et aux Anciens combattants<\/p><h4>Amis : 1 000 \u00e0 2 499<\/h4><p>\u2022 Un re\u00e7u de charit\u00e9 pour le montant total<\/p><p>\u2022 Promotion sur la page des sponsors de notre site web et archivage apr\u00e8s juillet 2023<\/p><p>\u2022 Votre nom au dos de chaque marqueur sponsoris\u00e9<\/p><p>Pour plus d'informations sur Op Husky 2023, contactez : Steve Gregory au 514-919-5858 ou <a href=\"mailto:steve@isaix.com\">steve@isaix.com<\/a><\/p><p><strong>Formulaire de don<\/strong><\/p><p>Merci de faire un don \u00e0 notre cause. Il existe trois possibilit\u00e9s de paiement. Pour les dons plus importants, veuillez envisager d'utiliser un ch\u00e8que ou un virement \u00e9lectronique afin de nous aider \u00e0 r\u00e9duire l'impact de la taxe de 4 % sur toutes les transactions par visa.<\/p><p>Le re\u00e7u officiel aux fins de l'imp\u00f4t sur le revenu sera produit par la 3e Batterie d'Artillerie de Campagne de Montr\u00e9al, organisme de bienfaisance canadien enregistr\u00e9 no 859394629 RR0001.<\/p><h5>Option n\u00b0 1 : en ligne :<\/h5><p>Vous pouvez faire un don en ligne, par carte de cr\u00e9dit, \u00e0 l'adresse suivante <a href=\"https:\/\/www.canadahelps.org\/en\/pages\/the-international-forum-for-peace-security-prosper\/\">Canada Helps<\/a><\/p><h5>Option # 2 e-transfert :<\/h5><p>Les virements \u00e9lectroniques peuvent \u00eatre envoy\u00e9s \u00e0 l'adresse suivante : <a href=\"mailto:donations.dons@3BAM.ca\">donations.dons@3BAM.ca<\/a><\/p><h5>Option # 3 Mail :<\/h5><p>Vous pouvez envoyer votre don par ch\u00e8que, adress\u00e9 \u00e0 la 3e Batterie de l'Artillerie de Montr\u00e9al,<\/p><p><strong>Attention :<\/strong> Philippe Lefebvre 100 20th Avenue Deux-Montagnes, Qc J7R 4E8<\/p><p>Pour toute question relative aux dons ou aux re\u00e7us, veuillez contacter Phillipe Lefevre \u00e0 l'adresse suivante <a href=\"mailto:plefebvre9@videotron.ca\">plefebvre9@videotron.ca <\/a>ou (514) 212-0591<\/p><p><strong>Pour la promotion de votre parrainage<\/strong><\/p><p>Veuillez nous envoyer un logo en haute r\u00e9solution pour publication sur notre mat\u00e9riel imprim\u00e9 et promotion en ligne.<\/p><p>Envoyer le logo \u00e0 : Terry Telford \u00e0 <a href=\"mailto:terry@recee.ca\">terry@recee.ca<\/a>.<\/p><p>Pour toute autre question, veuillez contacter Steve Gregory, fondateur des comm\u00e9morations de l'op\u00e9ration Husky 2023, \u00e0 l'adresse suivante <a href=\"mailto:steve@isaix.com\">steve@isaix.com<\/a> or 514-919-5858.<\/p>\t\t\t\t\t\t\t\t<\/div>\n\t\t\t\t<\/div>\n\t\t\t\t\t<\/div>\n\t\t<\/div>\n\t\t\t\t\t<\/div>\n\t\t<\/section>\n\t\t\t\t<section class=\"elementor-section elementor-top-section elementor-element elementor-element-357aa24 elementor-section-boxed elementor-section-height-default elementor-section-height-default\" data-id=\"357aa24\" data-element_type=\"section\" data-e-type=\"section\">\n\t\t\t\t\t\t<div class=\"elementor-container elementor-column-gap-default\">\n\t\t\t\t\t<div class=\"elementor-column elementor-col-100 elementor-top-column elementor-element elementor-element-d663df8\" data-id=\"d663df8\" data-element_type=\"column\" data-e-type=\"column\">\n\t\t\t<div class=\"elementor-widget-wrap elementor-element-populated\">\n\t\t\t\t\t\t<div class=\"elementor-element elementor-element-21d430d elementor-widget elementor-widget-text-editor\" data-id=\"21d430d\" data-element_type=\"widget\" data-e-type=\"widget\" data-widget_type=\"text-editor.default\">\n\t\t\t\t<div class=\"elementor-widget-container\">\n\t\t\t\t\t\t\t\t\t<h2 style=\"text-align: center;\">Merci<\/h2><p>Nous remercions sinc\u00e8rement nos sponsors pour leur g\u00e9n\u00e9rosit\u00e9 et leur soutien.<\/p><p>\u00a0<\/p>\t\t\t\t\t\t\t\t<\/div>\n\t\t\t\t<\/div>\n\t\t\t\t\t<\/div>\n\t\t<\/div>\n\t\t\t\t\t<\/div>\n\t\t<\/section>\n\t\t\t\t<\/div>","protected":false},"excerpt":{"rendered":"<p>Platinum Sponsor Gold Sponsor Silver Sponsors Bronze Sponsor Friends This project is in support of the International Forum for Peace, Security &amp; Prosperity which engages youth in commemorations and the study of what makes peace really happen. \u00a0 We are currently accepting donations for individual markers as well as corporate sponsorships. If you have any [&hellip;]<\/p>\n","protected":false},"author":23,"featured_media":0,"parent":0,"menu_order":0,"comment_status":"closed","ping_status":"closed","template":"","meta":{"footnotes":""},"class_list":["post-4368","page","type-page","status-publish","hentry"],"_links":{"self":[{"href":"https:\/\/remembrancewalk.ca\/fr\/wp-json\/wp\/v2\/pages\/4368","targetHints":{"allow":["GET"]}}],"collection":[{"href":"https:\/\/remembrancewalk.ca\/fr\/wp-json\/wp\/v2\/pages"}],"about":[{"href":"https:\/\/remembrancewalk.ca\/fr\/wp-json\/wp\/v2\/types\/page"}],"author":[{"embeddable":true,"href":"https:\/\/remembrancewalk.ca\/fr\/wp-json\/wp\/v2\/users\/23"}],"replies":[{"embeddable":true,"href":"https:\/\/remembrancewalk.ca\/fr\/wp-json\/wp\/v2\/comments?post=4368"}],"version-history":[{"count":5,"href":"https:\/\/remembrancewalk.ca\/fr\/wp-json\/wp\/v2\/pages\/4368\/revisions"}],"predecessor-version":[{"id":4952,"href":"https:\/\/remembrancewalk.ca\/fr\/wp-json\/wp\/v2\/pages\/4368\/revisions\/4952"}],"wp:attachment":[{"href":"https:\/\/remembrancewalk.ca\/fr\/wp-json\/wp\/v2\/media?parent=4368"}],"curies":[{"name":"wp","href":"https:\/\/api.w.org\/{rel}","templated":true}]}}