{"id":3836,"date":"2023-06-09T19:35:57","date_gmt":"2023-06-09T19:35:57","guid":{"rendered":"https:\/\/remembrancewalk.ca\/?page_id=3836"},"modified":"2023-06-21T17:37:44","modified_gmt":"2023-06-21T17:37:44","slug":"walk-from-the-beach-to-ispica","status":"publish","type":"page","link":"https:\/\/remembrancewalk.ca\/fr\/walk-from-the-beach-to-ispica\/","title":{"rendered":"Jour 1 : Marche de la plage \u00e0 Ispica"},"content":{"rendered":"<div data-elementor-type=\"wp-page\" data-elementor-id=\"3836\" class=\"elementor elementor-3836\" data-elementor-post-type=\"page\">\n\t\t\t\t\t\t<section class=\"elementor-section elementor-top-section elementor-element elementor-element-1fcd48fc elementor-section-boxed elementor-section-height-default elementor-section-height-default\" data-id=\"1fcd48fc\" data-element_type=\"section\" data-e-type=\"section\">\n\t\t\t\t\t\t<div class=\"elementor-container elementor-column-gap-default\">\n\t\t\t\t\t<div class=\"elementor-column elementor-col-100 elementor-top-column elementor-element elementor-element-1aa555cf\" data-id=\"1aa555cf\" data-element_type=\"column\" data-e-type=\"column\">\n\t\t\t<div class=\"elementor-widget-wrap elementor-element-populated\">\n\t\t\t\t\t\t<div class=\"elementor-element elementor-element-69bd3a1e elementor-widget elementor-widget-text-editor\" data-id=\"69bd3a1e\" data-element_type=\"widget\" data-e-type=\"widget\" data-widget_type=\"text-editor.default\">\n\t\t\t\t<div class=\"elementor-widget-container\">\n\t\t\t\t\t\t\t\t\t<p><iframe style=\"border: 0;\" src=\"https:\/\/www.google.com\/maps\/embed?pb=!1m27!1m12!1m3!1d3467.459148433308!2d14.910523205104248!3d36.784372034926584!2m3!1f0!2f0!3f0!3m2!1i1024!2i768!4f13.1!4m12!1i0!3e2!4m4!2s36.6966205%2C+14.9907765!3m2!1d36.6966205!2d14.990776499999999!4m4!2s36.786108%2C14.910385!3m2!1d36.786108!2d14.910385!5e1!3m2!1sen!2s!4v1424372552411\" width=\"600\" height=\"450\" frameborder=\"0\"><\/iframe><\/p><h3>Itin\u00e9raire \u00e0 pied de la plage \u00e0 Ispica<\/h3><p><strong>Temps de marche :\u00a0<\/strong>2 heures 59 minutes<\/p><p><strong>Distance totale :\u00a0<\/strong>13,9 kilom\u00e8tres<\/p><ul><li>Prendre la direction nord vers Strada Provinciale 67\/SP67 - 300 m<\/li><li>Tourner l\u00e9g\u00e8rement \u00e0 droite sur Strada Provinciale 67\/SP67 - 950 m<\/li><li>Tourner l\u00e9g\u00e8rement \u00e0 gauche pour rester sur Strada Provinciale 67\/SP67 - 44 m<\/li><li>Tourner \u00e0 gauche sur Contrada Cancaleo\/Strada Provinciale 50\/SP50<\/li><li>Continuer de suivre Strada Provinciale 50\/SP50 - 8.7 km<\/li><li>Tourner \u00e0 gauche - 200 m<\/li><li>Tourner \u00e0 droite - 1,4 km<\/li><li>Tourner \u00e0 droite - 750 m<\/li><li>Continuer sur Strada Provinciale 46\/SP46 - 210 m<\/li><li>Tourner \u00e0 gauche - 550 m<\/li><li>Continuer sur Via Statale - 120 m<\/li><li>Au rond-point, prendre la 2e sortie sur SS115 - 61 m<\/li><li>Tourner \u00e0 gauche vers Via Lucca - 18 m<\/li><li>Tourner \u00e0 droite sur Via Lucca - 74 m<\/li><li>Tourner \u00e0 droite sur Via Statale - 55 m<\/li><li>Tourner \u00e0 gauche sur Via Ruggero Settimo - 400 m<\/li><li>Continuer sur Piazza Regina Margherita - 49 m<\/li><li>Tourner \u00e0 droite sur Corso Umberto I - 41 m<\/li><\/ul><h4>Corso Umberto I, 22\u00a0Ispica RG, Italy<\/h4>\t\t\t\t\t\t\t\t<\/div>\n\t\t\t\t<\/div>\n\t\t\t\t<div class=\"elementor-element elementor-element-b7ea9aa elementor-align-center elementor-widget elementor-widget-button\" data-id=\"b7ea9aa\" data-element_type=\"widget\" data-e-type=\"widget\" data-widget_type=\"button.default\">\n\t\t\t\t<div class=\"elementor-widget-container\">\n\t\t\t\t\t\t\t\t\t<div class=\"elementor-button-wrapper\">\n\t\t\t\t\t<a class=\"elementor-button elementor-button-link elementor-size-sm\" href=\"https:\/\/remembrancewalk.ca\/fr\/operation-husky-walk-for-remembrance-peace\/\">\n\t\t\t\t\t\t<span class=\"elementor-button-content-wrapper\">\n\t\t\t\t\t\t\t\t\t<span class=\"elementor-button-text\">Back to Self Guided Tour<\/span>\n\t\t\t\t\t<\/span>\n\t\t\t\t\t<\/a>\n\t\t\t\t<\/div>\n\t\t\t\t\t\t\t\t<\/div>\n\t\t\t\t<\/div>\n\t\t\t\t<section class=\"elementor-section elementor-inner-section elementor-element elementor-element-71819c1 elementor-section-boxed elementor-section-height-default elementor-section-height-default\" data-id=\"71819c1\" data-element_type=\"section\" data-e-type=\"section\">\n\t\t\t\t\t\t<div class=\"elementor-container elementor-column-gap-default\">\n\t\t\t\t\t<div class=\"elementor-column elementor-col-100 elementor-inner-column elementor-element elementor-element-c4eb1f1\" data-id=\"c4eb1f1\" data-element_type=\"column\" data-e-type=\"column\">\n\t\t\t<div class=\"elementor-widget-wrap elementor-element-populated\">\n\t\t\t\t\t\t<div class=\"elementor-element elementor-element-04ea4b3 elementor-view-default elementor-widget elementor-widget-icon\" data-id=\"04ea4b3\" data-element_type=\"widget\" data-e-type=\"widget\" data-widget_type=\"icon.default\">\n\t\t\t\t<div class=\"elementor-widget-container\">\n\t\t\t\t\t\t\t<div class=\"elementor-icon-wrapper\">\n\t\t\t<a class=\"elementor-icon\" href=\"https:\/\/remembrancewalk.ca\/fr\/day-2-walk-from-ispica-to-modica\/\">\n\t\t\t<i aria-hidden=\"true\" class=\"far fa-arrow-alt-circle-right\"><\/i>\t\t\t<\/a>\n\t\t<\/div>\n\t\t\t\t\t\t<\/div>\n\t\t\t\t<\/div>\n\t\t\t\t\t<\/div>\n\t\t<\/div>\n\t\t\t\t\t<\/div>\n\t\t<\/section>\n\t\t\t\t\t<\/div>\n\t\t<\/div>\n\t\t\t\t\t<\/div>\n\t\t<\/section>\n\t\t\t\t<\/div>","protected":false},"excerpt":{"rendered":"<p>Walking Directions from Beach to Ispica Walking time:\u00a02 hours 59 minutes Total Distance:\u00a013.9 Kilometers Head north toward Strada Provinciale 67\/SP67 &#8211; 300 m Slight right onto Strada Provinciale 67\/SP67 &#8211; 950 m Slight left to stay on Strada Provinciale 67\/SP67 &#8211; 44 m Turn left onto Contrada Cancaleo\/Strada Provinciale 50\/SP50 Continue to follow Strada Provinciale [&hellip;]<\/p>\n","protected":false},"author":252,"featured_media":0,"parent":0,"menu_order":0,"comment_status":"open","ping_status":"closed","template":"","meta":{"footnotes":""},"class_list":["post-3836","page","type-page","status-publish","hentry"],"_links":{"self":[{"href":"https:\/\/remembrancewalk.ca\/fr\/wp-json\/wp\/v2\/pages\/3836","targetHints":{"allow":["GET"]}}],"collection":[{"href":"https:\/\/remembrancewalk.ca\/fr\/wp-json\/wp\/v2\/pages"}],"about":[{"href":"https:\/\/remembrancewalk.ca\/fr\/wp-json\/wp\/v2\/types\/page"}],"author":[{"embeddable":true,"href":"https:\/\/remembrancewalk.ca\/fr\/wp-json\/wp\/v2\/users\/252"}],"replies":[{"embeddable":true,"href":"https:\/\/remembrancewalk.ca\/fr\/wp-json\/wp\/v2\/comments?post=3836"}],"version-history":[{"count":5,"href":"https:\/\/remembrancewalk.ca\/fr\/wp-json\/wp\/v2\/pages\/3836\/revisions"}],"predecessor-version":[{"id":4852,"href":"https:\/\/remembrancewalk.ca\/fr\/wp-json\/wp\/v2\/pages\/3836\/revisions\/4852"}],"wp:attachment":[{"href":"https:\/\/remembrancewalk.ca\/fr\/wp-json\/wp\/v2\/media?parent=3836"}],"curies":[{"name":"wp","href":"https:\/\/api.w.org\/{rel}","templated":true}]}}