{"id":2820,"date":"2022-07-05T17:09:02","date_gmt":"2022-07-05T17:09:02","guid":{"rendered":"https:\/\/remembrancewalk.ca\/?page_id=2820"},"modified":"2022-07-07T14:25:41","modified_gmt":"2022-07-07T14:25:41","slug":"sponsor-a-marker","status":"publish","type":"page","link":"https:\/\/remembrancewalk.ca\/fr\/sponsor-a-marker\/","title":{"rendered":"Donnez pour d\u00e9frayer les co\u00fbts d'une borne"},"content":{"rendered":"<div data-elementor-type=\"wp-page\" data-elementor-id=\"2820\" class=\"elementor elementor-2820\" data-elementor-post-type=\"page\">\n\t\t\t\t\t\t<section class=\"elementor-section elementor-top-section elementor-element elementor-element-6a0691b elementor-section-boxed elementor-section-height-default elementor-section-height-default\" data-id=\"6a0691b\" data-element_type=\"section\" data-e-type=\"section\">\n\t\t\t\t\t\t<div class=\"elementor-container elementor-column-gap-default\">\n\t\t\t\t\t<div class=\"elementor-column elementor-col-100 elementor-top-column elementor-element elementor-element-2a42018\" data-id=\"2a42018\" data-element_type=\"column\" data-e-type=\"column\">\n\t\t\t<div class=\"elementor-widget-wrap elementor-element-populated\">\n\t\t\t\t\t\t<div class=\"elementor-element elementor-element-893ece9 elementor-widget elementor-widget-heading\" data-id=\"893ece9\" data-element_type=\"widget\" data-e-type=\"widget\" data-widget_type=\"heading.default\">\n\t\t\t\t<div class=\"elementor-widget-container\">\n\t\t\t\t\t<h2 class=\"elementor-heading-title elementor-size-default\">Sponsor a Marker\n<\/h2>\t\t\t\t<\/div>\n\t\t\t\t<\/div>\n\t\t\t\t<section class=\"elementor-section elementor-inner-section elementor-element elementor-element-df52e10 elementor-section-boxed elementor-section-height-default elementor-section-height-default\" data-id=\"df52e10\" data-element_type=\"section\" data-e-type=\"section\">\n\t\t\t\t\t\t<div class=\"elementor-container elementor-column-gap-default\">\n\t\t\t\t\t<div class=\"elementor-column elementor-col-50 elementor-inner-column elementor-element elementor-element-640370d\" data-id=\"640370d\" data-element_type=\"column\" data-e-type=\"column\">\n\t\t\t<div class=\"elementor-widget-wrap elementor-element-populated\">\n\t\t\t\t\t\t<div class=\"elementor-element elementor-element-21eea46 elementor-widget elementor-widget-text-editor\" data-id=\"21eea46\" data-element_type=\"widget\" data-e-type=\"widget\" data-widget_type=\"text-editor.default\">\n\t\t\t\t<div class=\"elementor-widget-container\">\n\t\t\t\t\t\t\t\t\t<p><span style=\"font-weight: 400;\">Pendant la marche civile, du 10<\/span><span style=\"font-weight: 400;\">e<\/span><span style=\"font-weight: 400;\"> au 31<\/span><span style=\"font-weight: 400;\">e<\/span><span style=\"font-weight: 400;\">, a marker will be placed for each of the fallen Canadian soldiers, near where they died. Each marker will identify the soldier, their rank and regiment. The plaque placed on the marker will be written in Italian. Any town that wishes to honour their fallen will be offered the opportunity to have similar markers for their own citizens and soldiers.<\/span><\/p><p><span style=\"font-weight: 400;\">Afin d'impliquer les jeunes dans le projet, les \u00e9l\u00e8ves des \u00e9coles secondaires locales auront la possibilit\u00e9 d'\u00e9crire une note sur le marqueur.<\/span><\/p><p><span style=\"font-weight: 400;\">Ces plaques peuvent \u00eatre parrain\u00e9es par un don de 150,00 $. Le nom du sponsor sera inscrit au dos de la plaque avec une note personnelle s'il le souhaite.<\/span><\/p><p><span style=\"font-weight: 400;\">Sponsor a marker (button) See order for\u2026<\/span><\/p><p><span style=\"font-weight: 400;\">Download the pdf<\/span><\/p><p><span style=\"font-weight: 400;\">Nous vous remercions d'avance pour votre g\u00e9n\u00e9reux soutien.<\/span><\/p>\t\t\t\t\t\t\t\t<\/div>\n\t\t\t\t<\/div>\n\t\t\t\t\t<\/div>\n\t\t<\/div>\n\t\t\t\t<div class=\"elementor-column elementor-col-50 elementor-inner-column elementor-element elementor-element-49e96de\" data-id=\"49e96de\" data-element_type=\"column\" data-e-type=\"column\">\n\t\t\t<div class=\"elementor-widget-wrap\">\n\t\t\t\t\t\t\t<\/div>\n\t\t<\/div>\n\t\t\t\t\t<\/div>\n\t\t<\/section>\n\t\t\t\t\t<\/div>\n\t\t<\/div>\n\t\t\t\t\t<\/div>\n\t\t<\/section>\n\t\t\t\t<\/div>","protected":false},"excerpt":{"rendered":"<p>Sponsor a Marker During the civilian walk, from July 10th to July 31st, a marker will be placed for each of the fallen Canadian soldiers, near where they died. Each marker will identify the soldier, their rank and regiment. The plaque placed on the marker will be written in Italian. Any town that wishes to [&hellip;]<\/p>\n","protected":false},"author":23,"featured_media":0,"parent":0,"menu_order":0,"comment_status":"closed","ping_status":"closed","template":"elementor_header_footer","meta":{"footnotes":""},"class_list":["post-2820","page","type-page","status-publish","hentry"],"_links":{"self":[{"href":"https:\/\/remembrancewalk.ca\/fr\/wp-json\/wp\/v2\/pages\/2820","targetHints":{"allow":["GET"]}}],"collection":[{"href":"https:\/\/remembrancewalk.ca\/fr\/wp-json\/wp\/v2\/pages"}],"about":[{"href":"https:\/\/remembrancewalk.ca\/fr\/wp-json\/wp\/v2\/types\/page"}],"author":[{"embeddable":true,"href":"https:\/\/remembrancewalk.ca\/fr\/wp-json\/wp\/v2\/users\/23"}],"replies":[{"embeddable":true,"href":"https:\/\/remembrancewalk.ca\/fr\/wp-json\/wp\/v2\/comments?post=2820"}],"version-history":[{"count":0,"href":"https:\/\/remembrancewalk.ca\/fr\/wp-json\/wp\/v2\/pages\/2820\/revisions"}],"wp:attachment":[{"href":"https:\/\/remembrancewalk.ca\/fr\/wp-json\/wp\/v2\/media?parent=2820"}],"curies":[{"name":"wp","href":"https:\/\/api.w.org\/{rel}","templated":true}]}}