{"id":2799,"date":"2022-06-30T14:21:36","date_gmt":"2022-06-30T14:21:36","guid":{"rendered":"https:\/\/remembrancewalk.ca\/?page_id=2799"},"modified":"2022-09-09T21:02:57","modified_gmt":"2022-09-09T21:02:57","slug":"donations","status":"publish","type":"page","link":"https:\/\/remembrancewalk.ca\/fr\/donations\/","title":{"rendered":"Dons"},"content":{"rendered":"<div data-elementor-type=\"wp-page\" data-elementor-id=\"2799\" class=\"elementor elementor-2799\" data-elementor-post-type=\"page\">\n\t\t\t\t\t\t<section class=\"elementor-section elementor-top-section elementor-element elementor-element-2496c1f elementor-section-boxed elementor-section-height-default elementor-section-height-default\" data-id=\"2496c1f\" data-element_type=\"section\" data-e-type=\"section\">\n\t\t\t\t\t\t<div class=\"elementor-container elementor-column-gap-default\">\n\t\t\t\t\t<div class=\"elementor-column elementor-col-100 elementor-top-column elementor-element elementor-element-995a37b\" data-id=\"995a37b\" data-element_type=\"column\" data-e-type=\"column\">\n\t\t\t<div class=\"elementor-widget-wrap elementor-element-populated\">\n\t\t\t\t\t\t<div class=\"elementor-element elementor-element-82c1daf elementor-widget elementor-widget-heading\" data-id=\"82c1daf\" data-element_type=\"widget\" data-e-type=\"widget\" data-widget_type=\"heading.default\">\n\t\t\t\t<div class=\"elementor-widget-container\">\n\t\t\t\t\t<h2 class=\"elementor-heading-title elementor-size-default\">Dons<\/h2>\t\t\t\t<\/div>\n\t\t\t\t<\/div>\n\t\t\t\t<section class=\"elementor-section elementor-inner-section elementor-element elementor-element-e93e5fb elementor-section-boxed elementor-section-height-default elementor-section-height-default\" data-id=\"e93e5fb\" data-element_type=\"section\" data-e-type=\"section\">\n\t\t\t\t\t\t<div class=\"elementor-container elementor-column-gap-default\">\n\t\t\t\t\t<div class=\"elementor-column elementor-col-50 elementor-inner-column elementor-element elementor-element-14d794a\" data-id=\"14d794a\" data-element_type=\"column\" data-e-type=\"column\">\n\t\t\t<div class=\"elementor-widget-wrap elementor-element-populated\">\n\t\t\t\t\t\t<div class=\"elementor-element elementor-element-d8ddb34 elementor-widget elementor-widget-text-editor\" data-id=\"d8ddb34\" data-element_type=\"widget\" data-e-type=\"widget\" data-widget_type=\"text-editor.default\">\n\t\t\t\t<div class=\"elementor-widget-container\">\n\t\t\t\t\t\t\t\t\t<p><span style=\"font-weight: 400;\">Ce projet est une marche comm\u00e9morative civile, honorant nos courageux soldats. \u00c0 l'heure actuelle, les organisateurs disposent de tr\u00e8s peu de fonds de la part du gouvernement du Canada qui ne pr\u00e9voit aucune comm\u00e9moration de la campagne d'Italie dans son plan strat\u00e9gique d\u00e9cennal. Les dons priv\u00e9s de Canadiens et de soci\u00e9t\u00e9s commanditaires sont n\u00e9cessaires pour assurer le succ\u00e8s de ce projet.<\/span><\/p><p><span style=\"font-weight: 400;\">Tous les fonds recueillis seront utilis\u00e9s pour d\u00e9frayer les co\u00fbts des c\u00e9r\u00e9monies et des \u00e9v\u00e9nements, ainsi qu'une partie des frais de d\u00e9placement des b\u00e9n\u00e9voles qui soutiennent notre projet.<\/span><\/p>\t\t\t\t\t\t\t\t<\/div>\n\t\t\t\t<\/div>\n\t\t\t\t\t<\/div>\n\t\t<\/div>\n\t\t\t\t<div class=\"elementor-column elementor-col-50 elementor-inner-column elementor-element elementor-element-81fae6f\" data-id=\"81fae6f\" data-element_type=\"column\" data-e-type=\"column\">\n\t\t\t<div class=\"elementor-widget-wrap elementor-element-populated\">\n\t\t\t\t\t\t<div class=\"elementor-element elementor-element-f41c5d7 elementor-widget elementor-widget-image\" data-id=\"f41c5d7\" data-element_type=\"widget\" data-e-type=\"widget\" data-widget_type=\"image.default\">\n\t\t\t\t<div class=\"elementor-widget-container\">\n\t\t\t\t\t\t\t\t\t\t\t\t\t\t\t<img fetchpriority=\"high\" decoding=\"async\" width=\"580\" height=\"435\" src=\"https:\/\/remembrancewalk.ca\/wp-content\/uploads\/2022\/07\/image6.jpg\" class=\"attachment-large size-large wp-image-2963\" alt=\"\" srcset=\"https:\/\/remembrancewalk.ca\/wp-content\/uploads\/2022\/07\/image6.jpg 1024w, https:\/\/remembrancewalk.ca\/wp-content\/uploads\/2022\/07\/image6-300x225.jpg 300w, https:\/\/remembrancewalk.ca\/wp-content\/uploads\/2022\/07\/image6-768x576.jpg 768w, https:\/\/remembrancewalk.ca\/wp-content\/uploads\/2022\/07\/image6-16x12.jpg 16w\" sizes=\"(max-width: 580px) 100vw, 580px\" \/>\t\t\t\t\t\t\t\t\t\t\t\t\t\t\t<\/div>\n\t\t\t\t<\/div>\n\t\t\t\t\t<\/div>\n\t\t<\/div>\n\t\t\t\t\t<\/div>\n\t\t<\/section>\n\t\t\t\t\t<\/div>\n\t\t<\/div>\n\t\t\t\t\t<\/div>\n\t\t<\/section>\n\t\t\t\t<section class=\"elementor-section elementor-top-section elementor-element elementor-element-338ba9e elementor-section-boxed elementor-section-height-default elementor-section-height-default\" data-id=\"338ba9e\" data-element_type=\"section\" data-e-type=\"section\">\n\t\t\t\t\t\t<div class=\"elementor-container elementor-column-gap-default\">\n\t\t\t\t\t<div class=\"elementor-column elementor-col-100 elementor-top-column elementor-element elementor-element-e0cd5c6\" data-id=\"e0cd5c6\" data-element_type=\"column\" data-e-type=\"column\">\n\t\t\t<div class=\"elementor-widget-wrap elementor-element-populated\">\n\t\t\t\t\t\t<section class=\"elementor-section elementor-inner-section elementor-element elementor-element-942ee93 elementor-section-boxed elementor-section-height-default elementor-section-height-default\" data-id=\"942ee93\" data-element_type=\"section\" data-e-type=\"section\">\n\t\t\t\t\t\t<div class=\"elementor-container elementor-column-gap-default\">\n\t\t\t\t\t<div class=\"elementor-column elementor-col-50 elementor-inner-column elementor-element elementor-element-f5f9715\" data-id=\"f5f9715\" data-element_type=\"column\" data-e-type=\"column\">\n\t\t\t<div class=\"elementor-widget-wrap elementor-element-populated\">\n\t\t\t\t\t\t<div class=\"elementor-element elementor-element-f20cacf elementor-widget elementor-widget-image\" data-id=\"f20cacf\" data-element_type=\"widget\" data-e-type=\"widget\" data-widget_type=\"image.default\">\n\t\t\t\t<div class=\"elementor-widget-container\">\n\t\t\t\t\t\t\t\t\t\t\t\t\t\t\t<img decoding=\"async\" width=\"478\" height=\"480\" src=\"https:\/\/remembrancewalk.ca\/wp-content\/uploads\/2022\/06\/image4.jpg\" class=\"attachment-large size-large wp-image-2705\" alt=\"\" srcset=\"https:\/\/remembrancewalk.ca\/wp-content\/uploads\/2022\/06\/image4.jpg 478w, https:\/\/remembrancewalk.ca\/wp-content\/uploads\/2022\/06\/image4-300x300.jpg 300w, https:\/\/remembrancewalk.ca\/wp-content\/uploads\/2022\/06\/image4-150x150.jpg 150w, https:\/\/remembrancewalk.ca\/wp-content\/uploads\/2022\/06\/image4-12x12.jpg 12w\" sizes=\"(max-width: 478px) 100vw, 478px\" \/>\t\t\t\t\t\t\t\t\t\t\t\t\t\t\t<\/div>\n\t\t\t\t<\/div>\n\t\t\t\t\t<\/div>\n\t\t<\/div>\n\t\t\t\t<div class=\"elementor-column elementor-col-50 elementor-inner-column elementor-element elementor-element-23577d2\" data-id=\"23577d2\" data-element_type=\"column\" data-e-type=\"column\">\n\t\t\t<div class=\"elementor-widget-wrap elementor-element-populated\">\n\t\t\t\t\t\t<div class=\"elementor-element elementor-element-7d317d9 elementor-widget elementor-widget-text-editor\" data-id=\"7d317d9\" data-element_type=\"widget\" data-e-type=\"widget\" data-widget_type=\"text-editor.default\">\n\t\t\t\t<div class=\"elementor-widget-container\">\n\t\t\t\t\t\t\t\t\t<p>Nous avons \u00e9tabli un conseil de gouvernance et travaillons avec la 3e Batterie de campagne de l'Artillerie (Montr\u00e9al) qui a gracieusement accept\u00e9 d'inclure notre projet dans son mandat et de soutenir la collecte de dons et la gestion des fonds.<\/p><p><span style=\"font-weight: 400;\">Nous accueillons volontiers tous les dons et restons ouverts \u00e0 toute forme d'aide. N'h\u00e9sitez pas \u00e0 nous contacter pour toute information compl\u00e9mentaire.<\/span><\/p>\t\t\t\t\t\t\t\t<\/div>\n\t\t\t\t<\/div>\n\t\t\t\t\t<\/div>\n\t\t<\/div>\n\t\t\t\t\t<\/div>\n\t\t<\/section>\n\t\t\t\t\t<\/div>\n\t\t<\/div>\n\t\t\t\t\t<\/div>\n\t\t<\/section>\n\t\t\t\t<section class=\"elementor-section elementor-top-section elementor-element elementor-element-55960f7 elementor-section-boxed elementor-section-height-default elementor-section-height-default\" data-id=\"55960f7\" data-element_type=\"section\" data-e-type=\"section\" data-settings=\"{&quot;background_background&quot;:&quot;classic&quot;}\">\n\t\t\t\t\t\t<div class=\"elementor-container elementor-column-gap-default\">\n\t\t\t\t\t<div class=\"elementor-column elementor-col-100 elementor-top-column elementor-element elementor-element-d4e5ae5\" data-id=\"d4e5ae5\" data-element_type=\"column\" data-e-type=\"column\">\n\t\t\t<div class=\"elementor-widget-wrap elementor-element-populated\">\n\t\t\t\t\t\t<section class=\"elementor-section elementor-inner-section elementor-element elementor-element-81d8e1c elementor-section-boxed elementor-section-height-default elementor-section-height-default\" data-id=\"81d8e1c\" data-element_type=\"section\" data-e-type=\"section\">\n\t\t\t\t\t\t<div class=\"elementor-container elementor-column-gap-default\">\n\t\t\t\t\t<div class=\"elementor-column elementor-col-100 elementor-inner-column elementor-element elementor-element-ce9de72\" data-id=\"ce9de72\" data-element_type=\"column\" data-e-type=\"column\">\n\t\t\t<div class=\"elementor-widget-wrap elementor-element-populated\">\n\t\t\t\t\t\t<div class=\"elementor-element elementor-element-8c35d52 elementor-widget elementor-widget-text-editor\" data-id=\"8c35d52\" data-element_type=\"widget\" data-e-type=\"widget\" data-widget_type=\"text-editor.default\">\n\t\t\t\t<div class=\"elementor-widget-container\">\n\t\t\t\t\t\t\t\t\t<p><span style=\"font-weight: 400;\">Nous vous remercions d'avance pour votre g\u00e9n\u00e9reux soutien. <\/span><span style=\"font-weight: 400;\">Tous les fonds recueillis seront utilis\u00e9s pour d\u00e9frayer les co\u00fbts des c\u00e9r\u00e9monies et des \u00e9v\u00e9nements, ainsi qu'une partie des frais de d\u00e9placement des b\u00e9n\u00e9voles qui soutiennent notre projet.<\/span><\/p>\t\t\t\t\t\t\t\t<\/div>\n\t\t\t\t<\/div>\n\t\t\t\t<div class=\"elementor-element elementor-element-1c6a56e elementor-align-center elementor-widget elementor-widget-button\" data-id=\"1c6a56e\" data-element_type=\"widget\" data-e-type=\"widget\" data-widget_type=\"button.default\">\n\t\t\t\t<div class=\"elementor-widget-container\">\n\t\t\t\t\t\t\t\t\t<div class=\"elementor-button-wrapper\">\n\t\t\t\t\t<a class=\"elementor-button elementor-button-link elementor-size-sm\" href=\"#\">\n\t\t\t\t\t\t<span class=\"elementor-button-content-wrapper\">\n\t\t\t\t\t\t\t\t\t<span class=\"elementor-button-text\">Faire un don<\/span>\n\t\t\t\t\t<\/span>\n\t\t\t\t\t<\/a>\n\t\t\t\t<\/div>\n\t\t\t\t\t\t\t\t<\/div>\n\t\t\t\t<\/div>\n\t\t\t\t\t<\/div>\n\t\t<\/div>\n\t\t\t\t\t<\/div>\n\t\t<\/section>\n\t\t\t\t\t<\/div>\n\t\t<\/div>\n\t\t\t\t\t<\/div>\n\t\t<\/section>\n\t\t\t\t<\/div>","protected":false},"excerpt":{"rendered":"<p>Donations This project is a civilian memorial march, honoring our brave soldiers. At this time, the organizers have very little funding from the government of Canada. There are currently no commemorations for the Italian campaign in its 10-year strategic plan. Private donations from individual Canadians and willing corporate sponsors are required to make this project [&hellip;]<\/p>\n","protected":false},"author":23,"featured_media":0,"parent":0,"menu_order":0,"comment_status":"closed","ping_status":"closed","template":"elementor_header_footer","meta":{"footnotes":""},"class_list":["post-2799","page","type-page","status-publish","hentry"],"_links":{"self":[{"href":"https:\/\/remembrancewalk.ca\/fr\/wp-json\/wp\/v2\/pages\/2799","targetHints":{"allow":["GET"]}}],"collection":[{"href":"https:\/\/remembrancewalk.ca\/fr\/wp-json\/wp\/v2\/pages"}],"about":[{"href":"https:\/\/remembrancewalk.ca\/fr\/wp-json\/wp\/v2\/types\/page"}],"author":[{"embeddable":true,"href":"https:\/\/remembrancewalk.ca\/fr\/wp-json\/wp\/v2\/users\/23"}],"replies":[{"embeddable":true,"href":"https:\/\/remembrancewalk.ca\/fr\/wp-json\/wp\/v2\/comments?post=2799"}],"version-history":[{"count":5,"href":"https:\/\/remembrancewalk.ca\/fr\/wp-json\/wp\/v2\/pages\/2799\/revisions"}],"predecessor-version":[{"id":3684,"href":"https:\/\/remembrancewalk.ca\/fr\/wp-json\/wp\/v2\/pages\/2799\/revisions\/3684"}],"wp:attachment":[{"href":"https:\/\/remembrancewalk.ca\/fr\/wp-json\/wp\/v2\/media?parent=2799"}],"curies":[{"name":"wp","href":"https:\/\/api.w.org\/{rel}","templated":true}]}}