{"id":203,"date":"2015-01-14T17:44:14","date_gmt":"2015-01-14T17:44:14","guid":{"rendered":"https:\/\/remembrancewalk.ca\/?page_id=203"},"modified":"2023-06-21T20:54:12","modified_gmt":"2023-06-21T20:54:12","slug":"day-20-agira-cemetery","status":"publish","type":"page","link":"https:\/\/remembrancewalk.ca\/fr\/day-20-agira-cemetery\/","title":{"rendered":"Jour 20 : Cimeti\u00e8re d'Agira"},"content":{"rendered":"<div data-elementor-type=\"wp-page\" data-elementor-id=\"203\" class=\"elementor elementor-203\" data-elementor-post-type=\"page\">\n\t\t\t\t\t\t<section class=\"elementor-section elementor-top-section elementor-element elementor-element-44772251 elementor-section-boxed elementor-section-height-default elementor-section-height-default\" data-id=\"44772251\" data-element_type=\"section\" data-e-type=\"section\">\n\t\t\t\t\t\t<div class=\"elementor-container elementor-column-gap-default\">\n\t\t\t\t\t<div class=\"elementor-column elementor-col-100 elementor-top-column elementor-element elementor-element-4ac51d4a\" data-id=\"4ac51d4a\" data-element_type=\"column\" data-e-type=\"column\">\n\t\t\t<div class=\"elementor-widget-wrap elementor-element-populated\">\n\t\t\t\t\t\t<div class=\"elementor-element elementor-element-6b2b0131 elementor-widget elementor-widget-text-editor\" data-id=\"6b2b0131\" data-element_type=\"widget\" data-e-type=\"widget\" data-widget_type=\"text-editor.default\">\n\t\t\t\t<div class=\"elementor-widget-container\">\n\t\t\t\t\t\t\t\t\t<p>Le dernier jour de la marche pour le souvenir et la paix se d\u00e9roule au cimeti\u00e8re militaire canadien d'Agira.<\/p><p>\u00a0<\/p><p>Tandis que la Commission des s\u00e9pultures de guerre et les gouvernements \u00e9trangers s'occupent des cimeti\u00e8res o\u00f9 reposent nos soldats, le souvenir du sacrifice de nos soldats se perd parmi les nouvelles g\u00e9n\u00e9rations d'enfants qui ont b\u00e9n\u00e9fici\u00e9 de la stabilit\u00e9 de la paix et n'ont jamais connu les horreurs de la guerre.<\/p><p>\u00a0<\/p><p>Le co\u00fbt des visites de cimeti\u00e8res et de champs de bataille \u00e9trangers est un obstacle important \u00e0 la participation des Canadiens aux activit\u00e9s de comm\u00e9moration sur les sites \u00e9trangers. La Marche du souvenir et de la paix contribue \u00e0 lever ces obstacles pour permettre aux jeunes et aux moins jeunes de se souvenir de notre monde en guerre et de se r\u00e9jouir de la paix dont nous jouissons.<\/p><p>\u00a0<\/p><p>Le cimeti\u00e8re de guerre canadien d'Agira est situ\u00e9 sur une petite colline dans la commune d'Agira et la province d'Enna, au c\u0153ur de la Sicile, \u00e0 environ 70 kilom\u00e8tres de Catane.<\/p><p>\u00a0<\/p><p>Apr\u00e8s la campagne de Sicile, la d\u00e9cision fut prise de concentrer dans un seul cimeti\u00e8re les tombes de tous les Canadiens qui avaient donn\u00e9 leur vie dans les combats de l'\u00eele. En septembre 1943, les officiers canadiens choisirent le site d'Agira. Il contient les tombes de 490 Canadiens (13 membres de l'Arm\u00e9e canadienne). <abbr title=\"Royal Canadian Air Force\">RCAF<\/abbr>et 477 de l'arm\u00e9e), dont six ne sont pas identifi\u00e9s. Rappelons qu'un certain nombre de morts ont des tombes inconnues (dont 58 Canadiens noy\u00e9s lors de l'attaque de convois en route vers la Sicile). Leurs noms sont comm\u00e9mor\u00e9s sur le M\u00e9morial de Cassino, en Italie continentale. Au total, on estime que 562 Canadiens sont morts au cours de cette campagne.<\/p><p>Le cimeti\u00e8re se trouve \u00e0 l'adresse suivante\u00a0<strong>Contrada Pennino Buterno 2 94011 Agira<\/strong><\/p><h2>Itin\u00e9raire d'Agira au cimeti\u00e8re<\/h2><p><iframe style=\"border: 0;\" src=\"https:\/\/www.google.com\/maps\/embed?pb=!1m28!1m12!1m3!1d13507.239148571141!2d14.525433711698213!3d37.65347077921621!2m3!1f0!2f0!3f0!3m2!1i1024!2i768!4f13.1!4m13!1i0!3e6!4m5!1s0x1311317814a211b1%3A0x94422a7523fc1167!2sVia+V.+Emanuele%2C+248%2C+Agira+EN%2C+Italy!3m2!1d37.656652!2d14.52004!4m4!2s37.6549115%2C+14.55086!3m2!1d37.6549115!2d14.55086!5e1!3m2!1sen!2sca!4v1425489442994\" width=\"600\" height=\"450\" frameborder=\"0\"><\/iframe><\/p>\t\t\t\t\t\t\t\t<\/div>\n\t\t\t\t<\/div>\n\t\t\t\t\t<\/div>\n\t\t<\/div>\n\t\t\t\t\t<\/div>\n\t\t<\/section>\n\t\t\t\t<section class=\"elementor-section elementor-top-section elementor-element elementor-element-6165d67 elementor-section-boxed elementor-section-height-default elementor-section-height-default\" data-id=\"6165d67\" data-element_type=\"section\" data-e-type=\"section\">\n\t\t\t\t\t\t<div class=\"elementor-container elementor-column-gap-default\">\n\t\t\t\t\t<div class=\"elementor-column elementor-col-100 elementor-top-column elementor-element elementor-element-2d8fa51\" data-id=\"2d8fa51\" data-element_type=\"column\" data-e-type=\"column\">\n\t\t\t<div class=\"elementor-widget-wrap elementor-element-populated\">\n\t\t\t\t\t\t<div class=\"elementor-element elementor-element-d631719 elementor-widget elementor-widget-video\" data-id=\"d631719\" data-element_type=\"widget\" data-e-type=\"widget\" data-settings=\"{&quot;youtube_url&quot;:&quot;https:\\\/\\\/youtu.be\\\/i7HhMFJqQ58&quot;,&quot;video_type&quot;:&quot;youtube&quot;,&quot;controls&quot;:&quot;yes&quot;}\" data-widget_type=\"video.default\">\n\t\t\t\t<div class=\"elementor-widget-container\">\n\t\t\t\t\t\t\t<div class=\"elementor-wrapper elementor-open-inline\">\n\t\t\t<div class=\"elementor-video\"><\/div>\t\t<\/div>\n\t\t\t\t\t\t<\/div>\n\t\t\t\t<\/div>\n\t\t\t\t<div class=\"elementor-element elementor-element-ac76518 elementor-align-center elementor-widget elementor-widget-button\" data-id=\"ac76518\" data-element_type=\"widget\" data-e-type=\"widget\" data-widget_type=\"button.default\">\n\t\t\t\t<div class=\"elementor-widget-container\">\n\t\t\t\t\t\t\t\t\t<div class=\"elementor-button-wrapper\">\n\t\t\t\t\t<a class=\"elementor-button elementor-button-link elementor-size-sm\" href=\"https:\/\/remembrancewalk.ca\/fr\/operation-husky-walk-for-remembrance-peace\/\">\n\t\t\t\t\t\t<span class=\"elementor-button-content-wrapper\">\n\t\t\t\t\t\t\t\t\t<span class=\"elementor-button-text\">Back to Self Guided Tour<\/span>\n\t\t\t\t\t<\/span>\n\t\t\t\t\t<\/a>\n\t\t\t\t<\/div>\n\t\t\t\t\t\t\t\t<\/div>\n\t\t\t\t<\/div>\n\t\t\t\t<section class=\"elementor-section elementor-inner-section elementor-element elementor-element-de74cc3 elementor-section-boxed elementor-section-height-default elementor-section-height-default\" data-id=\"de74cc3\" data-element_type=\"section\" data-e-type=\"section\">\n\t\t\t\t\t\t<div class=\"elementor-container elementor-column-gap-default\">\n\t\t\t\t\t<div class=\"elementor-column elementor-col-100 elementor-inner-column elementor-element elementor-element-b7cc980\" data-id=\"b7cc980\" data-element_type=\"column\" data-e-type=\"column\">\n\t\t\t<div class=\"elementor-widget-wrap elementor-element-populated\">\n\t\t\t\t\t\t<div class=\"elementor-element elementor-element-10db078 elementor-view-default elementor-widget elementor-widget-icon\" data-id=\"10db078\" data-element_type=\"widget\" data-e-type=\"widget\" data-widget_type=\"icon.default\">\n\t\t\t\t<div class=\"elementor-widget-container\">\n\t\t\t\t\t\t\t<div class=\"elementor-icon-wrapper\">\n\t\t\t<a class=\"elementor-icon\" href=\"https:\/\/remembrancewalk.ca\/fr\/day-19-walk-from-centuripe-to-adrano\/\">\n\t\t\t<i aria-hidden=\"true\" class=\"far fa-arrow-alt-circle-left\"><\/i>\t\t\t<\/a>\n\t\t<\/div>\n\t\t\t\t\t\t<\/div>\n\t\t\t\t<\/div>\n\t\t\t\t\t<\/div>\n\t\t<\/div>\n\t\t\t\t\t<\/div>\n\t\t<\/section>\n\t\t\t\t\t<\/div>\n\t\t<\/div>\n\t\t\t\t\t<\/div>\n\t\t<\/section>\n\t\t\t\t<\/div>","protected":false},"excerpt":{"rendered":"<p>The final day of the Walk for Remembrance and Peace takes place at the Canadian War Cemetery in Agira. \u00a0 While the War Graves Commission and foreign governments take care of the cemeteries in which our fallen lie, the memory of the sacrifice of our soldiers is being lost among new generations of children who [&hellip;]<\/p>\n","protected":false},"author":30979,"featured_media":0,"parent":0,"menu_order":0,"comment_status":"closed","ping_status":"closed","template":"","meta":{"footnotes":""},"class_list":["post-203","page","type-page","status-publish","hentry"],"_links":{"self":[{"href":"https:\/\/remembrancewalk.ca\/fr\/wp-json\/wp\/v2\/pages\/203","targetHints":{"allow":["GET"]}}],"collection":[{"href":"https:\/\/remembrancewalk.ca\/fr\/wp-json\/wp\/v2\/pages"}],"about":[{"href":"https:\/\/remembrancewalk.ca\/fr\/wp-json\/wp\/v2\/types\/page"}],"author":[{"embeddable":true,"href":"https:\/\/remembrancewalk.ca\/fr\/wp-json\/wp\/v2\/users\/30979"}],"replies":[{"embeddable":true,"href":"https:\/\/remembrancewalk.ca\/fr\/wp-json\/wp\/v2\/comments?post=203"}],"version-history":[{"count":5,"href":"https:\/\/remembrancewalk.ca\/fr\/wp-json\/wp\/v2\/pages\/203\/revisions"}],"predecessor-version":[{"id":4920,"href":"https:\/\/remembrancewalk.ca\/fr\/wp-json\/wp\/v2\/pages\/203\/revisions\/4920"}],"wp:attachment":[{"href":"https:\/\/remembrancewalk.ca\/fr\/wp-json\/wp\/v2\/media?parent=203"}],"curies":[{"name":"wp","href":"https:\/\/api.w.org\/{rel}","templated":true}]}}