{"id":190,"date":"2015-01-14T17:39:28","date_gmt":"2015-01-14T17:39:28","guid":{"rendered":"https:\/\/remembrancewalk.ca\/?page_id=190"},"modified":"2023-06-21T20:46:08","modified_gmt":"2023-06-21T20:46:08","slug":"day-17-walk-from-regalbuto-to-catenanuova","status":"publish","type":"page","link":"https:\/\/remembrancewalk.ca\/fr\/day-17-walk-from-regalbuto-to-catenanuova\/","title":{"rendered":"Jour 17 : Marche de Regalbuto \u00e0 Catenanuova"},"content":{"rendered":"<div data-elementor-type=\"wp-page\" data-elementor-id=\"190\" class=\"elementor elementor-190\" data-elementor-post-type=\"page\">\n\t\t\t\t\t\t<section class=\"elementor-section elementor-top-section elementor-element elementor-element-312ea8ab elementor-section-boxed elementor-section-height-default elementor-section-height-default\" data-id=\"312ea8ab\" data-element_type=\"section\" data-e-type=\"section\">\n\t\t\t\t\t\t<div class=\"elementor-container elementor-column-gap-default\">\n\t\t\t\t\t<div class=\"elementor-column elementor-col-100 elementor-top-column elementor-element elementor-element-3dc16e1c\" data-id=\"3dc16e1c\" data-element_type=\"column\" data-e-type=\"column\">\n\t\t\t<div class=\"elementor-widget-wrap elementor-element-populated\">\n\t\t\t\t\t\t<div class=\"elementor-element elementor-element-415a7127 elementor-widget elementor-widget-text-editor\" data-id=\"415a7127\" data-element_type=\"widget\" data-e-type=\"widget\" data-widget_type=\"text-editor.default\">\n\t\t\t\t<div class=\"elementor-widget-container\">\n\t\t\t\t\t\t\t\t\t<p><iframe style=\"border: 0;\" src=\"https:\/\/www.google.com\/maps\/embed?pb=!1m28!1m12!1m3!1d2614.437784955747!2d14.684824800000003!3d37.576732299999996!2m3!1f0!2f0!3f0!3m2!1i1024!2i768!4f13.1!4m13!1i0!3e2!4m5!1s0x131135e18a405cbb%3A0xbb2cab614bae21a5!2sPiazza+della+Repubblica%2C+1%2C+94017+Regalbuto+EN%2C+Italy!3m2!1d37.6521451!2d14.6411926!4m4!2s37.567128%2C14.690229!3m2!1d37.567128!2d14.690228999999999!5e1!3m2!1sen!2s!4v1426007677630\" width=\"600\" height=\"450\" frameborder=\"0\"><\/iframe><\/p><p>\u00a0<\/p><p><strong>Temps de marche : <\/strong>2 heures 17 minutes<\/p><p><strong>Distance totale :<\/strong> 12,0 kilom\u00e8tres<\/p><p>\u00a0<\/p><ul><li>Prendre la direction sud-ouest sur Piazza della Repubblica versVia Genova - 14 m<\/li><li>Tourner \u00e0 droite pour rester sur Piazza della Repubblica - 15 m<\/li><li>Tourner \u00e0 gauche sur Via Gian Filippo Ingrassia - 270 m<\/li><li>Tourner \u00e0 gauche sur SS121 - 21 m<\/li><li>Tourner l\u00e9g\u00e8rement \u00e0 droite sur Via Gian Filippo Ingrassia - 48 m<\/li><li>Tourner l\u00e9g\u00e8rement \u00e0 gauche sur Via Luigi Cadorna - 650 m<\/li><li>Continuer sur Contrada Acquanuppa - 1,3 km<\/li><li>Tourner \u00e0 gauche sur Strada Provinciale 60\/SP60 - 1,9 km<\/li><li>Tourner \u00e0 gauche - 2,2 km<\/li><li>Tourner \u00e0 gauche sur Strada Provinciale 59\/SP59 - 7 m<\/li><li>Tourner \u00e0 droite - 250 m<\/li><li>Tourner \u00e0 droite - 40 m<\/li><li>Tourner \u00e0 gauche - 3,3 km<\/li><li>Tourner \u00e0 gauche - 800 m<\/li><li>Tourner l\u00e9g\u00e8rement \u00e0 droite sur Via Libert\u00e0\/SP23b Provincial Road<\/li><li><strong>Continuer de suivre Via Libert\u00e0\/SP23b - <\/strong>800 m<\/li><li>Via Libert\u00e0\/SP23b tourne l\u00e9g\u00e8rement \u00e0 droite et devientVia dei Mille - 150 m<\/li><li>Continuer sur Corso Vittorio Emanuele III - 350 m<\/li><\/ul><h4>Corso Vittorio Emanuele III, 35<\/h4><h4>Catenanuova EN, Italy<\/h4>\t\t\t\t\t\t\t\t<\/div>\n\t\t\t\t<\/div>\n\t\t\t\t<div class=\"elementor-element elementor-element-d0365b5 elementor-align-center elementor-widget elementor-widget-button\" data-id=\"d0365b5\" data-element_type=\"widget\" data-e-type=\"widget\" data-widget_type=\"button.default\">\n\t\t\t\t<div class=\"elementor-widget-container\">\n\t\t\t\t\t\t\t\t\t<div class=\"elementor-button-wrapper\">\n\t\t\t\t\t<a class=\"elementor-button elementor-button-link elementor-size-sm\" href=\"https:\/\/remembrancewalk.ca\/fr\/operation-husky-walk-for-remembrance-peace\/\">\n\t\t\t\t\t\t<span class=\"elementor-button-content-wrapper\">\n\t\t\t\t\t\t\t\t\t<span class=\"elementor-button-text\">Back to Self Guided Tour<\/span>\n\t\t\t\t\t<\/span>\n\t\t\t\t\t<\/a>\n\t\t\t\t<\/div>\n\t\t\t\t\t\t\t\t<\/div>\n\t\t\t\t<\/div>\n\t\t\t\t<section class=\"elementor-section elementor-inner-section elementor-element elementor-element-51f0cef elementor-section-boxed elementor-section-height-default elementor-section-height-default\" data-id=\"51f0cef\" data-element_type=\"section\" data-e-type=\"section\">\n\t\t\t\t\t\t<div class=\"elementor-container elementor-column-gap-default\">\n\t\t\t\t\t<div class=\"elementor-column elementor-col-50 elementor-inner-column elementor-element elementor-element-4ad9946\" data-id=\"4ad9946\" data-element_type=\"column\" data-e-type=\"column\">\n\t\t\t<div class=\"elementor-widget-wrap elementor-element-populated\">\n\t\t\t\t\t\t<div class=\"elementor-element elementor-element-77ec231 elementor-view-default elementor-widget elementor-widget-icon\" data-id=\"77ec231\" data-element_type=\"widget\" data-e-type=\"widget\" data-widget_type=\"icon.default\">\n\t\t\t\t<div class=\"elementor-widget-container\">\n\t\t\t\t\t\t\t<div class=\"elementor-icon-wrapper\">\n\t\t\t<a class=\"elementor-icon\" href=\"https:\/\/remembrancewalk.ca\/fr\/day-16-walk-from-agira-to-regalbuto\/\">\n\t\t\t<i aria-hidden=\"true\" class=\"far fa-arrow-alt-circle-left\"><\/i>\t\t\t<\/a>\n\t\t<\/div>\n\t\t\t\t\t\t<\/div>\n\t\t\t\t<\/div>\n\t\t\t\t\t<\/div>\n\t\t<\/div>\n\t\t\t\t<div class=\"elementor-column elementor-col-50 elementor-inner-column elementor-element elementor-element-c1fe934\" data-id=\"c1fe934\" data-element_type=\"column\" data-e-type=\"column\">\n\t\t\t<div class=\"elementor-widget-wrap elementor-element-populated\">\n\t\t\t\t\t\t<div class=\"elementor-element elementor-element-914052e elementor-view-default elementor-widget elementor-widget-icon\" data-id=\"914052e\" data-element_type=\"widget\" data-e-type=\"widget\" data-widget_type=\"icon.default\">\n\t\t\t\t<div class=\"elementor-widget-container\">\n\t\t\t\t\t\t\t<div class=\"elementor-icon-wrapper\">\n\t\t\t<a class=\"elementor-icon\" href=\"https:\/\/remembrancewalk.ca\/fr\/day-18-walk-from-catenanouva-to-centuripe\/\">\n\t\t\t<i aria-hidden=\"true\" class=\"far fa-arrow-alt-circle-right\"><\/i>\t\t\t<\/a>\n\t\t<\/div>\n\t\t\t\t\t\t<\/div>\n\t\t\t\t<\/div>\n\t\t\t\t\t<\/div>\n\t\t<\/div>\n\t\t\t\t\t<\/div>\n\t\t<\/section>\n\t\t\t\t\t<\/div>\n\t\t<\/div>\n\t\t\t\t\t<\/div>\n\t\t<\/section>\n\t\t\t\t<\/div>","protected":false},"excerpt":{"rendered":"<p>\u00a0 Walking time: 2\u00a0hours 17 minutes Total Distance: 12.0\u00a0Kilometers \u00a0 Head southwest on Piazza della Repubblica towardVia Genova &#8211; 14 m Turn right to stay on Piazza della Repubblica &#8211; 15 m Turn left onto Via Gian Filippo Ingrassia &#8211; 270 m Turn left onto SS121 &#8211; 21 m Slight right onto Via Gian Filippo [&hellip;]<\/p>\n","protected":false},"author":30979,"featured_media":0,"parent":0,"menu_order":0,"comment_status":"closed","ping_status":"closed","template":"","meta":{"footnotes":""},"class_list":["post-190","page","type-page","status-publish","hentry"],"_links":{"self":[{"href":"https:\/\/remembrancewalk.ca\/fr\/wp-json\/wp\/v2\/pages\/190","targetHints":{"allow":["GET"]}}],"collection":[{"href":"https:\/\/remembrancewalk.ca\/fr\/wp-json\/wp\/v2\/pages"}],"about":[{"href":"https:\/\/remembrancewalk.ca\/fr\/wp-json\/wp\/v2\/types\/page"}],"author":[{"embeddable":true,"href":"https:\/\/remembrancewalk.ca\/fr\/wp-json\/wp\/v2\/users\/30979"}],"replies":[{"embeddable":true,"href":"https:\/\/remembrancewalk.ca\/fr\/wp-json\/wp\/v2\/comments?post=190"}],"version-history":[{"count":5,"href":"https:\/\/remembrancewalk.ca\/fr\/wp-json\/wp\/v2\/pages\/190\/revisions"}],"predecessor-version":[{"id":4911,"href":"https:\/\/remembrancewalk.ca\/fr\/wp-json\/wp\/v2\/pages\/190\/revisions\/4911"}],"wp:attachment":[{"href":"https:\/\/remembrancewalk.ca\/fr\/wp-json\/wp\/v2\/media?parent=190"}],"curies":[{"name":"wp","href":"https:\/\/api.w.org\/{rel}","templated":true}]}}