{"id":184,"date":"2015-01-14T17:38:38","date_gmt":"2015-01-14T17:38:38","guid":{"rendered":"https:\/\/remembrancewalk.ca\/?page_id=184"},"modified":"2023-06-21T20:36:15","modified_gmt":"2023-06-21T20:36:15","slug":"day-15-walk-from-nissoria-to-agira","status":"publish","type":"page","link":"https:\/\/remembrancewalk.ca\/fr\/day-15-walk-from-nissoria-to-agira\/","title":{"rendered":"Jour 15 : Marche de Nissoria \u00e0 Agira"},"content":{"rendered":"<div data-elementor-type=\"wp-page\" data-elementor-id=\"184\" class=\"elementor elementor-184\" data-elementor-post-type=\"page\">\n\t\t\t\t\t\t<section class=\"elementor-section elementor-top-section elementor-element elementor-element-2a038490 elementor-section-boxed elementor-section-height-default elementor-section-height-default\" data-id=\"2a038490\" data-element_type=\"section\" data-e-type=\"section\">\n\t\t\t\t\t\t<div class=\"elementor-container elementor-column-gap-default\">\n\t\t\t\t\t<div class=\"elementor-column elementor-col-100 elementor-top-column elementor-element elementor-element-15a69993\" data-id=\"15a69993\" data-element_type=\"column\" data-e-type=\"column\">\n\t\t\t<div class=\"elementor-widget-wrap elementor-element-populated\">\n\t\t\t\t\t\t<div class=\"elementor-element elementor-element-46bbfaad elementor-widget elementor-widget-text-editor\" data-id=\"46bbfaad\" data-element_type=\"widget\" data-e-type=\"widget\" data-widget_type=\"text-editor.default\">\n\t\t\t\t<div class=\"elementor-widget-container\">\n\t\t\t\t\t\t\t\t\t<p><iframe style=\"border: 0;\" src=\"https:\/\/www.google.com\/maps\/embed?pb=!1m28!1m12!1m3!1d42323.14397195532!2d14.453670713220253!3d37.65817814557594!2m3!1f0!2f0!3f0!3m2!1i1024!2i768!4f13.1!4m13!1i0!3e2!4m5!1s0x13112e154a05d727%3A0x39285ab75858b768!2sCorso+Vittorio+Emanuele%2C+135%2C+Nissoria+EN%2C+Italy!3m2!1d37.655118!2d14.4493674!4m4!2s37.653841%2C14.52305!3m2!1d37.653841!2d14.52305!5e1!3m2!1sen!2s!4v1425923154555\" width=\"600\" height=\"450\" frameborder=\"0\"><\/iframe><\/p><p>\u00a0<\/p><p><strong>Temps de marche : <\/strong>1 heure 41 minutes<\/p><p><strong>Distance totale : <\/strong>7,9 kilom\u00e8tres<\/p><p>\u00a0<\/p><ul><li>Prendre la direction nord sur Corso Vittorio Emanuele vers Via Guglielmo Marconi - 14 m<\/li><li><em>Route \u00e0 usage restreint<\/em><\/li><li>Tourner \u00e0 droite sur Via Guglielmo Marconi - 34 m<\/li><li>Tourner \u00e0 droite sur Via Ventimiglia - 13 m<\/li><li>Tourner \u00e0 gauche sur Via Salerno - 300 m<\/li><li>Tourner \u00e0 gauche pour rester sur Via Salerno - 15 m<\/li><li>Tourner \u00e0 droite sur Via Carella - 140 m<\/li><li>Continuer sur SS121 - 400 m<\/li><li>L\u00e9g\u00e8rement \u00e0 droite - 240 m<\/li><li>Tourner \u00e0 gauche - 850 m<\/li><li>Tourner \u00e0 gauche vers SS121 - 350 m<\/li><li>Tourner \u00e0 gauche vers SS121 - 57 m<\/li><li>Tourner \u00e0 droite sur SS121 - 4,1 km<\/li><li>Au rond-point, prendre la 1\u00e8re sortie sur Via Zebbug - 160 m<\/li><li>Tourner l\u00e9g\u00e8rement \u00e0 gauche sur Via Palazzolo Dottor - 300 m<\/li><li>Tourner \u00e0 droite sur Via Collegio - 19 m<\/li><li>Tourner \u00e0 gauche sur Via Usignuolo - 60 m<\/li><li>Continuer sur Via Lunga - 250 m<\/li><li>Continuer sur Via Raddusa\/SP21 - 93 m<\/li><li>Continuer sur Via Guglielmo Marconi - 110 m<\/li><li>Tourner \u00e0 droite sur Via Peschiera - 56 m<\/li><li>Tourner compl\u00e8tement \u00e0 droite sur Via Pizzillo - 70 m<\/li><li>Tourner \u00e0 gauche sur Via Lincoln - 83 m<\/li><li>Tourner \u00e0 droite sur Via Sambuco - 54 m<\/li><li>Tourner \u00e0 gauche sur Via Attardi - 28 m<\/li><li>Tourner \u00e0 droite pour rester sur Via Attardi - 44 m<\/li><li>Tourner \u00e0 droite pour rester sur Via Attardi - 8 m<\/li><li>Tourner \u00e0 droite sur Largo Plebiscito - 34 m<\/li><li>Largo Plebiscito tourne l\u00e9g\u00e8rement \u00e0 gauche et devient Via Po - 21 m<\/li><\/ul><h4>Via Po, 11<\/h4><h4>Agira EN, Italy<\/h4><p><strong>Le monument se trouve dans une petite rue secondaire.<\/strong> <strong>Piazza F. Fedele<\/strong><\/p>\t\t\t\t\t\t\t\t<\/div>\n\t\t\t\t<\/div>\n\t\t\t\t<div class=\"elementor-element elementor-element-4ff4deb elementor-align-center elementor-widget elementor-widget-button\" data-id=\"4ff4deb\" data-element_type=\"widget\" data-e-type=\"widget\" data-widget_type=\"button.default\">\n\t\t\t\t<div class=\"elementor-widget-container\">\n\t\t\t\t\t\t\t\t\t<div class=\"elementor-button-wrapper\">\n\t\t\t\t\t<a class=\"elementor-button elementor-button-link elementor-size-sm\" href=\"https:\/\/remembrancewalk.ca\/fr\/operation-husky-walk-for-remembrance-peace\/\">\n\t\t\t\t\t\t<span class=\"elementor-button-content-wrapper\">\n\t\t\t\t\t\t\t\t\t<span class=\"elementor-button-text\">Back to Self Guided Tour<\/span>\n\t\t\t\t\t<\/span>\n\t\t\t\t\t<\/a>\n\t\t\t\t<\/div>\n\t\t\t\t\t\t\t\t<\/div>\n\t\t\t\t<\/div>\n\t\t\t\t<section class=\"elementor-section elementor-inner-section elementor-element elementor-element-4ec4aed elementor-section-boxed elementor-section-height-default elementor-section-height-default\" data-id=\"4ec4aed\" data-element_type=\"section\" data-e-type=\"section\">\n\t\t\t\t\t\t<div class=\"elementor-container elementor-column-gap-default\">\n\t\t\t\t\t<div class=\"elementor-column elementor-col-50 elementor-inner-column elementor-element elementor-element-1da9aa7\" data-id=\"1da9aa7\" data-element_type=\"column\" data-e-type=\"column\">\n\t\t\t<div class=\"elementor-widget-wrap elementor-element-populated\">\n\t\t\t\t\t\t<div class=\"elementor-element elementor-element-7f7fb91 elementor-view-default elementor-widget elementor-widget-icon\" data-id=\"7f7fb91\" data-element_type=\"widget\" data-e-type=\"widget\" data-widget_type=\"icon.default\">\n\t\t\t\t<div class=\"elementor-widget-container\">\n\t\t\t\t\t\t\t<div class=\"elementor-icon-wrapper\">\n\t\t\t<a class=\"elementor-icon\" href=\"https:\/\/remembrancewalk.ca\/fr\/day-14-walk-from-leoforte-to-assoro-to-nissoria\/\">\n\t\t\t<i aria-hidden=\"true\" class=\"far fa-arrow-alt-circle-left\"><\/i>\t\t\t<\/a>\n\t\t<\/div>\n\t\t\t\t\t\t<\/div>\n\t\t\t\t<\/div>\n\t\t\t\t\t<\/div>\n\t\t<\/div>\n\t\t\t\t<div class=\"elementor-column elementor-col-50 elementor-inner-column elementor-element elementor-element-b2c406a\" data-id=\"b2c406a\" data-element_type=\"column\" data-e-type=\"column\">\n\t\t\t<div class=\"elementor-widget-wrap elementor-element-populated\">\n\t\t\t\t\t\t<div class=\"elementor-element elementor-element-bf516f7 elementor-view-default elementor-widget elementor-widget-icon\" data-id=\"bf516f7\" data-element_type=\"widget\" data-e-type=\"widget\" data-widget_type=\"icon.default\">\n\t\t\t\t<div class=\"elementor-widget-container\">\n\t\t\t\t\t\t\t<div class=\"elementor-icon-wrapper\">\n\t\t\t<a class=\"elementor-icon\" href=\"https:\/\/remembrancewalk.ca\/fr\/day-16-walk-from-agira-to-regalbuto\/\">\n\t\t\t<i aria-hidden=\"true\" class=\"far fa-arrow-alt-circle-right\"><\/i>\t\t\t<\/a>\n\t\t<\/div>\n\t\t\t\t\t\t<\/div>\n\t\t\t\t<\/div>\n\t\t\t\t\t<\/div>\n\t\t<\/div>\n\t\t\t\t\t<\/div>\n\t\t<\/section>\n\t\t\t\t\t<\/div>\n\t\t<\/div>\n\t\t\t\t\t<\/div>\n\t\t<\/section>\n\t\t\t\t<\/div>","protected":false},"excerpt":{"rendered":"<p>\u00a0 Walking time: 1\u00a0hours 41 minutes Total Distance: 7.9\u00a0Kilometers \u00a0 Head north on Corso Vittorio Emanuele toward Via Guglielmo Marconi &#8211; 14 m Restricted usage road Turn right onto Via Guglielmo Marconi &#8211; 34 m Turn right onto Via Ventimiglia &#8211; 13 m Turn left onto Via Salerno &#8211; 300 m Turn left to stay [&hellip;]<\/p>\n","protected":false},"author":30979,"featured_media":0,"parent":0,"menu_order":0,"comment_status":"closed","ping_status":"closed","template":"","meta":{"footnotes":""},"class_list":["post-184","page","type-page","status-publish","hentry"],"_links":{"self":[{"href":"https:\/\/remembrancewalk.ca\/fr\/wp-json\/wp\/v2\/pages\/184","targetHints":{"allow":["GET"]}}],"collection":[{"href":"https:\/\/remembrancewalk.ca\/fr\/wp-json\/wp\/v2\/pages"}],"about":[{"href":"https:\/\/remembrancewalk.ca\/fr\/wp-json\/wp\/v2\/types\/page"}],"author":[{"embeddable":true,"href":"https:\/\/remembrancewalk.ca\/fr\/wp-json\/wp\/v2\/users\/30979"}],"replies":[{"embeddable":true,"href":"https:\/\/remembrancewalk.ca\/fr\/wp-json\/wp\/v2\/comments?post=184"}],"version-history":[{"count":5,"href":"https:\/\/remembrancewalk.ca\/fr\/wp-json\/wp\/v2\/pages\/184\/revisions"}],"predecessor-version":[{"id":4905,"href":"https:\/\/remembrancewalk.ca\/fr\/wp-json\/wp\/v2\/pages\/184\/revisions\/4905"}],"wp:attachment":[{"href":"https:\/\/remembrancewalk.ca\/fr\/wp-json\/wp\/v2\/media?parent=184"}],"curies":[{"name":"wp","href":"https:\/\/api.w.org\/{rel}","templated":true}]}}