{"id":181,"date":"2015-01-14T17:38:14","date_gmt":"2015-01-14T17:38:14","guid":{"rendered":"https:\/\/remembrancewalk.ca\/?page_id=181"},"modified":"2023-06-21T20:32:49","modified_gmt":"2023-06-21T20:32:49","slug":"day-14-walk-from-leoforte-to-assoro-to-nissoria","status":"publish","type":"page","link":"https:\/\/remembrancewalk.ca\/fr\/day-14-walk-from-leoforte-to-assoro-to-nissoria\/","title":{"rendered":"Jour 14 : Marche d'Assoro \u00e0 Leonforte et Nissoria"},"content":{"rendered":"<div data-elementor-type=\"wp-page\" data-elementor-id=\"181\" class=\"elementor elementor-181\" data-elementor-post-type=\"page\">\n\t\t\t\t\t\t<section class=\"elementor-section elementor-top-section elementor-element elementor-element-3fd83a68 elementor-section-boxed elementor-section-height-default elementor-section-height-default\" data-id=\"3fd83a68\" data-element_type=\"section\" data-e-type=\"section\">\n\t\t\t\t\t\t<div class=\"elementor-container elementor-column-gap-default\">\n\t\t\t\t\t<div class=\"elementor-column elementor-col-100 elementor-top-column elementor-element elementor-element-31892651\" data-id=\"31892651\" data-element_type=\"column\" data-e-type=\"column\">\n\t\t\t<div class=\"elementor-widget-wrap elementor-element-populated\">\n\t\t\t\t\t\t<div class=\"elementor-element elementor-element-793d2ae0 elementor-widget elementor-widget-text-editor\" data-id=\"793d2ae0\" data-element_type=\"widget\" data-e-type=\"widget\" data-widget_type=\"text-editor.default\">\n\t\t\t\t<div class=\"elementor-widget-container\">\n\t\t\t\t\t\t\t\t\t<p><iframe style=\"border: 0;\" src=\"https:\/\/www.google.com\/maps\/embed?pb=!1m33!1m12!1m3!1d12615.884520645914!2d14.427210438294358!3d37.632320753888436!2m3!1f0!2f0!3f0!3m2!1i1024!2i768!4f13.1!4m18!1i0!3e2!4m5!1s0x13112f07a3e6bec3%3A0xcf03bb6022d53fe4!2sVia+Crisa%2C+280%2C+94010+Assoro+EN%2C+Italy!3m2!1d37.627975!2d14.4240072!4m4!2s37.639552%2C+14.393562!3m2!1d37.639551999999995!2d14.393562!4m4!2s37.655468%2C+14.449048!3m2!1d37.655468!2d14.449048!5e1!3m2!1sen!2s!4v1425920670710\" width=\"600\" height=\"450\" frameborder=\"0\"><\/iframe><\/p><p><strong>\u00a0<\/strong><\/p><p><strong>Temps de marche : <\/strong><strong>2<\/strong>\u00a0heures 17 minutes<\/p><p><strong>Distance totale : <\/strong>10,9 kilom\u00e8tres<\/p><p>\u00a0<\/p><ul><li>Prendre la direction sud sur Via Crisa vers Piazza Umberto I - 11 m<\/li><li>Tourner \u00e0 droite sur Piazza Umberto I - 42 m<\/li><li>Tourner \u00e0 gauche vers Via Santa Lucia - 110 m<\/li><li>Tourner \u00e0 droite sur Via Santa Lucia - 31 m<\/li><li>Tourner \u00e0 gauche sur Via Balzo - 56 m<\/li><li>Tourner \u00e0 droite sur Piazza I Maggio - 39 m<\/li><li>La Piazza I Maggio tourne l\u00e9g\u00e8rement \u00e0 droite et devient Via I Maggio - 130 m<\/li><li>Continuer sur Via Pietro Nenni - 700 m<\/li><li>Tourner \u00e0 droite sur Strada Provinciale 7b\/SP7b - 200 m<\/li><li>Tourner \u00e0 droite vers Strada Provinciale 7b\/SP7b - 30 m<\/li><li>Tourner \u00e0 gauche sur Via Ingui - 230 m<\/li><li>Tourner l\u00e9g\u00e8rement \u00e0 gauche vers Strada Provinciale 7b\/SP7b - 46 m<\/li><li>Turn right onto Strada Provinciale 7b\/SP7b &#8211; 550 m<\/li><li>Continuer sur Strada Provinciale 33\/SP33 - 120 m<\/li><li>Tourner l\u00e9g\u00e8rement \u00e0 droite sur Via S. Vincenzo - 58 m<\/li><li>Continuer sur Contrada Pianetti - 1,3 km<\/li><li>Tourner compl\u00e8tement \u00e0 gauche sur Strada Provinciale 33\/SP33 - 29 m<\/li><li>Tourner \u00e0 droite - 650 m<\/li><li>Continuer sur Via Monachella - 600 m<\/li><li>Tourner \u00e0 gauche sur Via Gabriele d'Annunzio - 28 m<\/li><li>Continuer sur Piazza IV Novembre - 42 m<\/li><\/ul><h4>57 min\u00a0(5.0 km)<\/h4><h4>Piazza IV Novembre, 15<\/h4><h4>Leonforte EN, Italy<\/h4><ul><li>Prendre la direction nord-est sur Piazza IV Novembre vers Via Alessandro Volta - 42 m<\/li><li>Tourner \u00e0 droite sur Via Alessandro Volta - 38 m<\/li><li>Tourner \u00e0 gauche sur Via Bonanno\/SS121<\/li><li><strong>Continuer \u00e0 suivre SS121 - <\/strong>1.7 km<\/li><li>Au rond-point, prendre la 2e sortie et continuer sur SS121 - 1,9 km<\/li><li>Tourner \u00e0 droite - 850 m<\/li><li>Tourner \u00e0 droite sur Corso Vittorio Emanuele\/SS121 - 1,1 km<\/li><li>Continuer sur Piazza Giacomo Matteotti - 200 m<\/li><li>Continuer sur Via Guglielmo Marconi - 100 m<\/li><li>Continuer sur Piazza Duomo - 61 m<\/li><li>Tourner \u00e0 gauche pour rester sur Piazza Duomo - 22 m<\/li><\/ul><h4>1 h 20 min\u00a0(5.9 km)<\/h4><h4>Piazza Duomo, 5<\/h4><h4>Nissoria EN, Italy<\/h4>\t\t\t\t\t\t\t\t<\/div>\n\t\t\t\t<\/div>\n\t\t\t\t<div class=\"elementor-element elementor-element-3aabc91 elementor-align-center elementor-widget elementor-widget-button\" data-id=\"3aabc91\" data-element_type=\"widget\" data-e-type=\"widget\" data-widget_type=\"button.default\">\n\t\t\t\t<div class=\"elementor-widget-container\">\n\t\t\t\t\t\t\t\t\t<div class=\"elementor-button-wrapper\">\n\t\t\t\t\t<a class=\"elementor-button elementor-button-link elementor-size-sm\" href=\"https:\/\/remembrancewalk.ca\/fr\/operation-husky-walk-for-remembrance-peace\/\">\n\t\t\t\t\t\t<span class=\"elementor-button-content-wrapper\">\n\t\t\t\t\t\t\t\t\t<span class=\"elementor-button-text\">Back to Self Guided Tour<\/span>\n\t\t\t\t\t<\/span>\n\t\t\t\t\t<\/a>\n\t\t\t\t<\/div>\n\t\t\t\t\t\t\t\t<\/div>\n\t\t\t\t<\/div>\n\t\t\t\t<section class=\"elementor-section elementor-inner-section elementor-element elementor-element-b1aa7a2 elementor-section-boxed elementor-section-height-default elementor-section-height-default\" data-id=\"b1aa7a2\" data-element_type=\"section\" data-e-type=\"section\">\n\t\t\t\t\t\t<div class=\"elementor-container elementor-column-gap-default\">\n\t\t\t\t\t<div class=\"elementor-column elementor-col-50 elementor-inner-column elementor-element elementor-element-19803e9\" data-id=\"19803e9\" data-element_type=\"column\" data-e-type=\"column\">\n\t\t\t<div class=\"elementor-widget-wrap elementor-element-populated\">\n\t\t\t\t\t\t<div class=\"elementor-element elementor-element-8ef5d36 elementor-view-default elementor-widget elementor-widget-icon\" data-id=\"8ef5d36\" data-element_type=\"widget\" data-e-type=\"widget\" data-widget_type=\"icon.default\">\n\t\t\t\t<div class=\"elementor-widget-container\">\n\t\t\t\t\t\t\t<div class=\"elementor-icon-wrapper\">\n\t\t\t<a class=\"elementor-icon\" href=\"https:\/\/remembrancewalk.ca\/fr\/day-13-walk-from-valguerna-to-assoro\/\">\n\t\t\t<i aria-hidden=\"true\" class=\"far fa-arrow-alt-circle-left\"><\/i>\t\t\t<\/a>\n\t\t<\/div>\n\t\t\t\t\t\t<\/div>\n\t\t\t\t<\/div>\n\t\t\t\t\t<\/div>\n\t\t<\/div>\n\t\t\t\t<div class=\"elementor-column elementor-col-50 elementor-inner-column elementor-element elementor-element-162e31b\" data-id=\"162e31b\" data-element_type=\"column\" data-e-type=\"column\">\n\t\t\t<div class=\"elementor-widget-wrap elementor-element-populated\">\n\t\t\t\t\t\t<div class=\"elementor-element elementor-element-57c5fb1 elementor-view-default elementor-widget elementor-widget-icon\" data-id=\"57c5fb1\" data-element_type=\"widget\" data-e-type=\"widget\" data-widget_type=\"icon.default\">\n\t\t\t\t<div class=\"elementor-widget-container\">\n\t\t\t\t\t\t\t<div class=\"elementor-icon-wrapper\">\n\t\t\t<a class=\"elementor-icon\" href=\"https:\/\/remembrancewalk.ca\/fr\/day-15-walk-from-nissoria-to-agira\/\">\n\t\t\t<i aria-hidden=\"true\" class=\"far fa-arrow-alt-circle-right\"><\/i>\t\t\t<\/a>\n\t\t<\/div>\n\t\t\t\t\t\t<\/div>\n\t\t\t\t<\/div>\n\t\t\t\t\t<\/div>\n\t\t<\/div>\n\t\t\t\t\t<\/div>\n\t\t<\/section>\n\t\t\t\t\t<\/div>\n\t\t<\/div>\n\t\t\t\t\t<\/div>\n\t\t<\/section>\n\t\t\t\t<\/div>","protected":false},"excerpt":{"rendered":"<p>\u00a0 Walking time: 2\u00a0hours 17 minutes Total Distance: 10.9\u00a0Kilometers \u00a0 Head south on Via Crisa toward Piazza Umberto I &#8211; 11 m Turn right onto Piazza Umberto I &#8211; 42 m Turn left toward Via Santa Lucia &#8211; 110 m Turn right onto Via Santa Lucia &#8211; 31 m Turn left onto Via Balzo &#8211; [&hellip;]<\/p>\n","protected":false},"author":30979,"featured_media":0,"parent":0,"menu_order":0,"comment_status":"closed","ping_status":"closed","template":"","meta":{"footnotes":""},"class_list":["post-181","page","type-page","status-publish","hentry"],"_links":{"self":[{"href":"https:\/\/remembrancewalk.ca\/fr\/wp-json\/wp\/v2\/pages\/181","targetHints":{"allow":["GET"]}}],"collection":[{"href":"https:\/\/remembrancewalk.ca\/fr\/wp-json\/wp\/v2\/pages"}],"about":[{"href":"https:\/\/remembrancewalk.ca\/fr\/wp-json\/wp\/v2\/types\/page"}],"author":[{"embeddable":true,"href":"https:\/\/remembrancewalk.ca\/fr\/wp-json\/wp\/v2\/users\/30979"}],"replies":[{"embeddable":true,"href":"https:\/\/remembrancewalk.ca\/fr\/wp-json\/wp\/v2\/comments?post=181"}],"version-history":[{"count":5,"href":"https:\/\/remembrancewalk.ca\/fr\/wp-json\/wp\/v2\/pages\/181\/revisions"}],"predecessor-version":[{"id":4902,"href":"https:\/\/remembrancewalk.ca\/fr\/wp-json\/wp\/v2\/pages\/181\/revisions\/4902"}],"wp:attachment":[{"href":"https:\/\/remembrancewalk.ca\/fr\/wp-json\/wp\/v2\/media?parent=181"}],"curies":[{"name":"wp","href":"https:\/\/api.w.org\/{rel}","templated":true}]}}