{"id":166,"date":"2015-01-14T17:34:28","date_gmt":"2015-01-14T17:34:28","guid":{"rendered":"https:\/\/remembrancewalk.ca\/?page_id=166"},"modified":"2023-06-21T20:03:13","modified_gmt":"2023-06-21T20:03:13","slug":"day-11-piazza-armerina-to-raddusa","status":"publish","type":"page","link":"https:\/\/remembrancewalk.ca\/fr\/day-11-piazza-armerina-to-raddusa\/","title":{"rendered":"Jour 11 : Marche de Piazza Armerina \u00e0 Raddusa (option)"},"content":{"rendered":"<div data-elementor-type=\"wp-page\" data-elementor-id=\"166\" class=\"elementor elementor-166\" data-elementor-post-type=\"page\">\n\t\t\t\t\t\t<section class=\"elementor-section elementor-top-section elementor-element elementor-element-7ba1235b elementor-section-boxed elementor-section-height-default elementor-section-height-default\" data-id=\"7ba1235b\" data-element_type=\"section\" data-e-type=\"section\">\n\t\t\t\t\t\t<div class=\"elementor-container elementor-column-gap-default\">\n\t\t\t\t\t<div class=\"elementor-column elementor-col-100 elementor-top-column elementor-element elementor-element-4c43787a\" data-id=\"4c43787a\" data-element_type=\"column\" data-e-type=\"column\">\n\t\t\t<div class=\"elementor-widget-wrap elementor-element-populated\">\n\t\t\t\t\t\t<div class=\"elementor-element elementor-element-293c6fb6 elementor-widget elementor-widget-text-editor\" data-id=\"293c6fb6\" data-element_type=\"widget\" data-e-type=\"widget\" data-widget_type=\"text-editor.default\">\n\t\t\t\t<div class=\"elementor-widget-container\">\n\t\t\t\t\t\t\t\t\t<p><iframe style=\"border: 0;\" src=\"https:\/\/www.google.com\/maps\/embed?pb=!1m28!1m12!1m3!1d2614.437784928813!2d14.36569440000001!3d37.3842028!2m3!1f0!2f0!3f0!3m2!1i1024!2i768!4f13.1!4m13!1i0!3e2!4m5!1s0x13111eda5737d473%3A0x2315c51a0091206d!2sComune+di+Piazza+Armerina%2C+Via+Atrio+Fundr%C3%B2%2C+1%2C+94015+Piazza+Armerina+EN%2C+Italy!3m2!1d37.384274!2d14.365616999999999!4m4!2s37.472596%2C14.532278!3m2!1d37.472595999999996!2d14.532278!5e1!3m2!1sen!2s!4v1425915675224\" width=\"600\" height=\"450\" frameborder=\"0\"><\/iframe><\/p><p>\u00a0<\/p><p><strong>Temps de marche : <\/strong>4 heures 36 minutes<\/p><p><strong>Distance totale : <\/strong>22,8 kilom\u00e8tres<\/p><p>\u00a0<\/p><ul><li>Prendre la direction nord-est sur Via Vittorio Emanuele vers Via Camillo Benso Conte di Cavour - 19 m<\/li><li>Continuer sur Via Guglielmo Marconi - 80 m<\/li><li>Tourner l\u00e9g\u00e8rement \u00e0 gauche sur Via Giuseppe Mazzini - 280 m<\/li><li>Continuer sur Via Chiarand\u00e0 - 350 m<\/li><li>Continuer sur Piazza Boris Giuliano - 60 m<\/li><li>Continuer sur Via Chiarand\u00e0 - 240 m<\/li><li>Continuer sur Via Gabriele D'Annunzio - 250 m<\/li><li>Tourner l\u00e9g\u00e8rement \u00e0 gauche sur Viale Generale Gaeta - 250 m<\/li><li>Tourner l\u00e9g\u00e8rement \u00e0 droite pour rester sur Viale Generale Gaeta - 2.0 km<\/li><li>Tourner \u00e0 droite sur Strada Statale 288 - 2,7 km<\/li><li>Tourner \u00e0 gauche - 800 m<\/li><li>Tourner \u00e0 droite - 700 m<\/li><li>Tourner \u00e0 droite - 350 m<\/li><li>Tourner \u00e0 droite - 73 m<\/li><li>Tourner \u00e0 gauche - 3,8 km<\/li><li>Tourner \u00e0 droite sur Strada Provinciale 35b\/SP35b - 800 m<\/li><li>Tourner \u00e0 gauche sur Strada Provinciale 35a\/SP35a - 7,1 km<\/li><li>Continuer sur Strada Statale 288\/SS288 - 1,8 km<\/li><li>Tourner l\u00e9g\u00e8rement \u00e0 gauche sur Strada Provinciale 20iii\/SP20iii - 140 m<\/li><li>Tourner \u00e0 gauche - 850 m<\/li><li>Au rond-point, prendre la 1\u00e8re sortie sur Via Vito Giustolisi - 180 m<\/li><li>Turn left onto Piazza Guglielmo Marconi\/SP20iii &#8211; 19 m<\/li><\/ul><h4>Piazza Guglielmo Marconi, 16<\/h4><h4>Raddusa CT, Italy<\/h4>\t\t\t\t\t\t\t\t<\/div>\n\t\t\t\t<\/div>\n\t\t\t\t<div class=\"elementor-element elementor-element-63c2893 elementor-align-center elementor-widget elementor-widget-button\" data-id=\"63c2893\" data-element_type=\"widget\" data-e-type=\"widget\" data-widget_type=\"button.default\">\n\t\t\t\t<div class=\"elementor-widget-container\">\n\t\t\t\t\t\t\t\t\t<div class=\"elementor-button-wrapper\">\n\t\t\t\t\t<a class=\"elementor-button elementor-button-link elementor-size-sm\" href=\"https:\/\/remembrancewalk.ca\/fr\/operation-husky-walk-for-remembrance-peace\/\">\n\t\t\t\t\t\t<span class=\"elementor-button-content-wrapper\">\n\t\t\t\t\t\t\t\t\t<span class=\"elementor-button-text\">Back to Self Guided Tour<\/span>\n\t\t\t\t\t<\/span>\n\t\t\t\t\t<\/a>\n\t\t\t\t<\/div>\n\t\t\t\t\t\t\t\t<\/div>\n\t\t\t\t<\/div>\n\t\t\t\t<section class=\"elementor-section elementor-inner-section elementor-element elementor-element-9555ac3 elementor-section-boxed elementor-section-height-default elementor-section-height-default\" data-id=\"9555ac3\" data-element_type=\"section\" data-e-type=\"section\">\n\t\t\t\t\t\t<div class=\"elementor-container elementor-column-gap-default\">\n\t\t\t\t\t<div class=\"elementor-column elementor-col-50 elementor-inner-column elementor-element elementor-element-0ca770f\" data-id=\"0ca770f\" data-element_type=\"column\" data-e-type=\"column\">\n\t\t\t<div class=\"elementor-widget-wrap elementor-element-populated\">\n\t\t\t\t\t\t<div class=\"elementor-element elementor-element-30fd8af elementor-view-default elementor-widget elementor-widget-icon\" data-id=\"30fd8af\" data-element_type=\"widget\" data-e-type=\"widget\" data-widget_type=\"icon.default\">\n\t\t\t\t<div class=\"elementor-widget-container\">\n\t\t\t\t\t\t\t<div class=\"elementor-icon-wrapper\">\n\t\t\t<a class=\"elementor-icon\" href=\"https:\/\/remembrancewalk.ca\/fr\/day-10-walk-from-san-michele-de-ganzaria-to-piazza-armerina\/\">\n\t\t\t<i aria-hidden=\"true\" class=\"far fa-arrow-alt-circle-left\"><\/i>\t\t\t<\/a>\n\t\t<\/div>\n\t\t\t\t\t\t<\/div>\n\t\t\t\t<\/div>\n\t\t\t\t\t<\/div>\n\t\t<\/div>\n\t\t\t\t<div class=\"elementor-column elementor-col-50 elementor-inner-column elementor-element elementor-element-f632baa\" data-id=\"f632baa\" data-element_type=\"column\" data-e-type=\"column\">\n\t\t\t<div class=\"elementor-widget-wrap elementor-element-populated\">\n\t\t\t\t\t\t<div class=\"elementor-element elementor-element-2c87010 elementor-view-default elementor-widget elementor-widget-icon\" data-id=\"2c87010\" data-element_type=\"widget\" data-e-type=\"widget\" data-widget_type=\"icon.default\">\n\t\t\t\t<div class=\"elementor-widget-container\">\n\t\t\t\t\t\t\t<div class=\"elementor-icon-wrapper\">\n\t\t\t<a class=\"elementor-icon\" href=\"https:\/\/remembrancewalk.ca\/fr\/rest-day-in-valguernera\/\">\n\t\t\t<i aria-hidden=\"true\" class=\"far fa-arrow-alt-circle-right\"><\/i>\t\t\t<\/a>\n\t\t<\/div>\n\t\t\t\t\t\t<\/div>\n\t\t\t\t<\/div>\n\t\t\t\t\t<\/div>\n\t\t<\/div>\n\t\t\t\t\t<\/div>\n\t\t<\/section>\n\t\t\t\t\t<\/div>\n\t\t<\/div>\n\t\t\t\t\t<\/div>\n\t\t<\/section>\n\t\t\t\t<\/div>","protected":false},"excerpt":{"rendered":"<p>\u00a0 Walking time: 4\u00a0hours 36 minutes Total Distance: 22.8\u00a0Kilometers \u00a0 Head northeast on Via Vittorio Emanuele toward Via Camillo Benso Conte di Cavour &#8211; 19 m Continue onto Via Guglielmo Marconi &#8211; 80 m Slight left onto Via Giuseppe Mazzini &#8211; 280 m Continue onto Via Chiarand\u00e0 &#8211; 350 m Continue onto Piazza Boris Giuliano [&hellip;]<\/p>\n","protected":false},"author":30979,"featured_media":0,"parent":0,"menu_order":0,"comment_status":"closed","ping_status":"closed","template":"","meta":{"footnotes":""},"class_list":["post-166","page","type-page","status-publish","hentry"],"_links":{"self":[{"href":"https:\/\/remembrancewalk.ca\/fr\/wp-json\/wp\/v2\/pages\/166","targetHints":{"allow":["GET"]}}],"collection":[{"href":"https:\/\/remembrancewalk.ca\/fr\/wp-json\/wp\/v2\/pages"}],"about":[{"href":"https:\/\/remembrancewalk.ca\/fr\/wp-json\/wp\/v2\/types\/page"}],"author":[{"embeddable":true,"href":"https:\/\/remembrancewalk.ca\/fr\/wp-json\/wp\/v2\/users\/30979"}],"replies":[{"embeddable":true,"href":"https:\/\/remembrancewalk.ca\/fr\/wp-json\/wp\/v2\/comments?post=166"}],"version-history":[{"count":5,"href":"https:\/\/remembrancewalk.ca\/fr\/wp-json\/wp\/v2\/pages\/166\/revisions"}],"predecessor-version":[{"id":4889,"href":"https:\/\/remembrancewalk.ca\/fr\/wp-json\/wp\/v2\/pages\/166\/revisions\/4889"}],"wp:attachment":[{"href":"https:\/\/remembrancewalk.ca\/fr\/wp-json\/wp\/v2\/media?parent=166"}],"curies":[{"name":"wp","href":"https:\/\/api.w.org\/{rel}","templated":true}]}}