{"id":160,"date":"2015-01-14T17:33:03","date_gmt":"2015-01-14T17:33:03","guid":{"rendered":"https:\/\/remembrancewalk.ca\/?page_id=160"},"modified":"2023-06-21T19:52:34","modified_gmt":"2023-06-21T19:52:34","slug":"day-10-walk-from-san-michele-de-ganzaria-to-piazza-armerina","status":"publish","type":"page","link":"https:\/\/remembrancewalk.ca\/fr\/day-10-walk-from-san-michele-de-ganzaria-to-piazza-armerina\/","title":{"rendered":"Jour 10 : Marche de San Michele de Ganzaria \u00e0 Piazza Armerina"},"content":{"rendered":"<div data-elementor-type=\"wp-page\" data-elementor-id=\"160\" class=\"elementor elementor-160\" data-elementor-post-type=\"page\">\n\t\t\t\t\t\t<section class=\"elementor-section elementor-top-section elementor-element elementor-element-29b51275 elementor-section-boxed elementor-section-height-default elementor-section-height-default\" data-id=\"29b51275\" data-element_type=\"section\" data-e-type=\"section\">\n\t\t\t\t\t\t<div class=\"elementor-container elementor-column-gap-default\">\n\t\t\t\t\t<div class=\"elementor-column elementor-col-100 elementor-top-column elementor-element elementor-element-3622f8fc\" data-id=\"3622f8fc\" data-element_type=\"column\" data-e-type=\"column\">\n\t\t\t<div class=\"elementor-widget-wrap elementor-element-populated\">\n\t\t\t\t\t\t<div class=\"elementor-element elementor-element-14e673a3 elementor-widget elementor-widget-text-editor\" data-id=\"14e673a3\" data-element_type=\"widget\" data-e-type=\"widget\" data-widget_type=\"text-editor.default\">\n\t\t\t\t<div class=\"elementor-widget-container\">\n\t\t\t\t\t\t\t\t\t<p><iframe style=\"border: 0;\" src=\"https:\/\/www.google.com\/maps\/embed?pb=!1m28!1m12!1m3!1d88967.11214432964!2d14.355439791747644!3d37.31664126409688!2m3!1f0!2f0!3f0!3m2!1i1024!2i768!4f13.1!4m13!1i0!3e2!4m5!1s0x13111adff220c09b%3A0xeb82b6688cdfd4bc!2sVia+Roma%2C+82%2C+San+Michele+di+Ganzaria+CT%2C+Italy!3m2!1d37.279513699999995!2d14.426306799999999!4m4!2s37.385348%2C14.369949!3m2!1d37.385348!2d14.369949!5e1!3m2!1sen!2s!4v1425913553339\" width=\"600\" height=\"450\" frameborder=\"0\"><\/iframe><\/p><p>\u00a0<\/p><p><strong>Temps de marche : <\/strong>3 heures 22 minutes<\/p><p><strong>Distance totale : <\/strong>14.8 Kilometers<\/p><ul><li>Prendre la direction nord-est sur Via Roma vers Via delle Scuole - 120 m<\/li><li>Tourner \u00e0 gauche sur Via dei Greci - 450 m<\/li><li>Continuer sur Via Sottotenente la Rosa - 500 m<\/li><li>Tourner \u00e0 gauche - 2,2 km<\/li><li>Tourner \u00e0 droite - 4,2 km<\/li><li>L\u00e9g\u00e8rement \u00e0 gauche - 3,0 km<\/li><li>Tourner \u00e0 gauche - 2,7 km<\/li><li>Continuer sur Contrada Santa Croce Costantino - 140 m<\/li><li>Au rond-point, prendre la 3e sortie sur Via Giosu\u00e8 Carducci\/SP16<\/li><\/ul><p><strong>Continuer \u00e0 suivre SP16<\/strong><\/p><p>650 m<\/p><p>\u00a0<\/p><ul><li>Continuer sur Via Alessandro Manzoni - 69 m<\/li><li>Continuer sur Viale della Libert\u00e0 - 350 m<\/li><li>Continuer sur Piazza Alcide De Gasperi - 56 m<\/li><li>Continuer sur Via Monsignore Sturzo - 180 m<\/li><li>Tourner \u00e0 gauche sur Via Carbone - 37 m<\/li><li>Tourner \u00e0 droite sur Piazza Umberto I - 43 m<\/li><li>Tourner \u00e0 gauche sur Via Garibaldi - 3 m<\/li><\/ul><h4>Via Garibaldi, 111<\/h4><h4>Piazza Armerina EN, Italy<\/h4>\t\t\t\t\t\t\t\t<\/div>\n\t\t\t\t<\/div>\n\t\t\t\t<div class=\"elementor-element elementor-element-47a3b90 elementor-align-center elementor-widget elementor-widget-button\" data-id=\"47a3b90\" data-element_type=\"widget\" data-e-type=\"widget\" data-widget_type=\"button.default\">\n\t\t\t\t<div class=\"elementor-widget-container\">\n\t\t\t\t\t\t\t\t\t<div class=\"elementor-button-wrapper\">\n\t\t\t\t\t<a class=\"elementor-button elementor-button-link elementor-size-sm\" href=\"https:\/\/remembrancewalk.ca\/fr\/operation-husky-walk-for-remembrance-peace\/\">\n\t\t\t\t\t\t<span class=\"elementor-button-content-wrapper\">\n\t\t\t\t\t\t\t\t\t<span class=\"elementor-button-text\">Back to Self Guided Tour<\/span>\n\t\t\t\t\t<\/span>\n\t\t\t\t\t<\/a>\n\t\t\t\t<\/div>\n\t\t\t\t\t\t\t\t<\/div>\n\t\t\t\t<\/div>\n\t\t\t\t<section class=\"elementor-section elementor-inner-section elementor-element elementor-element-b42ee89 elementor-section-boxed elementor-section-height-default elementor-section-height-default\" data-id=\"b42ee89\" data-element_type=\"section\" data-e-type=\"section\">\n\t\t\t\t\t\t<div class=\"elementor-container elementor-column-gap-default\">\n\t\t\t\t\t<div class=\"elementor-column elementor-col-50 elementor-inner-column elementor-element elementor-element-94c0a93\" data-id=\"94c0a93\" data-element_type=\"column\" data-e-type=\"column\">\n\t\t\t<div class=\"elementor-widget-wrap elementor-element-populated\">\n\t\t\t\t\t\t<div class=\"elementor-element elementor-element-cc10c94 elementor-view-default elementor-widget elementor-widget-icon\" data-id=\"cc10c94\" data-element_type=\"widget\" data-e-type=\"widget\" data-widget_type=\"icon.default\">\n\t\t\t\t<div class=\"elementor-widget-container\">\n\t\t\t\t\t\t\t<div class=\"elementor-icon-wrapper\">\n\t\t\t<a class=\"elementor-icon\" href=\"https:\/\/remembrancewalk.ca\/fr\/day-9-walk-from-caltagirone-to-san-michele-de-ganzeria\/\">\n\t\t\t<i aria-hidden=\"true\" class=\"far fa-arrow-alt-circle-left\"><\/i>\t\t\t<\/a>\n\t\t<\/div>\n\t\t\t\t\t\t<\/div>\n\t\t\t\t<\/div>\n\t\t\t\t\t<\/div>\n\t\t<\/div>\n\t\t\t\t<div class=\"elementor-column elementor-col-50 elementor-inner-column elementor-element elementor-element-59d181c\" data-id=\"59d181c\" data-element_type=\"column\" data-e-type=\"column\">\n\t\t\t<div class=\"elementor-widget-wrap elementor-element-populated\">\n\t\t\t\t\t\t<div class=\"elementor-element elementor-element-329ff2b elementor-view-default elementor-widget elementor-widget-icon\" data-id=\"329ff2b\" data-element_type=\"widget\" data-e-type=\"widget\" data-widget_type=\"icon.default\">\n\t\t\t\t<div class=\"elementor-widget-container\">\n\t\t\t\t\t\t\t<div class=\"elementor-icon-wrapper\">\n\t\t\t<a class=\"elementor-icon\" href=\"https:\/\/remembrancewalk.ca\/fr\/day-11-walk-from-piazza-armerina-to-valguernera\/\">\n\t\t\t<i aria-hidden=\"true\" class=\"far fa-arrow-alt-circle-right\"><\/i>\t\t\t<\/a>\n\t\t<\/div>\n\t\t\t\t\t\t<\/div>\n\t\t\t\t<\/div>\n\t\t\t\t\t<\/div>\n\t\t<\/div>\n\t\t\t\t\t<\/div>\n\t\t<\/section>\n\t\t\t\t\t<\/div>\n\t\t<\/div>\n\t\t\t\t\t<\/div>\n\t\t<\/section>\n\t\t\t\t<\/div>","protected":false},"excerpt":{"rendered":"<p>\u00a0 Walking time: 3\u00a0hours 22 minutes Total Distance: 14.8\u00a0Kilometers Head northeast on Via Roma toward Via delle Scuole &#8211; 120 m Turn left onto Via dei Greci &#8211; 450 m Continue onto Via Sottotenente la Rosa &#8211; 500 m Turn left &#8211; 2.2 km Turn right &#8211; 4.2 km Slight left &#8211; 3.0 km Turn [&hellip;]<\/p>\n","protected":false},"author":30979,"featured_media":0,"parent":0,"menu_order":0,"comment_status":"closed","ping_status":"closed","template":"","meta":{"footnotes":""},"class_list":["post-160","page","type-page","status-publish","hentry"],"_links":{"self":[{"href":"https:\/\/remembrancewalk.ca\/fr\/wp-json\/wp\/v2\/pages\/160","targetHints":{"allow":["GET"]}}],"collection":[{"href":"https:\/\/remembrancewalk.ca\/fr\/wp-json\/wp\/v2\/pages"}],"about":[{"href":"https:\/\/remembrancewalk.ca\/fr\/wp-json\/wp\/v2\/types\/page"}],"author":[{"embeddable":true,"href":"https:\/\/remembrancewalk.ca\/fr\/wp-json\/wp\/v2\/users\/30979"}],"replies":[{"embeddable":true,"href":"https:\/\/remembrancewalk.ca\/fr\/wp-json\/wp\/v2\/comments?post=160"}],"version-history":[{"count":5,"href":"https:\/\/remembrancewalk.ca\/fr\/wp-json\/wp\/v2\/pages\/160\/revisions"}],"predecessor-version":[{"id":4883,"href":"https:\/\/remembrancewalk.ca\/fr\/wp-json\/wp\/v2\/pages\/160\/revisions\/4883"}],"wp:attachment":[{"href":"https:\/\/remembrancewalk.ca\/fr\/wp-json\/wp\/v2\/media?parent=160"}],"curies":[{"name":"wp","href":"https:\/\/api.w.org\/{rel}","templated":true}]}}