{"id":154,"date":"2015-01-14T17:32:02","date_gmt":"2015-01-14T17:32:02","guid":{"rendered":"https:\/\/remembrancewalk.ca\/?page_id=154"},"modified":"2023-06-21T19:43:18","modified_gmt":"2023-06-21T19:43:18","slug":"day-8-rest-day-in-caltagirone","status":"publish","type":"page","link":"https:\/\/remembrancewalk.ca\/fr\/day-8-rest-day-in-caltagirone\/","title":{"rendered":"Jour 8 : Journ\u00e9e de repos \u00e0 Caltagirone"},"content":{"rendered":"<div data-elementor-type=\"wp-page\" data-elementor-id=\"154\" class=\"elementor elementor-154\" data-elementor-post-type=\"page\">\n\t\t\t\t\t\t<section class=\"elementor-section elementor-top-section elementor-element elementor-element-71147825 elementor-section-boxed elementor-section-height-default elementor-section-height-default\" data-id=\"71147825\" data-element_type=\"section\" data-e-type=\"section\">\n\t\t\t\t\t\t<div class=\"elementor-container elementor-column-gap-default\">\n\t\t\t\t\t<div class=\"elementor-column elementor-col-100 elementor-top-column elementor-element elementor-element-28bad614\" data-id=\"28bad614\" data-element_type=\"column\" data-e-type=\"column\">\n\t\t\t<div class=\"elementor-widget-wrap elementor-element-populated\">\n\t\t\t\t\t\t<div class=\"elementor-element elementor-element-30f8a696 elementor-widget elementor-widget-text-editor\" data-id=\"30f8a696\" data-element_type=\"widget\" data-e-type=\"widget\" data-widget_type=\"text-editor.default\">\n\t\t\t\t<div class=\"elementor-widget-container\">\n\t\t\t\t\t\t\t\t\t<p>Caltagirone est c\u00e9l\u00e8bre dans le monde entier pour ses poteries, gr\u00e2ce \u00e0 l'abondance d'argile d'excellente qualit\u00e9 dans la r\u00e9gion et \u00e0 une tradition plus que mill\u00e9naire.<\/p><p>\u00a0<\/p><p>Les m\u00e9thodes, les techniques et le style de la poterie de Caltagirone ont \u00e9t\u00e9 modifi\u00e9s et affin\u00e9s au cours des si\u00e8cles gr\u00e2ce aux conqu\u00eates grecques et arabes, ce qui fait de cette poterie l'une des plus uniques au monde.<\/p><p>\u00a0<\/p><p>La c\u00e9ramique est pr\u00e9sente dans toute la ville, le long des murs, sur les ponts, sur les balcons et dans les b\u00e2timents. Un grand tremblement de terre au 17e<sup>e<\/sup> si\u00e8cle a donn\u00e9 lieu \u00e0 la reconstruction de la ville dans un style tr\u00e8s particulier, le style baroque. Afin de prot\u00e9ger ses splendides b\u00e2timents et \u00e9glises baroques, la ville a \u00e9t\u00e9 d\u00e9clar\u00e9e site du patrimoine mondial de l'UNESCO.<\/p><p>Visiter<span style=\"color: #ff0000;\"><strong> http:\/\/www.sicilyincoming.com\/caltagirone.html <\/strong><\/span>pour en savoir plus.<\/p><h2><strong>Scala di Santa Maria del Monte<\/strong><\/h2><p>La Scala di Santa Maria del Monte est l'une des zones les plus visit\u00e9es et les plus photographi\u00e9es de Caltagirone. Un vaste escalier de 142 marches, d\u00e9cor\u00e9 des c\u00e9l\u00e8bres poteries de Caltagirone, c'est un site \u00e0 ne pas manquer.\u00a0\u00a0<\/p><p>\u00a0<\/p><p>Les meilleures p\u00e9riodes pour visiter \"La Scala\" sont le 24<sup>e<\/sup>\u00a0et 25<sup>e<\/sup>\u00a0de juillet et 14<sup>e<\/sup>et 15<sup>e<\/sup>\u00a0La nuit d'ao\u00fbt, des bougies et 4000 cylindres de papier color\u00e9 contenant des lampes \u00e0 huile forment un motif de tapisserie. Ces soirs-l\u00e0, \u00e0 21h30, des centaines de jeunes entrent en action pour allumer les lampes, de sorte que l'escalier s'embrase d'un seul coup<\/p><p>\u00a0<\/p><p>Les visiteurs et les touristes sont les bienvenus. Veillez \u00e0 monter les marches en ayant faim, car certains des meilleurs restaurants et pizzerias se trouvent sur le chemin de la mont\u00e9e ! L'un d'entre eux, appel\u00e9 <i>Pizzeria la Scala\u00a0<\/i>s'enorgueillit de poss\u00e9der l'une des meilleures pizzas siciliennes de l'\u00eele.<\/p><p><a href=\"https:\/\/remembrancewalk.ca\/wp-content\/uploads\/2015\/01\/download.jpg\"><img fetchpriority=\"high\" decoding=\"async\" class=\"aligncenter size-full wp-image-646\" src=\"https:\/\/remembrancewalk.ca\/wp-content\/uploads\/2015\/01\/download.jpg\" alt=\"download\" width=\"275\" height=\"183\" srcset=\"https:\/\/remembrancewalk.ca\/wp-content\/uploads\/2015\/01\/download.jpg 275w, https:\/\/remembrancewalk.ca\/wp-content\/uploads\/2015\/01\/download-272x182.jpg 272w\" sizes=\"(max-width: 275px) 100vw, 275px\" \/><\/a><\/p><h2><strong>Museo della Ceramica - Mus\u00e9e de la c\u00e9ramique<\/strong><\/h2><p>Au cas o\u00f9 vous ne verriez pas assez de poteries et de c\u00e9ramiques c\u00e9l\u00e8bres de Caltagirone dans toute la ville, un mus\u00e9e pr\u00e9sente la tradition mill\u00e9naire de la poterie de la ville.<\/p><p>\u00a0<\/p><p>Situ\u00e9 dans le magnifique parc de la ville, le mus\u00e9e pr\u00e9sente l'une des plus vastes collections de poteries de Sicile. On y trouve des poteries du n\u00e9olithique, des terres cuites du 5\u00e8me si\u00e8cle et des poteries du 5\u00e8me si\u00e8cle.<sup>e<\/sup>\u00a0si\u00e8cle avant J.-C. \u00e0 18<sup>e<\/sup>\u00a0si\u00e8cle, des carreaux de sol, des carreaux de fa\u00efence - une immense collection de terres cuites et de poteries anciennes et modernes.<\/p><p><a href=\"https:\/\/remembrancewalk.ca\/wp-content\/uploads\/2015\/01\/Caltagirone_Ceramica.jpg\"><img decoding=\"async\" class=\"aligncenter size-medium wp-image-648\" src=\"https:\/\/remembrancewalk.ca\/wp-content\/uploads\/2015\/01\/Caltagirone_Ceramica-300x223.jpg\" alt=\"Caltagirone_Ceramica\" width=\"300\" height=\"223\" srcset=\"https:\/\/remembrancewalk.ca\/wp-content\/uploads\/2015\/01\/Caltagirone_Ceramica-300x223.jpg 300w, https:\/\/remembrancewalk.ca\/wp-content\/uploads\/2015\/01\/Caltagirone_Ceramica.jpg 620w\" sizes=\"(max-width: 300px) 100vw, 300px\" \/><\/a><\/p><h2><strong>Le jardin public Vittorio Emanuele<\/strong><\/h2><p>Lors de la visite du Museo della Ceramica, il sera difficile de manquer le jardin public de Caltagirone, connu par les locaux sous le nom de\u00a0<em>The Villa Comunale<\/em>Le jardin a \u00e9t\u00e9 con\u00e7u par Giovanni Battista Basile sur le mod\u00e8le des jardins anglais.<\/p><p>\u00a0<\/p><p>C'est l'un des plus beaux quartiers de la ville, avec de nombreux arbres et plantes magnifiques, ainsi que des statues, des vases et des fontaines en c\u00e9ramique d'une beaut\u00e9 inou\u00efe. Le jardin public Vittorio Emanuele est peut-\u00eatre l'endroit id\u00e9al pour une promenade relaxante et ne manquera pas de vous d\u00e9cevoir.<\/p><p><a href=\"https:\/\/remembrancewalk.ca\/wp-content\/uploads\/2015\/01\/images.jpg\"><img decoding=\"async\" class=\"aligncenter size-full wp-image-651\" src=\"https:\/\/remembrancewalk.ca\/wp-content\/uploads\/2015\/01\/images.jpg\" alt=\"images\" width=\"259\" height=\"194\" \/><\/a><\/p><p>\u00a0<\/p>\t\t\t\t\t\t\t\t<\/div>\n\t\t\t\t<\/div>\n\t\t\t\t<div class=\"elementor-element elementor-element-abad696 elementor-align-center elementor-widget elementor-widget-button\" data-id=\"abad696\" data-element_type=\"widget\" data-e-type=\"widget\" data-widget_type=\"button.default\">\n\t\t\t\t<div class=\"elementor-widget-container\">\n\t\t\t\t\t\t\t\t\t<div class=\"elementor-button-wrapper\">\n\t\t\t\t\t<a class=\"elementor-button elementor-button-link elementor-size-sm\" href=\"https:\/\/remembrancewalk.ca\/fr\/operation-husky-walk-for-remembrance-peace\/\">\n\t\t\t\t\t\t<span class=\"elementor-button-content-wrapper\">\n\t\t\t\t\t\t\t\t\t<span class=\"elementor-button-text\">Back to Self Guided Tour<\/span>\n\t\t\t\t\t<\/span>\n\t\t\t\t\t<\/a>\n\t\t\t\t<\/div>\n\t\t\t\t\t\t\t\t<\/div>\n\t\t\t\t<\/div>\n\t\t\t\t<section class=\"elementor-section elementor-inner-section elementor-element elementor-element-288734a elementor-section-boxed elementor-section-height-default elementor-section-height-default\" data-id=\"288734a\" data-element_type=\"section\" data-e-type=\"section\">\n\t\t\t\t\t\t<div class=\"elementor-container elementor-column-gap-default\">\n\t\t\t\t\t<div class=\"elementor-column elementor-col-50 elementor-inner-column elementor-element elementor-element-7d4bc30\" data-id=\"7d4bc30\" data-element_type=\"column\" data-e-type=\"column\">\n\t\t\t<div class=\"elementor-widget-wrap elementor-element-populated\">\n\t\t\t\t\t\t<div class=\"elementor-element elementor-element-e862f95 elementor-view-default elementor-widget elementor-widget-icon\" data-id=\"e862f95\" data-element_type=\"widget\" data-e-type=\"widget\" data-widget_type=\"icon.default\">\n\t\t\t\t<div class=\"elementor-widget-container\">\n\t\t\t\t\t\t\t<div class=\"elementor-icon-wrapper\">\n\t\t\t<a class=\"elementor-icon\" href=\"https:\/\/remembrancewalk.ca\/fr\/day-7-walk-from-grammichele-to-caltagirone\/\">\n\t\t\t<i aria-hidden=\"true\" class=\"far fa-arrow-alt-circle-left\"><\/i>\t\t\t<\/a>\n\t\t<\/div>\n\t\t\t\t\t\t<\/div>\n\t\t\t\t<\/div>\n\t\t\t\t\t<\/div>\n\t\t<\/div>\n\t\t\t\t<div class=\"elementor-column elementor-col-50 elementor-inner-column elementor-element elementor-element-18a537a\" data-id=\"18a537a\" data-element_type=\"column\" data-e-type=\"column\">\n\t\t\t<div class=\"elementor-widget-wrap elementor-element-populated\">\n\t\t\t\t\t\t<div class=\"elementor-element elementor-element-f5c2989 elementor-view-default elementor-widget elementor-widget-icon\" data-id=\"f5c2989\" data-element_type=\"widget\" data-e-type=\"widget\" data-widget_type=\"icon.default\">\n\t\t\t\t<div class=\"elementor-widget-container\">\n\t\t\t\t\t\t\t<div class=\"elementor-icon-wrapper\">\n\t\t\t<a class=\"elementor-icon\" href=\"https:\/\/remembrancewalk.ca\/fr\/day-9-walk-from-caltagirone-to-san-michele-de-ganzeria\/\">\n\t\t\t<i aria-hidden=\"true\" class=\"far fa-arrow-alt-circle-right\"><\/i>\t\t\t<\/a>\n\t\t<\/div>\n\t\t\t\t\t\t<\/div>\n\t\t\t\t<\/div>\n\t\t\t\t\t<\/div>\n\t\t<\/div>\n\t\t\t\t\t<\/div>\n\t\t<\/section>\n\t\t\t\t\t<\/div>\n\t\t<\/div>\n\t\t\t\t\t<\/div>\n\t\t<\/section>\n\t\t\t\t<\/div>","protected":false},"excerpt":{"rendered":"<p>Caltagirone is famous throughout the world for its pottery, which is due to the abundance of excellent quality clay in the area, and over a thousand years of tradition. \u00a0 The methods, techniques and style of the pottery from Caltagirone have been modified and refined over the centuries due to Greek and Arabic conquest, making [&hellip;]<\/p>\n","protected":false},"author":30979,"featured_media":0,"parent":0,"menu_order":0,"comment_status":"closed","ping_status":"closed","template":"","meta":{"footnotes":""},"class_list":["post-154","page","type-page","status-publish","hentry"],"_links":{"self":[{"href":"https:\/\/remembrancewalk.ca\/fr\/wp-json\/wp\/v2\/pages\/154","targetHints":{"allow":["GET"]}}],"collection":[{"href":"https:\/\/remembrancewalk.ca\/fr\/wp-json\/wp\/v2\/pages"}],"about":[{"href":"https:\/\/remembrancewalk.ca\/fr\/wp-json\/wp\/v2\/types\/page"}],"author":[{"embeddable":true,"href":"https:\/\/remembrancewalk.ca\/fr\/wp-json\/wp\/v2\/users\/30979"}],"replies":[{"embeddable":true,"href":"https:\/\/remembrancewalk.ca\/fr\/wp-json\/wp\/v2\/comments?post=154"}],"version-history":[{"count":5,"href":"https:\/\/remembrancewalk.ca\/fr\/wp-json\/wp\/v2\/pages\/154\/revisions"}],"predecessor-version":[{"id":4877,"href":"https:\/\/remembrancewalk.ca\/fr\/wp-json\/wp\/v2\/pages\/154\/revisions\/4877"}],"wp:attachment":[{"href":"https:\/\/remembrancewalk.ca\/fr\/wp-json\/wp\/v2\/media?parent=154"}],"curies":[{"name":"wp","href":"https:\/\/api.w.org\/{rel}","templated":true}]}}