{"id":151,"date":"2015-01-14T17:30:43","date_gmt":"2015-01-14T17:30:43","guid":{"rendered":"https:\/\/remembrancewalk.ca\/?page_id=151"},"modified":"2023-06-21T19:02:12","modified_gmt":"2023-06-21T19:02:12","slug":"day-7-walk-from-grammichele-to-caltagirone","status":"publish","type":"page","link":"https:\/\/remembrancewalk.ca\/fr\/day-7-walk-from-grammichele-to-caltagirone\/","title":{"rendered":"Jour 7 : Marche de Grammichele \u00e0 Caltagirone"},"content":{"rendered":"<div data-elementor-type=\"wp-page\" data-elementor-id=\"151\" class=\"elementor elementor-151\" data-elementor-post-type=\"page\">\n\t\t\t\t\t\t<section class=\"elementor-section elementor-top-section elementor-element elementor-element-260a03d5 elementor-section-boxed elementor-section-height-default elementor-section-height-default\" data-id=\"260a03d5\" data-element_type=\"section\" data-e-type=\"section\">\n\t\t\t\t\t\t<div class=\"elementor-container elementor-column-gap-default\">\n\t\t\t\t\t<div class=\"elementor-column elementor-col-100 elementor-top-column elementor-element elementor-element-7d651f3d\" data-id=\"7d651f3d\" data-element_type=\"column\" data-e-type=\"column\">\n\t\t\t<div class=\"elementor-widget-wrap elementor-element-populated\">\n\t\t\t\t\t\t<div class=\"elementor-element elementor-element-45de1804 elementor-widget elementor-widget-text-editor\" data-id=\"45de1804\" data-element_type=\"widget\" data-e-type=\"widget\" data-widget_type=\"text-editor.default\">\n\t\t\t\t<div class=\"elementor-widget-container\">\n\t\t\t\t\t\t\t\t\t<p><iframe style=\"border: 0;\" src=\"https:\/\/www.google.com\/maps\/embed?pb=!1m28!1m12!1m3!1d63236.079810610565!2d14.53837740079837!3d37.226912403519215!2m3!1f0!2f0!3f0!3m2!1i1024!2i768!4f13.1!4m13!1i0!3e2!4m5!1s0x13110d41b56a9d4b%3A0xb7e2cc720fd7d660!2sPiazza+Carafa+Carlo+Maria%2C+38%2C+Grammichele+CT%2C+Italy!3m2!1d37.214957999999996!2d14.637003!4m4!2s37.233495%2C14.516913!3m2!1d37.233495!2d14.516912999999999!5e1!3m2!1sen!2s!4v1425662890697\" width=\"600\" height=\"450\" frameborder=\"0\"><\/iframe><\/p><p>\u00a0<\/p><p>Le huiti\u00e8me jour de voyage comprend une journ\u00e9e de repos \u00e0 Caltagirone. Connue pour sa production de belles c\u00e9ramiques et son histoire ancienne, ainsi que pour ses beaux mus\u00e9es et ses paysages, Caltagirone est une \u00e9tape incontournable pour tous ceux qui la visitent.<\/p><p>\u00a0<\/p><p>Cliquez sur <a href=\"https:\/\/remembrancewalk.ca\/fr\/day-8-rest-day-in-caltagirone\/\">ICI<\/a> pour d\u00e9couvrir ce que Caltagirone a \u00e0 offrir.<\/p><p>\u00a0<\/p><p>Pour continuer \u00e0 travailler sur la m\u00e9moire et le rythme, cliquez sur <a href=\"https:\/\/remembrancewalk.ca\/fr\/day-9-walk-from-caltagirone-to-san-michele-de-ganzeria\/\">ICI<\/a><\/p><p>\u00a0<\/p><p><strong>Temps de marche : <\/strong>2 heures 49 minutes<\/p><p><strong>Distance totale : <\/strong>13,5 kilom\u00e8tres<\/p><p>\u00a0<\/p><ul><li>Prendre la direction sud-est sur Piazza Carlo Maria Carafa\/Via Santa Maria Carafa vers Via Gardena - 9 m<\/li><li>Tourner \u00e0 droite pour rester sur Piazza Carlo Maria Carafa\/Via Santa Maria Carafa - 22 m<\/li><li>Tourner \u00e0 droite sur Corso Roma - 400 m<\/li><li>Tourner \u00e0 droite sur SS124 - 220 m<\/li><li>Au rond-point, prendre la 2e sortie sur Via Luigi Einaudi - 2,3 km<\/li><li>Tourner \u00e0 gauche - 210 m<\/li><li>Tourner \u00e0 droite - 1,7 km<\/li><li>Tourner \u00e0 droite vers Strada Statale 124\/SS124 - 25 m<\/li><li>Tourner \u00e0 gauche sur Strada Statale 124\/SS124<\/li><li>Continuer \u00e0 suivre SS124 - 6.8 km<\/li><li>Tourner \u00e0 gauche sur Via Fontanelle - 800 m<\/li><li>Tourner l\u00e9g\u00e8rement \u00e0 gauche sur Piazza Risorgimento - 150 m<\/li><li>Tourner \u00e0 droite sur Via Giovanni Burgio - 170 m<\/li><li>Slight right onto Via Giorgio Arcoleo &#8211; 400 m<\/li><li>Continuer sur Via Roma - 290 m<\/li><\/ul><p><strong>Via Roma, 173<\/strong><\/p><p><strong>Caltagirone CT, Italy<\/strong><\/p>\t\t\t\t\t\t\t\t<\/div>\n\t\t\t\t<\/div>\n\t\t\t\t<div class=\"elementor-element elementor-element-7be4d6f elementor-align-center elementor-widget elementor-widget-button\" data-id=\"7be4d6f\" data-element_type=\"widget\" data-e-type=\"widget\" data-widget_type=\"button.default\">\n\t\t\t\t<div class=\"elementor-widget-container\">\n\t\t\t\t\t\t\t\t\t<div class=\"elementor-button-wrapper\">\n\t\t\t\t\t<a class=\"elementor-button elementor-button-link elementor-size-sm\" href=\"https:\/\/remembrancewalk.ca\/fr\/operation-husky-walk-for-remembrance-peace\/\">\n\t\t\t\t\t\t<span class=\"elementor-button-content-wrapper\">\n\t\t\t\t\t\t\t\t\t<span class=\"elementor-button-text\">Back to Self Guided Tour<\/span>\n\t\t\t\t\t<\/span>\n\t\t\t\t\t<\/a>\n\t\t\t\t<\/div>\n\t\t\t\t\t\t\t\t<\/div>\n\t\t\t\t<\/div>\n\t\t\t\t<section class=\"elementor-section elementor-inner-section elementor-element elementor-element-eeac2ba elementor-section-boxed elementor-section-height-default elementor-section-height-default\" data-id=\"eeac2ba\" data-element_type=\"section\" data-e-type=\"section\">\n\t\t\t\t\t\t<div class=\"elementor-container elementor-column-gap-default\">\n\t\t\t\t\t<div class=\"elementor-column elementor-col-50 elementor-inner-column elementor-element elementor-element-543523f\" data-id=\"543523f\" data-element_type=\"column\" data-e-type=\"column\">\n\t\t\t<div class=\"elementor-widget-wrap elementor-element-populated\">\n\t\t\t\t\t\t<div class=\"elementor-element elementor-element-e757457 elementor-view-default elementor-widget elementor-widget-icon\" data-id=\"e757457\" data-element_type=\"widget\" data-e-type=\"widget\" data-widget_type=\"icon.default\">\n\t\t\t\t<div class=\"elementor-widget-container\">\n\t\t\t\t\t\t\t<div class=\"elementor-icon-wrapper\">\n\t\t\t<a class=\"elementor-icon\" href=\"https:\/\/remembrancewalk.ca\/fr\/day-6-walk-from-vizzini-to-grammichele\/\">\n\t\t\t<i aria-hidden=\"true\" class=\"far fa-arrow-alt-circle-left\"><\/i>\t\t\t<\/a>\n\t\t<\/div>\n\t\t\t\t\t\t<\/div>\n\t\t\t\t<\/div>\n\t\t\t\t\t<\/div>\n\t\t<\/div>\n\t\t\t\t<div class=\"elementor-column elementor-col-50 elementor-inner-column elementor-element elementor-element-170a9c8\" data-id=\"170a9c8\" data-element_type=\"column\" data-e-type=\"column\">\n\t\t\t<div class=\"elementor-widget-wrap elementor-element-populated\">\n\t\t\t\t\t\t<div class=\"elementor-element elementor-element-8ff202e elementor-view-default elementor-widget elementor-widget-icon\" data-id=\"8ff202e\" data-element_type=\"widget\" data-e-type=\"widget\" data-widget_type=\"icon.default\">\n\t\t\t\t<div class=\"elementor-widget-container\">\n\t\t\t\t\t\t\t<div class=\"elementor-icon-wrapper\">\n\t\t\t<a class=\"elementor-icon\" href=\"https:\/\/remembrancewalk.ca\/fr\/day-8-rest-day-in-caltagirone\/\">\n\t\t\t<i aria-hidden=\"true\" class=\"far fa-arrow-alt-circle-right\"><\/i>\t\t\t<\/a>\n\t\t<\/div>\n\t\t\t\t\t\t<\/div>\n\t\t\t\t<\/div>\n\t\t\t\t\t<\/div>\n\t\t<\/div>\n\t\t\t\t\t<\/div>\n\t\t<\/section>\n\t\t\t\t\t<\/div>\n\t\t<\/div>\n\t\t\t\t\t<\/div>\n\t\t<\/section>\n\t\t\t\t<\/div>","protected":false},"excerpt":{"rendered":"<p>\u00a0 The eighth day of travel includes a rest day in Caltagirone. Known for its production of beautiful ceramics and ancient history, as well as beautiful museums and scenery, Caltagirone is a must see for anyone that visits. \u00a0 Click HERE to discover what Caltagirone has to offer. \u00a0 To continue your Walk for Remembrance [&hellip;]<\/p>\n","protected":false},"author":30979,"featured_media":0,"parent":0,"menu_order":0,"comment_status":"closed","ping_status":"closed","template":"","meta":{"footnotes":""},"class_list":["post-151","page","type-page","status-publish","hentry"],"_links":{"self":[{"href":"https:\/\/remembrancewalk.ca\/fr\/wp-json\/wp\/v2\/pages\/151","targetHints":{"allow":["GET"]}}],"collection":[{"href":"https:\/\/remembrancewalk.ca\/fr\/wp-json\/wp\/v2\/pages"}],"about":[{"href":"https:\/\/remembrancewalk.ca\/fr\/wp-json\/wp\/v2\/types\/page"}],"author":[{"embeddable":true,"href":"https:\/\/remembrancewalk.ca\/fr\/wp-json\/wp\/v2\/users\/30979"}],"replies":[{"embeddable":true,"href":"https:\/\/remembrancewalk.ca\/fr\/wp-json\/wp\/v2\/comments?post=151"}],"version-history":[{"count":5,"href":"https:\/\/remembrancewalk.ca\/fr\/wp-json\/wp\/v2\/pages\/151\/revisions"}],"predecessor-version":[{"id":4873,"href":"https:\/\/remembrancewalk.ca\/fr\/wp-json\/wp\/v2\/pages\/151\/revisions\/4873"}],"wp:attachment":[{"href":"https:\/\/remembrancewalk.ca\/fr\/wp-json\/wp\/v2\/media?parent=151"}],"curies":[{"name":"wp","href":"https:\/\/api.w.org\/{rel}","templated":true}]}}