{"id":145,"date":"2015-01-14T17:28:29","date_gmt":"2015-01-14T17:28:29","guid":{"rendered":"https:\/\/remembrancewalk.ca\/?page_id=145"},"modified":"2023-06-21T18:50:02","modified_gmt":"2023-06-21T18:50:02","slug":"day-5-walk-from-giarantana-to-vizzini","status":"publish","type":"page","link":"https:\/\/remembrancewalk.ca\/fr\/day-5-walk-from-giarantana-to-vizzini\/","title":{"rendered":"Jour 5 : Marche de Giarantana \u00e0 Vizzini"},"content":{"rendered":"<div data-elementor-type=\"wp-page\" data-elementor-id=\"145\" class=\"elementor elementor-145\" data-elementor-post-type=\"page\">\n\t\t\t\t\t\t<section class=\"elementor-section elementor-top-section elementor-element elementor-element-44b1be05 elementor-section-boxed elementor-section-height-default elementor-section-height-default\" data-id=\"44b1be05\" data-element_type=\"section\" data-e-type=\"section\">\n\t\t\t\t\t\t<div class=\"elementor-container elementor-column-gap-default\">\n\t\t\t\t\t<div class=\"elementor-column elementor-col-100 elementor-top-column elementor-element elementor-element-1a145f47\" data-id=\"1a145f47\" data-element_type=\"column\" data-e-type=\"column\">\n\t\t\t<div class=\"elementor-widget-wrap elementor-element-populated\">\n\t\t\t\t\t\t<div class=\"elementor-element elementor-element-18c67d7d elementor-widget elementor-widget-text-editor\" data-id=\"18c67d7d\" data-element_type=\"widget\" data-e-type=\"widget\" data-widget_type=\"text-editor.default\">\n\t\t\t\t<div class=\"elementor-widget-container\">\n\t\t\t\t\t\t\t\t\t<p><iframe style=\"border: 0;\" src=\"https:\/\/www.google.com\/maps\/embed?pb=!1m28!1m11!1m3!1d45831.782398290685!2d14.788761208152911!3d37.06815028552731!2m2!1f0!2f0!3m2!1i1024!2i768!4f13.1!4m14!1i0!3e2!4m5!1s0x1311762a31691fb5%3A0x70363846a7d96213!2sPiazza+Vittorio+Veneto%2C+3%2C+97010+Giarratana+RG%2C+Italy!3m2!1d37.047792799999996!2d14.7939221!4m5!1s0x13117165110e82b7%3A0xccd4aa842adcea22!2sViale+Margherita%2C+Vizzini+CT%2C+Italy!3m2!1d37.1632804!2d14.761840699999999!5e1!3m2!1sen!2s!4v1425676306074\" width=\"600\" height=\"450\" frameborder=\"0\"><\/iframe><\/p><p>\u00a0<\/p><p><strong>Temps de marche : <\/strong>3 heures 53 minutes<\/p><p><strong>Distance totale : <\/strong>18.1 Kilom\u00e8tres<\/p><ul><li>Prendre la direction ouest sur Via XX Seetembre vers Corso Umberto I\/SS194 - 74 m<\/li><li>Continuer sur Strada Statale 194\/SS194 - 2,4 km<\/li><li>Tourner \u00e0 gauche sur Strada Provinciale 62\/SP62 (panneaux vers Chiaramonte\/Ragusa) - 300 m<\/li><li>Tourner \u00e0 droite - 2,3 km<\/li><li>Tourner \u00e0 gauche - 3,2 km<\/li><li>Tourner \u00e0 droite sur Strada Provinciale 99\/SP99 - 96 m<\/li><li>Tourner \u00e0 gauche sur Strada Statale 194\/SS194 - 2,0 km<\/li><li>Tourner l\u00e9g\u00e8rement \u00e0 gauche pour rester sur Strada Statale 194\/SS194 - 5,8 km<\/li><li>Tourner \u00e0 droite - 33 m<\/li><li>Tourner \u00e0 droite - 1,1 km<\/li><li>Tourner l\u00e9g\u00e8rement \u00e0 droite sur Piazza Mons. Giuseppe Lo Giudice - 27 m<\/li><li>Tourner \u00e0 gauche pour rester sur Piazza Mons. Giuseppe Lo Giudice - 28 m<\/li><li>Au rond-point, prendre la 3e sortie sur Via Giuseppe La Pira - 130 m<\/li><li>Continue onto Via Sandro Pertini \u2013 30 m<\/li><li>Tourner \u00e0 gauche pour rester sur Via Sandro Pertini - 120 m<\/li><li>Tourner \u00e0 droite vers Via Martino Guzzardi - 44 m<\/li><li>Tourner \u00e0 droite sur Via Martino Guzzardi - 240 m<\/li><li>Tourner \u00e0 droite sur Viale Regina Margherita - 55 m<\/li><li>Au rond-point, prendre la 1\u00e8re sortie sur Piazza Giacomo Vaccari - 16 m<\/li><li>Tourner \u00e0 droite sur Viale Margherita - 33 m<\/li><li>Tourner l\u00e9g\u00e8rement \u00e0 gauche pour rester sur Viale Margherita - 25 m<\/li><\/ul><h4>Viale Margherita<\/h4><h4>Vizzini CT, Italy<\/h4>\t\t\t\t\t\t\t\t<\/div>\n\t\t\t\t<\/div>\n\t\t\t\t<div class=\"elementor-element elementor-element-6f534dc elementor-align-center elementor-widget elementor-widget-button\" data-id=\"6f534dc\" data-element_type=\"widget\" data-e-type=\"widget\" data-widget_type=\"button.default\">\n\t\t\t\t<div class=\"elementor-widget-container\">\n\t\t\t\t\t\t\t\t\t<div class=\"elementor-button-wrapper\">\n\t\t\t\t\t<a class=\"elementor-button elementor-button-link elementor-size-sm\" href=\"https:\/\/remembrancewalk.ca\/fr\/operation-husky-walk-for-remembrance-peace\/\">\n\t\t\t\t\t\t<span class=\"elementor-button-content-wrapper\">\n\t\t\t\t\t\t\t\t\t<span class=\"elementor-button-text\">Back to Self Guided Tour<\/span>\n\t\t\t\t\t<\/span>\n\t\t\t\t\t<\/a>\n\t\t\t\t<\/div>\n\t\t\t\t\t\t\t\t<\/div>\n\t\t\t\t<\/div>\n\t\t\t\t<section class=\"elementor-section elementor-inner-section elementor-element elementor-element-1926a6e elementor-section-boxed elementor-section-height-default elementor-section-height-default\" data-id=\"1926a6e\" data-element_type=\"section\" data-e-type=\"section\">\n\t\t\t\t\t\t<div class=\"elementor-container elementor-column-gap-default\">\n\t\t\t\t\t<div class=\"elementor-column elementor-col-50 elementor-inner-column elementor-element elementor-element-1dc0700\" data-id=\"1dc0700\" data-element_type=\"column\" data-e-type=\"column\">\n\t\t\t<div class=\"elementor-widget-wrap elementor-element-populated\">\n\t\t\t\t\t\t<div class=\"elementor-element elementor-element-d1c0225 elementor-view-default elementor-widget elementor-widget-icon\" data-id=\"d1c0225\" data-element_type=\"widget\" data-e-type=\"widget\" data-widget_type=\"icon.default\">\n\t\t\t\t<div class=\"elementor-widget-container\">\n\t\t\t\t\t\t\t<div class=\"elementor-icon-wrapper\">\n\t\t\t<a class=\"elementor-icon\" href=\"https:\/\/remembrancewalk.ca\/fr\/day-4-walk-from-ragusa-to-giarratana\/\">\n\t\t\t<i aria-hidden=\"true\" class=\"far fa-arrow-alt-circle-left\"><\/i>\t\t\t<\/a>\n\t\t<\/div>\n\t\t\t\t\t\t<\/div>\n\t\t\t\t<\/div>\n\t\t\t\t\t<\/div>\n\t\t<\/div>\n\t\t\t\t<div class=\"elementor-column elementor-col-50 elementor-inner-column elementor-element elementor-element-1bfe5a2\" data-id=\"1bfe5a2\" data-element_type=\"column\" data-e-type=\"column\">\n\t\t\t<div class=\"elementor-widget-wrap elementor-element-populated\">\n\t\t\t\t\t\t<div class=\"elementor-element elementor-element-ed31cab elementor-view-default elementor-widget elementor-widget-icon\" data-id=\"ed31cab\" data-element_type=\"widget\" data-e-type=\"widget\" data-widget_type=\"icon.default\">\n\t\t\t\t<div class=\"elementor-widget-container\">\n\t\t\t\t\t\t\t<div class=\"elementor-icon-wrapper\">\n\t\t\t<a class=\"elementor-icon\" href=\"https:\/\/remembrancewalk.ca\/fr\/day-6-walk-from-vizzini-to-grammichele\/\">\n\t\t\t<i aria-hidden=\"true\" class=\"far fa-arrow-alt-circle-right\"><\/i>\t\t\t<\/a>\n\t\t<\/div>\n\t\t\t\t\t\t<\/div>\n\t\t\t\t<\/div>\n\t\t\t\t\t<\/div>\n\t\t<\/div>\n\t\t\t\t\t<\/div>\n\t\t<\/section>\n\t\t\t\t\t<\/div>\n\t\t<\/div>\n\t\t\t\t\t<\/div>\n\t\t<\/section>\n\t\t\t\t<\/div>","protected":false},"excerpt":{"rendered":"<p>\u00a0 Walking time: 3\u00a0hours 53 minutes Total Distance: 18.1 Kilometers Head west on Via XX Seetembre toward Corso Umberto I\/SS194 &#8211; 74 m Continue onto Strada Statale 194\/SS194 &#8211; 2.4 km Turn left onto Strada Provinciale 62\/SP62 (signs forChiaramonte\/Ragusa) &#8211; 300 m Turn right &#8211; 2.3 km Turn left &#8211; 3.2 km Turn right onto [&hellip;]<\/p>\n","protected":false},"author":30979,"featured_media":0,"parent":0,"menu_order":0,"comment_status":"closed","ping_status":"closed","template":"","meta":{"footnotes":""},"class_list":["post-145","page","type-page","status-publish","hentry"],"_links":{"self":[{"href":"https:\/\/remembrancewalk.ca\/fr\/wp-json\/wp\/v2\/pages\/145","targetHints":{"allow":["GET"]}}],"collection":[{"href":"https:\/\/remembrancewalk.ca\/fr\/wp-json\/wp\/v2\/pages"}],"about":[{"href":"https:\/\/remembrancewalk.ca\/fr\/wp-json\/wp\/v2\/types\/page"}],"author":[{"embeddable":true,"href":"https:\/\/remembrancewalk.ca\/fr\/wp-json\/wp\/v2\/users\/30979"}],"replies":[{"embeddable":true,"href":"https:\/\/remembrancewalk.ca\/fr\/wp-json\/wp\/v2\/comments?post=145"}],"version-history":[{"count":5,"href":"https:\/\/remembrancewalk.ca\/fr\/wp-json\/wp\/v2\/pages\/145\/revisions"}],"predecessor-version":[{"id":4861,"href":"https:\/\/remembrancewalk.ca\/fr\/wp-json\/wp\/v2\/pages\/145\/revisions\/4861"}],"wp:attachment":[{"href":"https:\/\/remembrancewalk.ca\/fr\/wp-json\/wp\/v2\/media?parent=145"}],"curies":[{"name":"wp","href":"https:\/\/api.w.org\/{rel}","templated":true}]}}