{"id":136,"date":"2015-01-14T17:18:01","date_gmt":"2015-01-14T17:18:01","guid":{"rendered":"https:\/\/remembrancewalk.ca\/?page_id=136"},"modified":"2023-06-21T17:35:49","modified_gmt":"2023-06-21T17:35:49","slug":"day-3-walk-from-modica-to-ragusa","status":"publish","type":"page","link":"https:\/\/remembrancewalk.ca\/fr\/day-3-walk-from-modica-to-ragusa\/","title":{"rendered":"Jour 3 : Marche de Modica \u00e0 Ragusa"},"content":{"rendered":"<div data-elementor-type=\"wp-page\" data-elementor-id=\"136\" class=\"elementor elementor-136\" data-elementor-post-type=\"page\">\n\t\t\t\t\t\t<section class=\"elementor-section elementor-top-section elementor-element elementor-element-ae27569 elementor-section-boxed elementor-section-height-default elementor-section-height-default\" data-id=\"ae27569\" data-element_type=\"section\" data-e-type=\"section\">\n\t\t\t\t\t\t<div class=\"elementor-container elementor-column-gap-default\">\n\t\t\t\t\t<div class=\"elementor-column elementor-col-100 elementor-top-column elementor-element elementor-element-18f6bd9d\" data-id=\"18f6bd9d\" data-element_type=\"column\" data-e-type=\"column\">\n\t\t\t<div class=\"elementor-widget-wrap elementor-element-populated\">\n\t\t\t\t\t\t<div class=\"elementor-element elementor-element-c384acd elementor-widget elementor-widget-text-editor\" data-id=\"c384acd\" data-element_type=\"widget\" data-e-type=\"widget\" data-widget_type=\"text-editor.default\">\n\t\t\t\t<div class=\"elementor-widget-container\">\n\t\t\t\t\t\t\t\t\t<h1>\u00a0<\/h1><p><iframe style=\"border: 0;\" src=\"https:\/\/www.google.com\/maps\/embed?pb=!1m28!1m12!1m3!1d34460.12596542997!2d14.750217411066403!3d36.87494725003893!2m3!1f0!2f0!3f0!3m2!1i1024!2i768!4f13.1!4m13!1i0!3e2!4m5!1s0x131190c835c3e25d%3A0x2458aafdcbfc31dc!2sPiazza+Principe+di+Napoli%2C+Modica+RG%2C+Italy!3m2!1d36.8593201!2d14.7612381!4m4!2s36.925071%2C14.72928!3m2!1d36.925070999999996!2d14.72928!5e1!3m2!1sen!2s!4v1425665597063\" width=\"600\" height=\"450\" frameborder=\"0\"><\/iframe><\/p><p>\u00a0<\/p><p><strong>Temps de marche : <\/strong>2 heures 58 minutes<\/p><p><strong>Distance totale : <\/strong>13.1 Kilom\u00e8tres<\/p><ul><li>Prendre la direction sud-ouest sur Piazza Principe di Napoli - 37 m<\/li><li>Prendre la direction sud-ouest sur Piazza Principe di Napoli - 37 m<\/li><li>Tourner \u00e0 gauche sur Str. Campailla - 240 m<\/li><li>Tourner \u00e0 gauche sur Via Leni - 26 m<\/li><li>Tourner \u00e0 gauche pour rester sur Via Leni - 18 m<\/li><li>Tourner \u00e0 droite sur Via Cartellone - 9 m<\/li><li>Tourner \u00e0 gauche pour rester sur Via Cartellone - 34 m<\/li><li>Tourner \u00e0 droite sur Via Rosso - 110 m<\/li><li>Tourner \u00e0 gauche sur Via Exaudinus - 17 m<\/li><li>Tourner \u00e0 droite pour rester sur Via Exaudinus - 150 m<\/li><li>Tourner \u00e0 droite sur Via S. Benedetto da Norcia - 500 m<\/li><li>Au rond-point, prendre la 1\u00e8re sortie et continuer sur Via S. Benedetto da Norcia - 450 m<\/li><li>Tourner l\u00e9g\u00e8rement \u00e0 droite sur Via Modica Ragusa - 450 m<\/li><li>Au rond-point, prendre la 4e sortie sur Strada Statale 115\/SS115<\/li><\/ul><h6><strong>Continuer \u00e0 suivre SS115<\/strong><\/h6><p>9,9 km<\/p><ul><li>Tourner \u00e0 droite sur Via Avvocato Giovanni Ottaviano - 350 m<\/li><li>Tourner \u00e0 gauche sur Via Giuseppe Giusti - 71 m<\/li><li>Tourner l\u00e9g\u00e8rement \u00e0 droite sur Via Canale - 56 m<\/li><li>Tourner \u00e0 droite sur Discesa Canale - 50 m<\/li><li>Tourner \u00e0 gauche sur Via Velardo - 83 m<\/li><li>Via Velardo tourne l\u00e9g\u00e8rement \u00e0 gauche et devient Scalinata Padre A. Togni.<\/li><\/ul><p><strong>Prendre l'escalier<\/strong><\/p><p>210 m<\/p><ul><li>Tourner \u00e0 droite sur Piazza Carmine - 22 m<\/li><li>Tourner \u00e0 gauche sur Corso Vittorio Veneto - 350 m<\/li><\/ul><h4>Piazza San Giovanni, 23<\/h4><h4>97100 Ragusa RG, Italy<\/h4>\t\t\t\t\t\t\t\t<\/div>\n\t\t\t\t<\/div>\n\t\t\t\t\t<\/div>\n\t\t<\/div>\n\t\t\t\t\t<\/div>\n\t\t<\/section>\n\t\t\t\t<section class=\"elementor-section elementor-top-section elementor-element elementor-element-35b90fa elementor-section-boxed elementor-section-height-default elementor-section-height-default\" data-id=\"35b90fa\" data-element_type=\"section\" data-e-type=\"section\">\n\t\t\t\t\t\t<div class=\"elementor-container elementor-column-gap-default\">\n\t\t\t\t\t<div class=\"elementor-column elementor-col-100 elementor-top-column elementor-element elementor-element-00f6eb2\" data-id=\"00f6eb2\" data-element_type=\"column\" data-e-type=\"column\">\n\t\t\t<div class=\"elementor-widget-wrap elementor-element-populated\">\n\t\t\t\t\t\t<div class=\"elementor-element elementor-element-ab1fb07 elementor-align-center elementor-widget elementor-widget-button\" data-id=\"ab1fb07\" data-element_type=\"widget\" data-e-type=\"widget\" data-widget_type=\"button.default\">\n\t\t\t\t<div class=\"elementor-widget-container\">\n\t\t\t\t\t\t\t\t\t<div class=\"elementor-button-wrapper\">\n\t\t\t\t\t<a class=\"elementor-button elementor-button-link elementor-size-sm\" href=\"https:\/\/remembrancewalk.ca\/fr\/operation-husky-walk-for-remembrance-peace\/\">\n\t\t\t\t\t\t<span class=\"elementor-button-content-wrapper\">\n\t\t\t\t\t\t\t\t\t<span class=\"elementor-button-text\">Back to Self Guided Tour<\/span>\n\t\t\t\t\t<\/span>\n\t\t\t\t\t<\/a>\n\t\t\t\t<\/div>\n\t\t\t\t\t\t\t\t<\/div>\n\t\t\t\t<\/div>\n\t\t\t\t<section class=\"elementor-section elementor-inner-section elementor-element elementor-element-dcab164 elementor-section-boxed elementor-section-height-default elementor-section-height-default\" data-id=\"dcab164\" data-element_type=\"section\" data-e-type=\"section\">\n\t\t\t\t\t\t<div class=\"elementor-container elementor-column-gap-default\">\n\t\t\t\t\t<div class=\"elementor-column elementor-col-50 elementor-inner-column elementor-element elementor-element-b777992\" data-id=\"b777992\" data-element_type=\"column\" data-e-type=\"column\">\n\t\t\t<div class=\"elementor-widget-wrap elementor-element-populated\">\n\t\t\t\t\t\t<div class=\"elementor-element elementor-element-268b638 elementor-view-default elementor-widget elementor-widget-icon\" data-id=\"268b638\" data-element_type=\"widget\" data-e-type=\"widget\" data-widget_type=\"icon.default\">\n\t\t\t\t<div class=\"elementor-widget-container\">\n\t\t\t\t\t\t\t<div class=\"elementor-icon-wrapper\">\n\t\t\t<a class=\"elementor-icon\" href=\"https:\/\/remembrancewalk.ca\/fr\/day-2-walk-from-ispica-to-modica\/\">\n\t\t\t<i aria-hidden=\"true\" class=\"far fa-arrow-alt-circle-left\"><\/i>\t\t\t<\/a>\n\t\t<\/div>\n\t\t\t\t\t\t<\/div>\n\t\t\t\t<\/div>\n\t\t\t\t\t<\/div>\n\t\t<\/div>\n\t\t\t\t<div class=\"elementor-column elementor-col-50 elementor-inner-column elementor-element elementor-element-850d203\" data-id=\"850d203\" data-element_type=\"column\" data-e-type=\"column\">\n\t\t\t<div class=\"elementor-widget-wrap elementor-element-populated\">\n\t\t\t\t\t\t<div class=\"elementor-element elementor-element-b942e6b elementor-view-default elementor-widget elementor-widget-icon\" data-id=\"b942e6b\" data-element_type=\"widget\" data-e-type=\"widget\" data-widget_type=\"icon.default\">\n\t\t\t\t<div class=\"elementor-widget-container\">\n\t\t\t\t\t\t\t<div class=\"elementor-icon-wrapper\">\n\t\t\t<a class=\"elementor-icon\" href=\"https:\/\/remembrancewalk.ca\/fr\/day-4-walk-from-ragusa-to-giarratana\/\">\n\t\t\t<i aria-hidden=\"true\" class=\"far fa-arrow-alt-circle-right\"><\/i>\t\t\t<\/a>\n\t\t<\/div>\n\t\t\t\t\t\t<\/div>\n\t\t\t\t<\/div>\n\t\t\t\t\t<\/div>\n\t\t<\/div>\n\t\t\t\t\t<\/div>\n\t\t<\/section>\n\t\t\t\t\t<\/div>\n\t\t<\/div>\n\t\t\t\t\t<\/div>\n\t\t<\/section>\n\t\t\t\t<\/div>","protected":false},"excerpt":{"rendered":"<p>\u00a0 \u00a0 Walking time: 2\u00a0hours 58 minutes Total Distance: 13.1\u00a0Kilometers Head southwest on Piazza Principe di Napoli &#8211; 37 m At the roundabout, take the 1st exit onto Corso Umberto I &#8211; 43 m Turn left onto Str. Campailla &#8211; 240 m Turn left onto Via Leni &#8211; 26 m Turn left to stay on [&hellip;]<\/p>\n","protected":false},"author":30979,"featured_media":0,"parent":0,"menu_order":0,"comment_status":"closed","ping_status":"closed","template":"","meta":{"footnotes":""},"class_list":["post-136","page","type-page","status-publish","hentry"],"_links":{"self":[{"href":"https:\/\/remembrancewalk.ca\/fr\/wp-json\/wp\/v2\/pages\/136","targetHints":{"allow":["GET"]}}],"collection":[{"href":"https:\/\/remembrancewalk.ca\/fr\/wp-json\/wp\/v2\/pages"}],"about":[{"href":"https:\/\/remembrancewalk.ca\/fr\/wp-json\/wp\/v2\/types\/page"}],"author":[{"embeddable":true,"href":"https:\/\/remembrancewalk.ca\/fr\/wp-json\/wp\/v2\/users\/30979"}],"replies":[{"embeddable":true,"href":"https:\/\/remembrancewalk.ca\/fr\/wp-json\/wp\/v2\/comments?post=136"}],"version-history":[{"count":5,"href":"https:\/\/remembrancewalk.ca\/fr\/wp-json\/wp\/v2\/pages\/136\/revisions"}],"predecessor-version":[{"id":4849,"href":"https:\/\/remembrancewalk.ca\/fr\/wp-json\/wp\/v2\/pages\/136\/revisions\/4849"}],"wp:attachment":[{"href":"https:\/\/remembrancewalk.ca\/fr\/wp-json\/wp\/v2\/media?parent=136"}],"curies":[{"name":"wp","href":"https:\/\/api.w.org\/{rel}","templated":true}]}}