{"id":133,"date":"2015-01-14T17:17:21","date_gmt":"2015-01-14T17:17:21","guid":{"rendered":"https:\/\/remembrancewalk.ca\/?page_id=133"},"modified":"2023-06-21T17:40:27","modified_gmt":"2023-06-21T17:40:27","slug":"day-2-walk-from-ispica-to-modica","status":"publish","type":"page","link":"https:\/\/remembrancewalk.ca\/fr\/day-2-walk-from-ispica-to-modica\/","title":{"rendered":"Jour 2 : Marche d'Ispica \u00e0 Modica"},"content":{"rendered":"<div data-elementor-type=\"wp-page\" data-elementor-id=\"133\" class=\"elementor elementor-133\" data-elementor-post-type=\"page\">\n\t\t\t\t\t\t<section class=\"elementor-section elementor-top-section elementor-element elementor-element-635f2cf2 elementor-section-boxed elementor-section-height-default elementor-section-height-default\" data-id=\"635f2cf2\" data-element_type=\"section\" data-e-type=\"section\">\n\t\t\t\t\t\t<div class=\"elementor-container elementor-column-gap-default\">\n\t\t\t\t\t<div class=\"elementor-column elementor-col-100 elementor-top-column elementor-element elementor-element-7f6cc2de\" data-id=\"7f6cc2de\" data-element_type=\"column\" data-e-type=\"column\">\n\t\t\t<div class=\"elementor-widget-wrap elementor-element-populated\">\n\t\t\t\t\t\t<div class=\"elementor-element elementor-element-7bb54863 elementor-widget elementor-widget-text-editor\" data-id=\"7bb54863\" data-element_type=\"widget\" data-e-type=\"widget\" data-widget_type=\"text-editor.default\">\n\t\t\t\t<div class=\"elementor-widget-container\">\n\t\t\t\t\t\t\t\t\t<p><iframe style=\"border: 0;\" src=\"https:\/\/www.google.com\/maps\/embed?pb=!1m28!1m12!1m3!1d85567.87438720521!2d14.758741360240826!3d36.82272920600875!2m3!1f0!2f0!3f0!3m2!1i1024!2i768!4f13.1!4m13!1i0!3e2!4m5!1s0x13118e9b3b5af431%3A0xb4f4ee041cdd9e66!2sCorso+Umberto+I%2C+45%2C+Ispica+RG%2C+Italy!3m2!1d36.7861866!2d14.9048129!4m4!2s36.859066%2C14.760973!3m2!1d36.859066!2d14.760973!5e1!3m2!1sen!2s!4v1425664806273\" width=\"600\" height=\"450\" frameborder=\"0\"><\/iframe> \u00a0<\/p><p><strong>Temps de marche : <\/strong>3 heures 37 minutes<\/p><p><strong>Distance totale : <\/strong>16,9 kilom\u00e8tres<\/p><ul><li>Prendre la direction ouest sur Corso Umberto I vers Via dei Patrioti - 130 m<\/li><li>Tourner l\u00e9g\u00e8rement \u00e0 droite sur SS115 - 1,0 km<\/li><li>Tourner l\u00e9g\u00e8rement \u00e0 droite pour rester sur SS115 - 7,5 km<\/li><li>Tourner \u00e0 droite pour rester sur SS115 - 4,5 km<\/li><li>Tourner \u00e0 droite sur la E45 - 64 m<\/li><li>Tourner \u00e0 droite sur SS115 - 350 m<\/li><li>Au rond-point, prendre la 1\u00e8re sortie sur Via Risorgimento - 700 m<\/li><li>Au rond-point, prendre la 2e sortie sur Via Trapani Rocciola - 700 m<\/li><li>Tourner \u00e0 droite sur Via S. Giuliano\/SP70 - 6 m<\/li><li>Tourner \u00e0 gauche sur Via Trani - 750 m<\/li><li>Tourner \u00e0 gauche pour rester sur Via Trani - 190 m<\/li><li>Tourner \u00e0 droite pour rester sur Via Trani - 23 m<\/li><li>Tourner \u00e0 gauche sur Via Tirella - 600 m<\/li><li>Au rond-point, prendre la 1\u00e8re sortie sur Corso Umberto I - 350 m<\/li><li>Entrer dans le rond-point - 16 m<\/li><\/ul><h4>Piazza Principe di Napoli, 3<\/h4><h4>Modica RG, Italy<\/h4>\t\t\t\t\t\t\t\t<\/div>\n\t\t\t\t<\/div>\n\t\t\t\t\t<\/div>\n\t\t<\/div>\n\t\t\t\t\t<\/div>\n\t\t<\/section>\n\t\t\t\t<section class=\"elementor-section elementor-top-section elementor-element elementor-element-5e1e28a elementor-section-boxed elementor-section-height-default elementor-section-height-default\" data-id=\"5e1e28a\" data-element_type=\"section\" data-e-type=\"section\">\n\t\t\t\t\t\t<div class=\"elementor-container elementor-column-gap-default\">\n\t\t\t\t\t<div class=\"elementor-column elementor-col-100 elementor-top-column elementor-element elementor-element-313eb35\" data-id=\"313eb35\" data-element_type=\"column\" data-e-type=\"column\">\n\t\t\t<div class=\"elementor-widget-wrap elementor-element-populated\">\n\t\t\t\t\t\t<div class=\"elementor-element elementor-element-6e68afd elementor-align-center elementor-widget elementor-widget-button\" data-id=\"6e68afd\" data-element_type=\"widget\" data-e-type=\"widget\" data-widget_type=\"button.default\">\n\t\t\t\t<div class=\"elementor-widget-container\">\n\t\t\t\t\t\t\t\t\t<div class=\"elementor-button-wrapper\">\n\t\t\t\t\t<a class=\"elementor-button elementor-button-link elementor-size-sm\" href=\"https:\/\/remembrancewalk.ca\/fr\/operation-husky-walk-for-remembrance-peace\/\">\n\t\t\t\t\t\t<span class=\"elementor-button-content-wrapper\">\n\t\t\t\t\t\t\t\t\t<span class=\"elementor-button-text\">Back to Self Guided Tour<\/span>\n\t\t\t\t\t<\/span>\n\t\t\t\t\t<\/a>\n\t\t\t\t<\/div>\n\t\t\t\t\t\t\t\t<\/div>\n\t\t\t\t<\/div>\n\t\t\t\t<section class=\"elementor-section elementor-inner-section elementor-element elementor-element-4e341c8 elementor-section-boxed elementor-section-height-default elementor-section-height-default\" data-id=\"4e341c8\" data-element_type=\"section\" data-e-type=\"section\">\n\t\t\t\t\t\t<div class=\"elementor-container elementor-column-gap-default\">\n\t\t\t\t\t<div class=\"elementor-column elementor-col-50 elementor-inner-column elementor-element elementor-element-ff41530\" data-id=\"ff41530\" data-element_type=\"column\" data-e-type=\"column\">\n\t\t\t<div class=\"elementor-widget-wrap elementor-element-populated\">\n\t\t\t\t\t\t<div class=\"elementor-element elementor-element-961d5bd elementor-view-default elementor-widget elementor-widget-icon\" data-id=\"961d5bd\" data-element_type=\"widget\" data-e-type=\"widget\" data-widget_type=\"icon.default\">\n\t\t\t\t<div class=\"elementor-widget-container\">\n\t\t\t\t\t\t\t<div class=\"elementor-icon-wrapper\">\n\t\t\t<a class=\"elementor-icon\" href=\"https:\/\/remembrancewalk.ca\/fr\/walk-from-the-beach-to-ispica\/\">\n\t\t\t<i aria-hidden=\"true\" class=\"far fa-arrow-alt-circle-left\"><\/i>\t\t\t<\/a>\n\t\t<\/div>\n\t\t\t\t\t\t<\/div>\n\t\t\t\t<\/div>\n\t\t\t\t\t<\/div>\n\t\t<\/div>\n\t\t\t\t<div class=\"elementor-column elementor-col-50 elementor-inner-column elementor-element elementor-element-2394028\" data-id=\"2394028\" data-element_type=\"column\" data-e-type=\"column\">\n\t\t\t<div class=\"elementor-widget-wrap elementor-element-populated\">\n\t\t\t\t\t\t<div class=\"elementor-element elementor-element-3efe875 elementor-view-default elementor-widget elementor-widget-icon\" data-id=\"3efe875\" data-element_type=\"widget\" data-e-type=\"widget\" data-widget_type=\"icon.default\">\n\t\t\t\t<div class=\"elementor-widget-container\">\n\t\t\t\t\t\t\t<div class=\"elementor-icon-wrapper\">\n\t\t\t<a class=\"elementor-icon\" href=\"https:\/\/remembrancewalk.ca\/fr\/day-3-walk-from-modica-to-ragusa\/\">\n\t\t\t<i aria-hidden=\"true\" class=\"far fa-arrow-alt-circle-right\"><\/i>\t\t\t<\/a>\n\t\t<\/div>\n\t\t\t\t\t\t<\/div>\n\t\t\t\t<\/div>\n\t\t\t\t\t<\/div>\n\t\t<\/div>\n\t\t\t\t\t<\/div>\n\t\t<\/section>\n\t\t\t\t\t<\/div>\n\t\t<\/div>\n\t\t\t\t\t<\/div>\n\t\t<\/section>\n\t\t\t\t<\/div>","protected":false},"excerpt":{"rendered":"<p>\u00a0 Walking time: 3\u00a0hours 37 minutes Total Distance: 16.9\u00a0Kilometers Head west on Corso Umberto I toward Via dei Patrioti &#8211; 130 m Slight right onto SS115 &#8211; 1.0 km Slight right to stay on SS115 &#8211; 7.5 km Turn right to stay on SS115 &#8211; 4.5 km Turn right onto E45 &#8211; 64 m Turn [&hellip;]<\/p>\n","protected":false},"author":30979,"featured_media":0,"parent":0,"menu_order":0,"comment_status":"closed","ping_status":"closed","template":"","meta":{"footnotes":""},"class_list":["post-133","page","type-page","status-publish","hentry"],"_links":{"self":[{"href":"https:\/\/remembrancewalk.ca\/fr\/wp-json\/wp\/v2\/pages\/133","targetHints":{"allow":["GET"]}}],"collection":[{"href":"https:\/\/remembrancewalk.ca\/fr\/wp-json\/wp\/v2\/pages"}],"about":[{"href":"https:\/\/remembrancewalk.ca\/fr\/wp-json\/wp\/v2\/types\/page"}],"author":[{"embeddable":true,"href":"https:\/\/remembrancewalk.ca\/fr\/wp-json\/wp\/v2\/users\/30979"}],"replies":[{"embeddable":true,"href":"https:\/\/remembrancewalk.ca\/fr\/wp-json\/wp\/v2\/comments?post=133"}],"version-history":[{"count":5,"href":"https:\/\/remembrancewalk.ca\/fr\/wp-json\/wp\/v2\/pages\/133\/revisions"}],"predecessor-version":[{"id":4855,"href":"https:\/\/remembrancewalk.ca\/fr\/wp-json\/wp\/v2\/pages\/133\/revisions\/4855"}],"wp:attachment":[{"href":"https:\/\/remembrancewalk.ca\/fr\/wp-json\/wp\/v2\/media?parent=133"}],"curies":[{"name":"wp","href":"https:\/\/api.w.org\/{rel}","templated":true}]}}